{"id":10606,"date":"2021-12-09T11:15:40","date_gmt":"2021-12-09T11:15:40","guid":{"rendered":"https:\/\/castelhano-ferreira.pt\/?page_id=10606"},"modified":"2021-12-09T11:18:12","modified_gmt":"2021-12-09T11:18:12","slug":"melamines-and-veneers","status":"publish","type":"page","link":"https:\/\/castelhano-ferreira.pt\/index.php\/en\/melamines-and-veneers\/","title":{"rendered":"Melamines and Veneers"},"content":{"rendered":"\t\t<div data-elementor-type=\"wp-page\" data-elementor-id=\"10606\" class=\"elementor elementor-10606\" data-elementor-settings=\"[]\">\n\t\t\t\t\t\t<div class=\"elementor-inner\">\n\t\t\t\t\t\t\t<div class=\"elementor-section-wrap\">\n\t\t\t\t\t\t\t<section class=\"elementor-section elementor-top-section elementor-element elementor-element-533a36b elementor-section-height-min-height elementor-section-boxed elementor-section-height-default elementor-section-items-middle\" data-id=\"533a36b\" data-element_type=\"section\" data-settings=\"{&quot;background_background&quot;:&quot;classic&quot;}\">\n\t\t\t\t\t\t<div class=\"elementor-container elementor-column-gap-default\">\n\t\t\t\t\t\t\t<div class=\"elementor-row\">\n\t\t\t\t\t<div class=\"elementor-column elementor-col-100 elementor-top-column elementor-element elementor-element-17d3e4c5\" data-id=\"17d3e4c5\" data-element_type=\"column\">\n\t\t\t<div class=\"elementor-column-wrap elementor-element-populated\">\n\t\t\t\t\t\t\t<div class=\"elementor-widget-wrap\">\n\t\t\t\t\t\t<div class=\"elementor-element elementor-element-217d90fb elementor-widget elementor-widget-heading\" data-id=\"217d90fb\" data-element_type=\"widget\" data-widget_type=\"heading.default\">\n\t\t\t\t<div class=\"elementor-widget-container\">\n\t\t\t<h2 class=\"elementor-heading-title elementor-size-default\">FINISHINGS<\/h2>\t\t<\/div>\n\t\t\t\t<\/div>\n\t\t\t\t<div class=\"elementor-element elementor-element-37e8ee1c elementor-widget-divider--view-line elementor-widget elementor-widget-divider\" data-id=\"37e8ee1c\" data-element_type=\"widget\" data-widget_type=\"divider.default\">\n\t\t\t\t<div class=\"elementor-widget-container\">\n\t\t\t\t\t<div class=\"elementor-divider\">\n\t\t\t<span class=\"elementor-divider-separator\">\n\t\t\t\t\t\t<\/span>\n\t\t<\/div>\n\t\t\t\t<\/div>\n\t\t\t\t<\/div>\n\t\t\t\t<div class=\"elementor-element elementor-element-5b4e1ae2 elementor-widget elementor-widget-heading\" data-id=\"5b4e1ae2\" data-element_type=\"widget\" data-widget_type=\"heading.default\">\n\t\t\t\t<div class=\"elementor-widget-container\">\n\t\t\t<h2 class=\"elementor-heading-title elementor-size-default\">Veneers<\/h2>\t\t<\/div>\n\t\t\t\t<\/div>\n\t\t\t\t<div class=\"elementor-element elementor-element-31c11fba gallery-spacing-custom elementor-widget elementor-widget-image-gallery\" data-id=\"31c11fba\" data-element_type=\"widget\" data-widget_type=\"image-gallery.default\">\n\t\t\t\t<div class=\"elementor-widget-container\">\n\t\t\t\t\t<div class=\"elementor-image-gallery\">\n\t\t\t<div id='gallery-1' class='gallery galleryid-10606 gallery-columns-7 gallery-size-thumbnail'><figure class='gallery-item'>\n\t\t\t<div class='gallery-icon landscape'>\n\t\t\t\t<img width=\"150\" height=\"150\" src=\"https:\/\/castelhano-ferreira.pt\/wp-content\/uploads\/2021\/12\/Beech-1-150x150.jpg\" class=\"attachment-thumbnail size-thumbnail\" alt=\"\" loading=\"lazy\" aria-describedby=\"gallery-1-10587\" srcset=\"https:\/\/castelhano-ferreira.pt\/wp-content\/uploads\/2021\/12\/Beech-1-150x150.jpg 150w, https:\/\/castelhano-ferreira.pt\/wp-content\/uploads\/2021\/12\/Beech-1-300x300.jpg 300w, https:\/\/castelhano-ferreira.pt\/wp-content\/uploads\/2021\/12\/Beech-1-450x450.jpg 450w, https:\/\/castelhano-ferreira.pt\/wp-content\/uploads\/2021\/12\/Beech-1-100x100.jpg 100w, https:\/\/castelhano-ferreira.pt\/wp-content\/uploads\/2021\/12\/Beech-1.jpg 600w\" sizes=\"(max-width: 150px) 100vw, 150px\" \/>\n\t\t\t<\/div>\n\t\t\t\t<figcaption class='wp-caption-text gallery-caption' id='gallery-1-10587'>\n\t\t\t\tBeech\n\t\t\t\t<\/figcaption><\/figure><figure class='gallery-item'>\n\t\t\t<div class='gallery-icon portrait'>\n\t\t\t\t<img width=\"150\" height=\"150\" src=\"https:\/\/castelhano-ferreira.pt\/wp-content\/uploads\/2021\/12\/Birch-150x150.jpg\" class=\"attachment-thumbnail size-thumbnail\" alt=\"\" loading=\"lazy\" aria-describedby=\"gallery-1-10518\" srcset=\"https:\/\/castelhano-ferreira.pt\/wp-content\/uploads\/2021\/12\/Birch-150x150.jpg 150w, https:\/\/castelhano-ferreira.pt\/wp-content\/uploads\/2021\/12\/Birch-450x450.jpg 450w, https:\/\/castelhano-ferreira.pt\/wp-content\/uploads\/2021\/12\/Birch-100x100.jpg 100w\" sizes=\"(max-width: 150px) 100vw, 150px\" \/>\n\t\t\t<\/div>\n\t\t\t\t<figcaption class='wp-caption-text gallery-caption' id='gallery-1-10518'>\n\t\t\t\tBirch\n\t\t\t\t<\/figcaption><\/figure><figure class='gallery-item'>\n\t\t\t<div class='gallery-icon landscape'>\n\t\t\t\t<img width=\"150\" height=\"150\" src=\"https:\/\/castelhano-ferreira.pt\/wp-content\/uploads\/2021\/12\/Maple-2-150x150.jpg\" class=\"attachment-thumbnail size-thumbnail\" alt=\"\" loading=\"lazy\" aria-describedby=\"gallery-1-10592\" srcset=\"https:\/\/castelhano-ferreira.pt\/wp-content\/uploads\/2021\/12\/Maple-2-150x150.jpg 150w, https:\/\/castelhano-ferreira.pt\/wp-content\/uploads\/2021\/12\/Maple-2-100x100.jpg 100w\" sizes=\"(max-width: 150px) 100vw, 150px\" \/>\n\t\t\t<\/div>\n\t\t\t\t<figcaption class='wp-caption-text gallery-caption' id='gallery-1-10592'>\n\t\t\t\tMaple\n\t\t\t\t<\/figcaption><\/figure><figure class='gallery-item'>\n\t\t\t<div class='gallery-icon portrait'>\n\t\t\t\t<img width=\"150\" height=\"150\" src=\"https:\/\/castelhano-ferreira.pt\/wp-content\/uploads\/2021\/12\/Ash-1-150x150.jpg\" class=\"attachment-thumbnail size-thumbnail\" alt=\"\" loading=\"lazy\" aria-describedby=\"gallery-1-10586\" srcset=\"https:\/\/castelhano-ferreira.pt\/wp-content\/uploads\/2021\/12\/Ash-1-150x150.jpg 150w, https:\/\/castelhano-ferreira.pt\/wp-content\/uploads\/2021\/12\/Ash-1-450x450.jpg 450w, https:\/\/castelhano-ferreira.pt\/wp-content\/uploads\/2021\/12\/Ash-1-100x100.jpg 100w\" sizes=\"(max-width: 150px) 100vw, 150px\" \/>\n\t\t\t<\/div>\n\t\t\t\t<figcaption class='wp-caption-text gallery-caption' id='gallery-1-10586'>\n\t\t\t\tAsh\n\t\t\t\t<\/figcaption><\/figure><figure class='gallery-item'>\n\t\t\t<div class='gallery-icon landscape'>\n\t\t\t\t<img width=\"150\" height=\"150\" src=\"https:\/\/castelhano-ferreira.pt\/wp-content\/uploads\/2021\/12\/Oak-1-150x150.jpg\" class=\"attachment-thumbnail size-thumbnail\" alt=\"\" loading=\"lazy\" aria-describedby=\"gallery-1-10593\" srcset=\"https:\/\/castelhano-ferreira.pt\/wp-content\/uploads\/2021\/12\/Oak-1-150x150.jpg 150w, https:\/\/castelhano-ferreira.pt\/wp-content\/uploads\/2021\/12\/Oak-1-100x100.jpg 100w\" sizes=\"(max-width: 150px) 100vw, 150px\" \/>\n\t\t\t<\/div>\n\t\t\t\t<figcaption class='wp-caption-text gallery-caption' id='gallery-1-10593'>\n\t\t\t\tOak\n\t\t\t\t<\/figcaption><\/figure><figure class='gallery-item'>\n\t\t\t<div class='gallery-icon landscape'>\n\t\t\t\t<img width=\"150\" height=\"150\" src=\"https:\/\/castelhano-ferreira.pt\/wp-content\/uploads\/2021\/12\/Cherry-1-150x150.jpg\" class=\"attachment-thumbnail size-thumbnail\" alt=\"\" loading=\"lazy\" aria-describedby=\"gallery-1-10590\" srcset=\"https:\/\/castelhano-ferreira.pt\/wp-content\/uploads\/2021\/12\/Cherry-1-150x150.jpg 150w, https:\/\/castelhano-ferreira.pt\/wp-content\/uploads\/2021\/12\/Cherry-1-100x100.jpg 100w\" sizes=\"(max-width: 150px) 100vw, 150px\" \/>\n\t\t\t<\/div>\n\t\t\t\t<figcaption class='wp-caption-text gallery-caption' id='gallery-1-10590'>\n\t\t\t\tCherry\n\t\t\t\t<\/figcaption><\/figure><figure class='gallery-item'>\n\t\t\t<div class='gallery-icon landscape'>\n\t\t\t\t<img width=\"150\" height=\"150\" src=\"https:\/\/castelhano-ferreira.pt\/wp-content\/uploads\/2021\/12\/Walnut-1-150x150.jpg\" class=\"attachment-thumbnail size-thumbnail\" alt=\"\" loading=\"lazy\" aria-describedby=\"gallery-1-10594\" srcset=\"https:\/\/castelhano-ferreira.pt\/wp-content\/uploads\/2021\/12\/Walnut-1-150x150.jpg 150w, https:\/\/castelhano-ferreira.pt\/wp-content\/uploads\/2021\/12\/Walnut-1-100x100.jpg 100w\" sizes=\"(max-width: 150px) 100vw, 150px\" \/>\n\t\t\t<\/div>\n\t\t\t\t<figcaption class='wp-caption-text gallery-caption' id='gallery-1-10594'>\n\t\t\t\tWalnut\n\t\t\t\t<\/figcaption><\/figure>\n\t\t<\/div>\n\t\t<\/div>\n\t\t\t\t<\/div>\n\t\t\t\t<\/div>\n\t\t\t\t\t\t<\/div>\n\t\t\t\t\t<\/div>\n\t\t<\/div>\n\t\t\t\t\t\t\t\t<\/div>\n\t\t\t\t\t<\/div>\n\t\t<\/section>\n\t\t\t\t<section class=\"elementor-section elementor-top-section elementor-element elementor-element-3b71ee91 elementor-section-height-min-height elementor-section-boxed elementor-section-height-default elementor-section-items-middle\" data-id=\"3b71ee91\" data-element_type=\"section\">\n\t\t\t\t\t\t\t<div class=\"elementor-background-overlay\"><\/div>\n\t\t\t\t\t\t\t<div class=\"elementor-container elementor-column-gap-default\">\n\t\t\t\t\t\t\t<div class=\"elementor-row\">\n\t\t\t\t\t<div class=\"elementor-column elementor-col-100 elementor-top-column elementor-element elementor-element-320fa686\" data-id=\"320fa686\" data-element_type=\"column\">\n\t\t\t<div class=\"elementor-column-wrap elementor-element-populated\">\n\t\t\t\t\t\t\t<div class=\"elementor-widget-wrap\">\n\t\t\t\t\t\t<div class=\"elementor-element elementor-element-4c5a80bb elementor-widget elementor-widget-heading\" data-id=\"4c5a80bb\" data-element_type=\"widget\" data-widget_type=\"heading.default\">\n\t\t\t\t<div class=\"elementor-widget-container\">\n\t\t\t<h2 class=\"elementor-heading-title elementor-size-default\">Melamines<\/h2>\t\t<\/div>\n\t\t\t\t<\/div>\n\t\t\t\t<div class=\"elementor-element elementor-element-4e48f0d0 gallery-spacing-custom elementor-widget elementor-widget-image-gallery\" data-id=\"4e48f0d0\" data-element_type=\"widget\" data-widget_type=\"image-gallery.default\">\n\t\t\t\t<div class=\"elementor-widget-container\">\n\t\t\t\t\t<div class=\"elementor-image-gallery\">\n\t\t\t<div id='gallery-2' class='gallery galleryid-10606 gallery-columns-7 gallery-size-thumbnail'><figure class='gallery-item'>\n\t\t\t<div class='gallery-icon landscape'>\n\t\t\t\t<img width=\"150\" height=\"150\" src=\"https:\/\/castelhano-ferreira.pt\/wp-content\/uploads\/2021\/12\/Beech-1-150x150.jpg\" class=\"attachment-thumbnail size-thumbnail\" alt=\"\" loading=\"lazy\" aria-describedby=\"gallery-2-10587\" srcset=\"https:\/\/castelhano-ferreira.pt\/wp-content\/uploads\/2021\/12\/Beech-1-150x150.jpg 150w, https:\/\/castelhano-ferreira.pt\/wp-content\/uploads\/2021\/12\/Beech-1-300x300.jpg 300w, https:\/\/castelhano-ferreira.pt\/wp-content\/uploads\/2021\/12\/Beech-1-450x450.jpg 450w, https:\/\/castelhano-ferreira.pt\/wp-content\/uploads\/2021\/12\/Beech-1-100x100.jpg 100w, https:\/\/castelhano-ferreira.pt\/wp-content\/uploads\/2021\/12\/Beech-1.jpg 600w\" sizes=\"(max-width: 150px) 100vw, 150px\" \/>\n\t\t\t<\/div>\n\t\t\t\t<figcaption class='wp-caption-text gallery-caption' id='gallery-2-10587'>\n\t\t\t\tBeech\n\t\t\t\t<\/figcaption><\/figure><figure class='gallery-item'>\n\t\t\t<div class='gallery-icon portrait'>\n\t\t\t\t<img width=\"150\" height=\"150\" src=\"https:\/\/castelhano-ferreira.pt\/wp-content\/uploads\/2021\/12\/Birch-2-150x150.jpg\" class=\"attachment-thumbnail size-thumbnail\" alt=\"\" loading=\"lazy\" aria-describedby=\"gallery-2-10588\" srcset=\"https:\/\/castelhano-ferreira.pt\/wp-content\/uploads\/2021\/12\/Birch-2-150x150.jpg 150w, https:\/\/castelhano-ferreira.pt\/wp-content\/uploads\/2021\/12\/Birch-2-450x450.jpg 450w, https:\/\/castelhano-ferreira.pt\/wp-content\/uploads\/2021\/12\/Birch-2-100x100.jpg 100w\" sizes=\"(max-width: 150px) 100vw, 150px\" \/>\n\t\t\t<\/div>\n\t\t\t\t<figcaption class='wp-caption-text gallery-caption' id='gallery-2-10588'>\n\t\t\t\tBirch\n\t\t\t\t<\/figcaption><\/figure><figure class='gallery-item'>\n\t\t\t<div class='gallery-icon landscape'>\n\t\t\t\t<img width=\"150\" height=\"150\" src=\"https:\/\/castelhano-ferreira.pt\/wp-content\/uploads\/2021\/12\/Maple-2-150x150.jpg\" class=\"attachment-thumbnail size-thumbnail\" alt=\"\" loading=\"lazy\" aria-describedby=\"gallery-2-10592\" srcset=\"https:\/\/castelhano-ferreira.pt\/wp-content\/uploads\/2021\/12\/Maple-2-150x150.jpg 150w, https:\/\/castelhano-ferreira.pt\/wp-content\/uploads\/2021\/12\/Maple-2-100x100.jpg 100w\" sizes=\"(max-width: 150px) 100vw, 150px\" \/>\n\t\t\t<\/div>\n\t\t\t\t<figcaption class='wp-caption-text gallery-caption' id='gallery-2-10592'>\n\t\t\t\tMaple\n\t\t\t\t<\/figcaption><\/figure><figure class='gallery-item'>\n\t\t\t<div class='gallery-icon portrait'>\n\t\t\t\t<img width=\"150\" height=\"150\" src=\"https:\/\/castelhano-ferreira.pt\/wp-content\/uploads\/2021\/12\/Ash-1-150x150.jpg\" class=\"attachment-thumbnail size-thumbnail\" alt=\"\" loading=\"lazy\" aria-describedby=\"gallery-2-10586\" srcset=\"https:\/\/castelhano-ferreira.pt\/wp-content\/uploads\/2021\/12\/Ash-1-150x150.jpg 150w, https:\/\/castelhano-ferreira.pt\/wp-content\/uploads\/2021\/12\/Ash-1-450x450.jpg 450w, https:\/\/castelhano-ferreira.pt\/wp-content\/uploads\/2021\/12\/Ash-1-100x100.jpg 100w\" sizes=\"(max-width: 150px) 100vw, 150px\" \/>\n\t\t\t<\/div>\n\t\t\t\t<figcaption class='wp-caption-text gallery-caption' id='gallery-2-10586'>\n\t\t\t\tAsh\n\t\t\t\t<\/figcaption><\/figure><figure class='gallery-item'>\n\t\t\t<div class='gallery-icon landscape'>\n\t\t\t\t<img width=\"150\" height=\"150\" src=\"https:\/\/castelhano-ferreira.pt\/wp-content\/uploads\/2021\/12\/Oak-1-150x150.jpg\" class=\"attachment-thumbnail size-thumbnail\" alt=\"\" loading=\"lazy\" aria-describedby=\"gallery-2-10593\" srcset=\"https:\/\/castelhano-ferreira.pt\/wp-content\/uploads\/2021\/12\/Oak-1-150x150.jpg 150w, https:\/\/castelhano-ferreira.pt\/wp-content\/uploads\/2021\/12\/Oak-1-100x100.jpg 100w\" sizes=\"(max-width: 150px) 100vw, 150px\" \/>\n\t\t\t<\/div>\n\t\t\t\t<figcaption class='wp-caption-text gallery-caption' id='gallery-2-10593'>\n\t\t\t\tOak\n\t\t\t\t<\/figcaption><\/figure><figure class='gallery-item'>\n\t\t\t<div class='gallery-icon landscape'>\n\t\t\t\t<img width=\"150\" height=\"150\" src=\"https:\/\/castelhano-ferreira.pt\/wp-content\/uploads\/2021\/12\/Cherry-1-150x150.jpg\" class=\"attachment-thumbnail size-thumbnail\" alt=\"\" loading=\"lazy\" aria-describedby=\"gallery-2-10590\" srcset=\"https:\/\/castelhano-ferreira.pt\/wp-content\/uploads\/2021\/12\/Cherry-1-150x150.jpg 150w, https:\/\/castelhano-ferreira.pt\/wp-content\/uploads\/2021\/12\/Cherry-1-100x100.jpg 100w\" sizes=\"(max-width: 150px) 100vw, 150px\" \/>\n\t\t\t<\/div>\n\t\t\t\t<figcaption class='wp-caption-text gallery-caption' id='gallery-2-10590'>\n\t\t\t\tCherry\n\t\t\t\t<\/figcaption><\/figure><figure class='gallery-item'>\n\t\t\t<div class='gallery-icon landscape'>\n\t\t\t\t<img width=\"150\" height=\"150\" src=\"https:\/\/castelhano-ferreira.pt\/wp-content\/uploads\/2021\/12\/Walnut-1-150x150.jpg\" class=\"attachment-thumbnail size-thumbnail\" alt=\"\" loading=\"lazy\" aria-describedby=\"gallery-2-10594\" srcset=\"https:\/\/castelhano-ferreira.pt\/wp-content\/uploads\/2021\/12\/Walnut-1-150x150.jpg 150w, https:\/\/castelhano-ferreira.pt\/wp-content\/uploads\/2021\/12\/Walnut-1-100x100.jpg 100w\" sizes=\"(max-width: 150px) 100vw, 150px\" \/>\n\t\t\t<\/div>\n\t\t\t\t<figcaption class='wp-caption-text gallery-caption' id='gallery-2-10594'>\n\t\t\t\tWalnut\n\t\t\t\t<\/figcaption><\/figure><figure class='gallery-item'>\n\t\t\t<div class='gallery-icon landscape'>\n\t\t\t\t<img width=\"150\" height=\"150\" src=\"https:\/\/castelhano-ferreira.pt\/wp-content\/uploads\/2021\/12\/white-1-150x150.jpg\" class=\"attachment-thumbnail size-thumbnail\" alt=\"\" loading=\"lazy\" aria-describedby=\"gallery-2-10595\" srcset=\"https:\/\/castelhano-ferreira.pt\/wp-content\/uploads\/2021\/12\/white-1-150x150.jpg 150w, https:\/\/castelhano-ferreira.pt\/wp-content\/uploads\/2021\/12\/white-1-100x100.jpg 100w\" sizes=\"(max-width: 150px) 100vw, 150px\" \/>\n\t\t\t<\/div>\n\t\t\t\t<figcaption class='wp-caption-text gallery-caption' id='gallery-2-10595'>\n\t\t\t\tWhite\n\t\t\t\t<\/figcaption><\/figure><figure class='gallery-item'>\n\t\t\t<div class='gallery-icon landscape'>\n\t\t\t\t<img width=\"150\" height=\"150\" src=\"https:\/\/castelhano-ferreira.pt\/wp-content\/uploads\/2021\/12\/Grey-2-150x150.jpg\" class=\"attachment-thumbnail size-thumbnail\" alt=\"\" loading=\"lazy\" aria-describedby=\"gallery-2-10591\" srcset=\"https:\/\/castelhano-ferreira.pt\/wp-content\/uploads\/2021\/12\/Grey-2-150x150.jpg 150w, https:\/\/castelhano-ferreira.pt\/wp-content\/uploads\/2021\/12\/Grey-2-100x100.jpg 100w\" sizes=\"(max-width: 150px) 100vw, 150px\" \/>\n\t\t\t<\/div>\n\t\t\t\t<figcaption class='wp-caption-text gallery-caption' id='gallery-2-10591'>\n\t\t\t\tGrey\n\t\t\t\t<\/figcaption><\/figure><figure class='gallery-item'>\n\t\t\t<div class='gallery-icon landscape'>\n\t\t\t\t<img width=\"150\" height=\"150\" src=\"https:\/\/castelhano-ferreira.pt\/wp-content\/uploads\/2021\/12\/Black-2-150x150.jpg\" class=\"attachment-thumbnail size-thumbnail\" alt=\"\" loading=\"lazy\" aria-describedby=\"gallery-2-10589\" srcset=\"https:\/\/castelhano-ferreira.pt\/wp-content\/uploads\/2021\/12\/Black-2-150x150.jpg 150w, https:\/\/castelhano-ferreira.pt\/wp-content\/uploads\/2021\/12\/Black-2-100x100.jpg 100w\" sizes=\"(max-width: 150px) 100vw, 150px\" \/>\n\t\t\t<\/div>\n\t\t\t\t<figcaption class='wp-caption-text gallery-caption' id='gallery-2-10589'>\n\t\t\t\tBlack\n\t\t\t\t<\/figcaption><\/figure>\n\t\t<\/div>\n\t\t<\/div>\n\t\t\t\t<\/div>\n\t\t\t\t<\/div>\n\t\t\t\t\t\t<\/div>\n\t\t\t\t\t<\/div>\n\t\t<\/div>\n\t\t\t\t\t\t\t\t<\/div>\n\t\t\t\t\t<\/div>\n\t\t<\/section>\n\t\t\t\t\t\t<\/div>\n\t\t\t\t\t\t<\/div>\n\t\t\t\t\t<\/div>\n\t\t","protected":false},"excerpt":{"rendered":"<p>FINISHINGS Veneers Beech Birch Maple Ash Oak Cherry Walnut Melamines Beech Birch Maple Ash Oak Cherry Walnut White Grey Black<\/p>\n","protected":false},"author":3,"featured_media":0,"parent":0,"menu_order":0,"comment_status":"closed","ping_status":"closed","template":"elementor_header_footer","meta":[],"yoast_head":"<!-- This site is optimized with the Yoast SEO plugin v17.3 - https:\/\/yoast.com\/wordpress\/plugins\/seo\/ -->\n<title>Melamines and Veneers - Castelhano e Ferreira<\/title>\n<meta name=\"robots\" content=\"index, follow, max-snippet:-1, max-image-preview:large, max-video-preview:-1\" \/>\n<link rel=\"canonical\" href=\"https:\/\/castelhano-ferreira.pt\/index.php\/en\/melamines-and-veneers\/\" \/>\n<meta property=\"og:locale\" content=\"en_US\" \/>\n<meta property=\"og:type\" content=\"article\" \/>\n<meta property=\"og:title\" content=\"Melamines and Veneers - Castelhano e Ferreira\" \/>\n<meta property=\"og:description\" content=\"FINISHINGS Veneers Beech Birch Maple Ash Oak Cherry Walnut Melamines Beech Birch Maple Ash Oak Cherry Walnut White Grey Black\" \/>\n<meta property=\"og:url\" content=\"https:\/\/castelhano-ferreira.pt\/index.php\/en\/melamines-and-veneers\/\" \/>\n<meta property=\"og:site_name\" content=\"Castelhano e Ferreira\" \/>\n<meta property=\"article:modified_time\" content=\"2021-12-09T11:18:12+00:00\" \/>\n<meta property=\"og:image\" content=\"https:\/\/castelhano-ferreira.pt\/wp-content\/uploads\/2021\/12\/Beech-1-150x150.jpg\" \/>\n<meta name=\"twitter:card\" content=\"summary_large_image\" \/>\n<meta name=\"twitter:label1\" content=\"Est. reading time\" \/>\n\t<meta name=\"twitter:data1\" content=\"4 minutes\" \/>\n<script type=\"application\/ld+json\" class=\"yoast-schema-graph\">{\"@context\":\"https:\/\/schema.org\",\"@graph\":[{\"@type\":\"WebSite\",\"@id\":\"https:\/\/castelhano-ferreira.pt\/#website\",\"url\":\"https:\/\/castelhano-ferreira.pt\/\",\"name\":\"Castelhano e Ferreira\",\"description\":\"Solu\\u00e7\\u00f5es Globais para Espa\\u00e7os de Trabalho\",\"potentialAction\":[{\"@type\":\"SearchAction\",\"target\":{\"@type\":\"EntryPoint\",\"urlTemplate\":\"https:\/\/castelhano-ferreira.pt\/?s={search_term_string}\"},\"query-input\":\"required name=search_term_string\"}],\"inLanguage\":\"en-US\"},{\"@type\":\"ImageObject\",\"@id\":\"https:\/\/castelhano-ferreira.pt\/index.php\/en\/melamines-and-veneers\/#primaryimage\",\"inLanguage\":\"en-US\",\"url\":\"https:\/\/castelhano-ferreira.pt\/wp-content\/uploads\/2021\/12\/Beech-1.jpg\",\"contentUrl\":\"https:\/\/castelhano-ferreira.pt\/wp-content\/uploads\/2021\/12\/Beech-1.jpg\",\"width\":600,\"height\":600,\"caption\":\"Beech\"},{\"@type\":\"WebPage\",\"@id\":\"https:\/\/castelhano-ferreira.pt\/index.php\/en\/melamines-and-veneers\/#webpage\",\"url\":\"https:\/\/castelhano-ferreira.pt\/index.php\/en\/melamines-and-veneers\/\",\"name\":\"Melamines and Veneers - Castelhano e Ferreira\",\"isPartOf\":{\"@id\":\"https:\/\/castelhano-ferreira.pt\/#website\"},\"primaryImageOfPage\":{\"@id\":\"https:\/\/castelhano-ferreira.pt\/index.php\/en\/melamines-and-veneers\/#primaryimage\"},\"datePublished\":\"2021-12-09T11:15:40+00:00\",\"dateModified\":\"2021-12-09T11:18:12+00:00\",\"breadcrumb\":{\"@id\":\"https:\/\/castelhano-ferreira.pt\/index.php\/en\/melamines-and-veneers\/#breadcrumb\"},\"inLanguage\":\"en-US\",\"potentialAction\":[{\"@type\":\"ReadAction\",\"target\":[\"https:\/\/castelhano-ferreira.pt\/index.php\/en\/melamines-and-veneers\/\"]}]},{\"@type\":\"BreadcrumbList\",\"@id\":\"https:\/\/castelhano-ferreira.pt\/index.php\/en\/melamines-and-veneers\/#breadcrumb\",\"itemListElement\":[{\"@type\":\"ListItem\",\"position\":1,\"name\":\"Home\",\"item\":\"https:\/\/castelhano-ferreira.pt\/\"},{\"@type\":\"ListItem\",\"position\":2,\"name\":\"Melamines and Veneers\"}]}]}<\/script>\n<!-- \/ Yoast SEO plugin. -->","yoast_head_json":{"title":"Melamines and Veneers - Castelhano e Ferreira","robots":{"index":"index","follow":"follow","max-snippet":"max-snippet:-1","max-image-preview":"max-image-preview:large","max-video-preview":"max-video-preview:-1"},"canonical":"https:\/\/castelhano-ferreira.pt\/index.php\/en\/melamines-and-veneers\/","og_locale":"en_US","og_type":"article","og_title":"Melamines and Veneers - Castelhano e Ferreira","og_description":"FINISHINGS Veneers Beech Birch Maple Ash Oak Cherry Walnut Melamines Beech Birch Maple Ash Oak Cherry Walnut White Grey Black","og_url":"https:\/\/castelhano-ferreira.pt\/index.php\/en\/melamines-and-veneers\/","og_site_name":"Castelhano e Ferreira","article_modified_time":"2021-12-09T11:18:12+00:00","og_image":[{"url":"https:\/\/castelhano-ferreira.pt\/wp-content\/uploads\/2021\/12\/Beech-1-150x150.jpg"}],"twitter_card":"summary_large_image","twitter_misc":{"Est. reading time":"4 minutes"},"schema":{"@context":"https:\/\/schema.org","@graph":[{"@type":"WebSite","@id":"https:\/\/castelhano-ferreira.pt\/#website","url":"https:\/\/castelhano-ferreira.pt\/","name":"Castelhano e Ferreira","description":"Solu\u00e7\u00f5es Globais para Espa\u00e7os de Trabalho","potentialAction":[{"@type":"SearchAction","target":{"@type":"EntryPoint","urlTemplate":"https:\/\/castelhano-ferreira.pt\/?s={search_term_string}"},"query-input":"required name=search_term_string"}],"inLanguage":"en-US"},{"@type":"ImageObject","@id":"https:\/\/castelhano-ferreira.pt\/index.php\/en\/melamines-and-veneers\/#primaryimage","inLanguage":"en-US","url":"https:\/\/castelhano-ferreira.pt\/wp-content\/uploads\/2021\/12\/Beech-1.jpg","contentUrl":"https:\/\/castelhano-ferreira.pt\/wp-content\/uploads\/2021\/12\/Beech-1.jpg","width":600,"height":600,"caption":"Beech"},{"@type":"WebPage","@id":"https:\/\/castelhano-ferreira.pt\/index.php\/en\/melamines-and-veneers\/#webpage","url":"https:\/\/castelhano-ferreira.pt\/index.php\/en\/melamines-and-veneers\/","name":"Melamines and Veneers - Castelhano e Ferreira","isPartOf":{"@id":"https:\/\/castelhano-ferreira.pt\/#website"},"primaryImageOfPage":{"@id":"https:\/\/castelhano-ferreira.pt\/index.php\/en\/melamines-and-veneers\/#primaryimage"},"datePublished":"2021-12-09T11:15:40+00:00","dateModified":"2021-12-09T11:18:12+00:00","breadcrumb":{"@id":"https:\/\/castelhano-ferreira.pt\/index.php\/en\/melamines-and-veneers\/#breadcrumb"},"inLanguage":"en-US","potentialAction":[{"@type":"ReadAction","target":["https:\/\/castelhano-ferreira.pt\/index.php\/en\/melamines-and-veneers\/"]}]},{"@type":"BreadcrumbList","@id":"https:\/\/castelhano-ferreira.pt\/index.php\/en\/melamines-and-veneers\/#breadcrumb","itemListElement":[{"@type":"ListItem","position":1,"name":"Home","item":"https:\/\/castelhano-ferreira.pt\/"},{"@type":"ListItem","position":2,"name":"Melamines and Veneers"}]}]}},"_links":{"self":[{"href":"https:\/\/castelhano-ferreira.pt\/index.php\/wp-json\/wp\/v2\/pages\/10606"}],"collection":[{"href":"https:\/\/castelhano-ferreira.pt\/index.php\/wp-json\/wp\/v2\/pages"}],"about":[{"href":"https:\/\/castelhano-ferreira.pt\/index.php\/wp-json\/wp\/v2\/types\/page"}],"author":[{"embeddable":true,"href":"https:\/\/castelhano-ferreira.pt\/index.php\/wp-json\/wp\/v2\/users\/3"}],"replies":[{"embeddable":true,"href":"https:\/\/castelhano-ferreira.pt\/index.php\/wp-json\/wp\/v2\/comments?post=10606"}],"version-history":[{"count":11,"href":"https:\/\/castelhano-ferreira.pt\/index.php\/wp-json\/wp\/v2\/pages\/10606\/revisions"}],"predecessor-version":[{"id":10625,"href":"https:\/\/castelhano-ferreira.pt\/index.php\/wp-json\/wp\/v2\/pages\/10606\/revisions\/10625"}],"wp:attachment":[{"href":"https:\/\/castelhano-ferreira.pt\/index.php\/wp-json\/wp\/v2\/media?parent=10606"}],"curies":[{"name":"wp","href":"https:\/\/api.w.org\/{rel}","templated":true}]}}