{"id":1224,"date":"2019-12-12T12:57:42","date_gmt":"2019-12-12T12:57:42","guid":{"rendered":"https:\/\/developer.blink-eye.com\/castelhano\/?page_id=1224"},"modified":"2021-10-11T13:51:42","modified_gmt":"2021-10-11T13:51:42","slug":"pavimentos-tecnicos","status":"publish","type":"page","link":"https:\/\/castelhano-ferreira.pt\/index.php\/pavimentos-tecnicos\/","title":{"rendered":"Floora"},"content":{"rendered":"\t\t<div data-elementor-type=\"wp-page\" data-elementor-id=\"1224\" class=\"elementor elementor-1224\" data-elementor-settings=\"[]\">\n\t\t\t\t\t\t<div class=\"elementor-inner\">\n\t\t\t\t\t\t\t<div class=\"elementor-section-wrap\">\n\t\t\t\t\t\t\t<section class=\"elementor-section elementor-top-section elementor-element elementor-element-9d233a4 elementor-section-height-min-height elementor-section-items-stretch elementor-section-full_width elementor-section-height-default\" data-id=\"9d233a4\" data-element_type=\"section\" id=\"floora\" data-settings=\"{&quot;background_background&quot;:&quot;classic&quot;}\">\n\t\t\t\t\t\t\t<div class=\"elementor-background-overlay\"><\/div>\n\t\t\t\t\t\t\t<div class=\"elementor-container elementor-column-gap-default\">\n\t\t\t\t\t\t\t<div class=\"elementor-row\">\n\t\t\t\t\t<div class=\"elementor-column elementor-col-100 elementor-top-column elementor-element elementor-element-2cbd2d4\" data-id=\"2cbd2d4\" data-element_type=\"column\">\n\t\t\t<div class=\"elementor-column-wrap elementor-element-populated\">\n\t\t\t\t\t\t\t<div class=\"elementor-widget-wrap\">\n\t\t\t\t\t\t<div class=\"elementor-element elementor-element-8d9a883 elementor-widget elementor-widget-image\" data-id=\"8d9a883\" data-element_type=\"widget\" data-widget_type=\"image.default\">\n\t\t\t\t<div class=\"elementor-widget-container\">\n\t\t\t\t\t\t\t\t<div class=\"elementor-image\">\n\t\t\t\t\t\t\t\t\t\t\t\t<img width=\"580\" height=\"278\" src=\"https:\/\/castelhano-ferreira.pt\/wp-content\/uploads\/2021\/09\/LOGOS-WEBSITE-01-1024x491.png\" class=\"attachment-large size-large\" alt=\"\" loading=\"lazy\" srcset=\"https:\/\/castelhano-ferreira.pt\/wp-content\/uploads\/2021\/09\/LOGOS-WEBSITE-01-1024x491.png 1024w, https:\/\/castelhano-ferreira.pt\/wp-content\/uploads\/2021\/09\/LOGOS-WEBSITE-01-300x144.png 300w, https:\/\/castelhano-ferreira.pt\/wp-content\/uploads\/2021\/09\/LOGOS-WEBSITE-01-768x368.png 768w, https:\/\/castelhano-ferreira.pt\/wp-content\/uploads\/2021\/09\/LOGOS-WEBSITE-01-1536x737.png 1536w, https:\/\/castelhano-ferreira.pt\/wp-content\/uploads\/2021\/09\/LOGOS-WEBSITE-01-2048x983.png 2048w, https:\/\/castelhano-ferreira.pt\/wp-content\/uploads\/2021\/09\/LOGOS-WEBSITE-01-1200x576.png 1200w, https:\/\/castelhano-ferreira.pt\/wp-content\/uploads\/2021\/09\/LOGOS-WEBSITE-01-1980x950.png 1980w, https:\/\/castelhano-ferreira.pt\/wp-content\/uploads\/2021\/09\/LOGOS-WEBSITE-01-600x288.png 600w\" sizes=\"(max-width: 580px) 100vw, 580px\" \/>\t\t\t\t\t\t\t\t\t\t\t\t\t\t<\/div>\n\t\t\t\t\t\t<\/div>\n\t\t\t\t<\/div>\n\t\t\t\t\t\t<\/div>\n\t\t\t\t\t<\/div>\n\t\t<\/div>\n\t\t\t\t\t\t\t\t<\/div>\n\t\t\t\t\t<\/div>\n\t\t<\/section>\n\t\t\t\t<section class=\"elementor-section elementor-top-section elementor-element elementor-element-5864c0cb elementor-section-boxed elementor-section-height-default elementor-section-height-default\" data-id=\"5864c0cb\" data-element_type=\"section\">\n\t\t\t\t\t\t<div class=\"elementor-container elementor-column-gap-default\">\n\t\t\t\t\t\t\t<div class=\"elementor-row\">\n\t\t\t\t\t<div class=\"elementor-column elementor-col-100 elementor-top-column elementor-element elementor-element-d0f2a08\" data-id=\"d0f2a08\" data-element_type=\"column\">\n\t\t\t<div class=\"elementor-column-wrap elementor-element-populated\">\n\t\t\t\t\t\t\t<div class=\"elementor-widget-wrap\">\n\t\t\t\t\t\t<div class=\"elementor-element elementor-element-6606ef3b elementor-view-default elementor-widget elementor-widget-icon\" data-id=\"6606ef3b\" data-element_type=\"widget\" data-widget_type=\"icon.default\">\n\t\t\t\t<div class=\"elementor-widget-container\">\n\t\t\t\t\t<div class=\"elementor-icon-wrapper\">\n\t\t\t<a class=\"elementor-icon\" href=\"#pavimentos\">\n\t\t\t<i aria-hidden=\"true\" class=\"fas fa-arrow-down\"><\/i>\t\t\t<\/a>\n\t\t<\/div>\n\t\t\t\t<\/div>\n\t\t\t\t<\/div>\n\t\t\t\t\t\t<\/div>\n\t\t\t\t\t<\/div>\n\t\t<\/div>\n\t\t\t\t\t\t\t\t<\/div>\n\t\t\t\t\t<\/div>\n\t\t<\/section>\n\t\t\t\t<section class=\"elementor-section elementor-top-section elementor-element elementor-element-1bc24b04 elementor-section-full_width elementor-section-height-default elementor-section-height-default\" data-id=\"1bc24b04\" data-element_type=\"section\" id=\"pavimentos\">\n\t\t\t\t\t\t<div class=\"elementor-container elementor-column-gap-default\">\n\t\t\t\t\t\t\t<div class=\"elementor-row\">\n\t\t\t\t\t<div class=\"elementor-column elementor-col-50 elementor-top-column elementor-element elementor-element-5ba7c15c\" data-id=\"5ba7c15c\" data-element_type=\"column\">\n\t\t\t<div class=\"elementor-column-wrap elementor-element-populated\">\n\t\t\t\t\t\t\t<div class=\"elementor-widget-wrap\">\n\t\t\t\t\t\t<div class=\"elementor-element elementor-element-43ce7688 elementor-widget elementor-widget-heading\" data-id=\"43ce7688\" data-element_type=\"widget\" data-widget_type=\"heading.default\">\n\t\t\t\t<div class=\"elementor-widget-container\">\n\t\t\t<h2 class=\"elementor-heading-title elementor-size-default\">COMODIDADE<\/h2>\t\t<\/div>\n\t\t\t\t<\/div>\n\t\t\t\t<div class=\"elementor-element elementor-element-26e92dbc elementor-widget-divider--view-line elementor-widget elementor-widget-divider\" data-id=\"26e92dbc\" data-element_type=\"widget\" data-widget_type=\"divider.default\">\n\t\t\t\t<div class=\"elementor-widget-container\">\n\t\t\t\t\t<div class=\"elementor-divider\">\n\t\t\t<span class=\"elementor-divider-separator\">\n\t\t\t\t\t\t<\/span>\n\t\t<\/div>\n\t\t\t\t<\/div>\n\t\t\t\t<\/div>\n\t\t\t\t<div class=\"elementor-element elementor-element-6b6b1175 elementor-widget elementor-widget-heading\" data-id=\"6b6b1175\" data-element_type=\"widget\" data-widget_type=\"heading.default\">\n\t\t\t\t<div class=\"elementor-widget-container\">\n\t\t\t<h2 class=\"elementor-heading-title elementor-size-default\">Pavimento T\u00e9cnico<\/h2>\t\t<\/div>\n\t\t\t\t<\/div>\n\t\t\t\t<div class=\"elementor-element elementor-element-48b12ba4 elementor-widget elementor-widget-text-editor\" data-id=\"48b12ba4\" data-element_type=\"widget\" data-widget_type=\"text-editor.default\">\n\t\t\t\t<div class=\"elementor-widget-container\">\n\t\t\t\t\t\t\t\t<div class=\"elementor-text-editor elementor-clearfix\">\n\t\t\t\t\t<p>A solu\u00e7\u00e3o IDEAL e DURADOURA para espa\u00e7os de trabalho din\u00e2micos com benef\u00edcios ao n\u00edvel da passagem de cabos e conforto.<\/p>\t\t\t\t\t<\/div>\n\t\t\t\t\t\t<\/div>\n\t\t\t\t<\/div>\n\t\t\t\t<div class=\"elementor-element elementor-element-52400241 elementor-align-left elementor-tablet-align-center elementor-mobile-align-left elementor-widget elementor-widget-button\" data-id=\"52400241\" data-element_type=\"widget\" data-widget_type=\"button.default\">\n\t\t\t\t<div class=\"elementor-widget-container\">\n\t\t\t\t\t<div class=\"elementor-button-wrapper\">\n\t\t\t<a href=\"https:\/\/castelhano-ferreira.pt\/wp-content\/uploads\/2021\/07\/CF-Solum_PT_EN.pdf\" target=\"_blank\" class=\"elementor-button-link elementor-button elementor-size-sm\" role=\"button\">\n\t\t\t\t\t\t<span class=\"elementor-button-content-wrapper\">\n\t\t\t\t\t\t<span class=\"elementor-button-icon elementor-align-icon-right\">\n\t\t\t\t<i aria-hidden=\"true\" class=\"fas fa-long-arrow-alt-right\"><\/i>\t\t\t<\/span>\n\t\t\t\t\t\t<span class=\"elementor-button-text\">Cat\u00e1logo<\/span>\n\t\t<\/span>\n\t\t\t\t\t<\/a>\n\t\t<\/div>\n\t\t\t\t<\/div>\n\t\t\t\t<\/div>\n\t\t\t\t\t\t<\/div>\n\t\t\t\t\t<\/div>\n\t\t<\/div>\n\t\t\t\t<div class=\"elementor-column elementor-col-50 elementor-top-column elementor-element elementor-element-4d5b6640\" data-id=\"4d5b6640\" data-element_type=\"column\" data-settings=\"{&quot;background_background&quot;:&quot;classic&quot;,&quot;motion_fx_motion_fx_scrolling&quot;:&quot;yes&quot;,&quot;motion_fx_translateY_effect&quot;:&quot;yes&quot;,&quot;motion_fx_devices&quot;:[&quot;desktop&quot;],&quot;motion_fx_translateY_speed&quot;:{&quot;unit&quot;:&quot;px&quot;,&quot;size&quot;:4,&quot;sizes&quot;:[]},&quot;motion_fx_translateY_affectedRange&quot;:{&quot;unit&quot;:&quot;%&quot;,&quot;size&quot;:&quot;&quot;,&quot;sizes&quot;:{&quot;start&quot;:0,&quot;end&quot;:100}}}\">\n\t\t\t<div class=\"elementor-column-wrap elementor-element-populated\">\n\t\t\t\t\t\t\t<div class=\"elementor-widget-wrap\">\n\t\t\t\t\t\t<div class=\"elementor-element elementor-element-baa1ffe elementor-widget elementor-widget-spacer\" data-id=\"baa1ffe\" data-element_type=\"widget\" data-widget_type=\"spacer.default\">\n\t\t\t\t<div class=\"elementor-widget-container\">\n\t\t\t\t\t<div class=\"elementor-spacer\">\n\t\t\t<div class=\"elementor-spacer-inner\"><\/div>\n\t\t<\/div>\n\t\t\t\t<\/div>\n\t\t\t\t<\/div>\n\t\t\t\t\t\t<\/div>\n\t\t\t\t\t<\/div>\n\t\t<\/div>\n\t\t\t\t\t\t\t\t<\/div>\n\t\t\t\t\t<\/div>\n\t\t<\/section>\n\t\t\t\t<section class=\"elementor-section elementor-top-section elementor-element elementor-element-6ab3b2a2 elementor-section-full_width elementor-section-height-default elementor-section-height-default\" data-id=\"6ab3b2a2\" data-element_type=\"section\" data-settings=\"{&quot;background_background&quot;:&quot;classic&quot;}\">\n\t\t\t\t\t\t\t<div class=\"elementor-background-overlay\"><\/div>\n\t\t\t\t\t\t\t<div class=\"elementor-container elementor-column-gap-default\">\n\t\t\t\t\t\t\t<div class=\"elementor-row\">\n\t\t\t\t\t<div class=\"elementor-column elementor-col-100 elementor-top-column elementor-element elementor-element-40b324dc\" data-id=\"40b324dc\" data-element_type=\"column\" data-settings=\"{&quot;background_background&quot;:&quot;classic&quot;}\">\n\t\t\t<div class=\"elementor-column-wrap elementor-element-populated\">\n\t\t\t\t\t<div class=\"elementor-background-overlay\"><\/div>\n\t\t\t\t\t\t\t<div class=\"elementor-widget-wrap\">\n\t\t\t\t\t\t<div class=\"elementor-element elementor-element-10f0cffc elementor-widget elementor-widget-heading\" data-id=\"10f0cffc\" data-element_type=\"widget\" data-widget_type=\"heading.default\">\n\t\t\t\t<div class=\"elementor-widget-container\">\n\t\t\t<h2 class=\"elementor-heading-title elementor-size-default\">O conforto come\u00e7a na base.<\/h2>\t\t<\/div>\n\t\t\t\t<\/div>\n\t\t\t\t\t\t<\/div>\n\t\t\t\t\t<\/div>\n\t\t<\/div>\n\t\t\t\t\t\t\t\t<\/div>\n\t\t\t\t\t<\/div>\n\t\t<\/section>\n\t\t\t\t<section class=\"elementor-section elementor-top-section elementor-element elementor-element-72b2ba00 elementor-section-boxed elementor-section-height-default elementor-section-height-default\" data-id=\"72b2ba00\" data-element_type=\"section\">\n\t\t\t\t\t\t\t<div class=\"elementor-background-overlay\"><\/div>\n\t\t\t\t\t\t\t<div class=\"elementor-container elementor-column-gap-default\">\n\t\t\t\t\t\t\t<div class=\"elementor-row\">\n\t\t\t\t\t<div class=\"elementor-column elementor-col-100 elementor-top-column elementor-element elementor-element-1b919d9\" data-id=\"1b919d9\" data-element_type=\"column\">\n\t\t\t<div class=\"elementor-column-wrap elementor-element-populated\">\n\t\t\t\t\t\t\t<div class=\"elementor-widget-wrap\">\n\t\t\t\t\t\t<div class=\"elementor-element elementor-element-790b3e5d elementor-view-default elementor-widget elementor-widget-icon\" data-id=\"790b3e5d\" data-element_type=\"widget\" data-widget_type=\"icon.default\">\n\t\t\t\t<div class=\"elementor-widget-container\">\n\t\t\t\t\t<div class=\"elementor-icon-wrapper\">\n\t\t\t<a class=\"elementor-icon\" href=\"#linhas\">\n\t\t\t<i aria-hidden=\"true\" class=\"fas fa-arrow-down\"><\/i>\t\t\t<\/a>\n\t\t<\/div>\n\t\t\t\t<\/div>\n\t\t\t\t<\/div>\n\t\t\t\t\t\t<\/div>\n\t\t\t\t\t<\/div>\n\t\t<\/div>\n\t\t\t\t\t\t\t\t<\/div>\n\t\t\t\t\t<\/div>\n\t\t<\/section>\n\t\t\t\t<section class=\"elementor-section elementor-top-section elementor-element elementor-element-3bc8acfe elementor-section-full_width elementor-reverse-tablet elementor-reverse-mobile elementor-section-height-default elementor-section-height-default\" data-id=\"3bc8acfe\" data-element_type=\"section\" id=\"linhas\">\n\t\t\t\t\t\t\t<div class=\"elementor-background-overlay\"><\/div>\n\t\t\t\t\t\t\t<div class=\"elementor-container elementor-column-gap-default\">\n\t\t\t\t\t\t\t<div class=\"elementor-row\">\n\t\t\t\t\t<div class=\"elementor-column elementor-col-50 elementor-top-column elementor-element elementor-element-6923ce58\" data-id=\"6923ce58\" data-element_type=\"column\" data-settings=\"{&quot;background_background&quot;:&quot;classic&quot;}\">\n\t\t\t<div class=\"elementor-column-wrap elementor-element-populated\">\n\t\t\t\t\t\t\t<div class=\"elementor-widget-wrap\">\n\t\t\t\t\t\t<div class=\"elementor-element elementor-element-53b2865 elementor-widget elementor-widget-spacer\" data-id=\"53b2865\" data-element_type=\"widget\" data-widget_type=\"spacer.default\">\n\t\t\t\t<div class=\"elementor-widget-container\">\n\t\t\t\t\t<div class=\"elementor-spacer\">\n\t\t\t<div class=\"elementor-spacer-inner\"><\/div>\n\t\t<\/div>\n\t\t\t\t<\/div>\n\t\t\t\t<\/div>\n\t\t\t\t\t\t<\/div>\n\t\t\t\t\t<\/div>\n\t\t<\/div>\n\t\t\t\t<div class=\"elementor-column elementor-col-50 elementor-top-column elementor-element elementor-element-47d884fb\" data-id=\"47d884fb\" data-element_type=\"column\">\n\t\t\t<div class=\"elementor-column-wrap elementor-element-populated\">\n\t\t\t\t\t\t\t<div class=\"elementor-widget-wrap\">\n\t\t\t\t\t\t<div class=\"elementor-element elementor-element-53903b7 elementor-widget elementor-widget-heading\" data-id=\"53903b7\" data-element_type=\"widget\" data-widget_type=\"heading.default\">\n\t\t\t\t<div class=\"elementor-widget-container\">\n\t\t\t<h2 class=\"elementor-heading-title elementor-size-default\">LINHAS<\/h2>\t\t<\/div>\n\t\t\t\t<\/div>\n\t\t\t\t<div class=\"elementor-element elementor-element-49ad8b01 elementor-widget-divider--view-line elementor-widget elementor-widget-divider\" data-id=\"49ad8b01\" data-element_type=\"widget\" data-widget_type=\"divider.default\">\n\t\t\t\t<div class=\"elementor-widget-container\">\n\t\t\t\t\t<div class=\"elementor-divider\">\n\t\t\t<span class=\"elementor-divider-separator\">\n\t\t\t\t\t\t<\/span>\n\t\t<\/div>\n\t\t\t\t<\/div>\n\t\t\t\t<\/div>\n\t\t\t\t<div class=\"elementor-element elementor-element-7babcf84 elementor-widget elementor-widget-heading\" data-id=\"7babcf84\" data-element_type=\"widget\" data-widget_type=\"heading.default\">\n\t\t\t\t<div class=\"elementor-widget-container\">\n\t\t\t<h2 class=\"elementor-heading-title elementor-size-default\">Solum Ceramic<br>Solum SP<\/h2>\t\t<\/div>\n\t\t\t\t<\/div>\n\t\t\t\t\t\t<\/div>\n\t\t\t\t\t<\/div>\n\t\t<\/div>\n\t\t\t\t\t\t\t\t<\/div>\n\t\t\t\t\t<\/div>\n\t\t<\/section>\n\t\t\t\t<section class=\"elementor-section elementor-top-section elementor-element elementor-element-fd6376a elementor-section-full_width animated-slow elementor-section-height-default elementor-section-height-default elementor-invisible\" data-id=\"fd6376a\" data-element_type=\"section\" data-settings=\"{&quot;animation&quot;:&quot;fadeInLeft&quot;}\">\n\t\t\t\t\t\t<div class=\"elementor-container elementor-column-gap-default\">\n\t\t\t\t\t\t\t<div class=\"elementor-row\">\n\t\t\t\t\t<div class=\"elementor-column elementor-col-33 elementor-top-column elementor-element elementor-element-258df8e8\" data-id=\"258df8e8\" data-element_type=\"column\" data-settings=\"{&quot;background_background&quot;:&quot;classic&quot;}\">\n\t\t\t<div class=\"elementor-column-wrap elementor-element-populated\">\n\t\t\t\t\t\t\t<div class=\"elementor-widget-wrap\">\n\t\t\t\t\t\t<div class=\"elementor-element elementor-element-13499898 elementor-widget elementor-widget-spacer\" data-id=\"13499898\" data-element_type=\"widget\" data-widget_type=\"spacer.default\">\n\t\t\t\t<div class=\"elementor-widget-container\">\n\t\t\t\t\t<div class=\"elementor-spacer\">\n\t\t\t<div class=\"elementor-spacer-inner\"><\/div>\n\t\t<\/div>\n\t\t\t\t<\/div>\n\t\t\t\t<\/div>\n\t\t\t\t\t\t<\/div>\n\t\t\t\t\t<\/div>\n\t\t<\/div>\n\t\t\t\t<div class=\"elementor-column elementor-col-33 elementor-top-column elementor-element elementor-element-50d0de5d\" data-id=\"50d0de5d\" data-element_type=\"column\" data-settings=\"{&quot;background_background&quot;:&quot;classic&quot;}\">\n\t\t\t<div class=\"elementor-column-wrap elementor-element-populated\">\n\t\t\t\t\t\t\t<div class=\"elementor-widget-wrap\">\n\t\t\t\t\t\t<div class=\"elementor-element elementor-element-32f2902e elementor-widget elementor-widget-spacer\" data-id=\"32f2902e\" data-element_type=\"widget\" data-widget_type=\"spacer.default\">\n\t\t\t\t<div class=\"elementor-widget-container\">\n\t\t\t\t\t<div class=\"elementor-spacer\">\n\t\t\t<div class=\"elementor-spacer-inner\"><\/div>\n\t\t<\/div>\n\t\t\t\t<\/div>\n\t\t\t\t<\/div>\n\t\t\t\t\t\t<\/div>\n\t\t\t\t\t<\/div>\n\t\t<\/div>\n\t\t\t\t<div class=\"elementor-column elementor-col-33 elementor-top-column elementor-element elementor-element-3eac70ad\" data-id=\"3eac70ad\" data-element_type=\"column\" data-settings=\"{&quot;background_background&quot;:&quot;classic&quot;}\">\n\t\t\t<div class=\"elementor-column-wrap elementor-element-populated\">\n\t\t\t\t\t\t\t<div class=\"elementor-widget-wrap\">\n\t\t\t\t\t\t<div class=\"elementor-element elementor-element-23efbc2e elementor-widget elementor-widget-spacer\" data-id=\"23efbc2e\" data-element_type=\"widget\" data-widget_type=\"spacer.default\">\n\t\t\t\t<div class=\"elementor-widget-container\">\n\t\t\t\t\t<div class=\"elementor-spacer\">\n\t\t\t<div class=\"elementor-spacer-inner\"><\/div>\n\t\t<\/div>\n\t\t\t\t<\/div>\n\t\t\t\t<\/div>\n\t\t\t\t\t\t<\/div>\n\t\t\t\t\t<\/div>\n\t\t<\/div>\n\t\t\t\t\t\t\t\t<\/div>\n\t\t\t\t\t<\/div>\n\t\t<\/section>\n\t\t\t\t<section class=\"elementor-section elementor-top-section elementor-element elementor-element-4997eb3 elementor-section-boxed elementor-section-height-default elementor-section-height-default\" data-id=\"4997eb3\" data-element_type=\"section\">\n\t\t\t\t\t\t<div class=\"elementor-container elementor-column-gap-default\">\n\t\t\t\t\t\t\t<div class=\"elementor-row\">\n\t\t\t\t\t<div class=\"elementor-column elementor-col-100 elementor-top-column elementor-element elementor-element-3641941\" data-id=\"3641941\" data-element_type=\"column\">\n\t\t\t<div class=\"elementor-column-wrap elementor-element-populated\">\n\t\t\t\t\t\t\t<div class=\"elementor-widget-wrap\">\n\t\t\t\t\t\t<div class=\"elementor-element elementor-element-0ba48ab elementor-view-default elementor-widget elementor-widget-icon\" data-id=\"0ba48ab\" data-element_type=\"widget\" data-widget_type=\"icon.default\">\n\t\t\t\t<div class=\"elementor-widget-container\">\n\t\t\t\t\t<div class=\"elementor-icon-wrapper\">\n\t\t\t<a class=\"elementor-icon\" href=\"#floora\">\n\t\t\t<i aria-hidden=\"true\" class=\"fas fa-arrow-up\"><\/i>\t\t\t<\/a>\n\t\t<\/div>\n\t\t\t\t<\/div>\n\t\t\t\t<\/div>\n\t\t\t\t\t\t<\/div>\n\t\t\t\t\t<\/div>\n\t\t<\/div>\n\t\t\t\t\t\t\t\t<\/div>\n\t\t\t\t\t<\/div>\n\t\t<\/section>\n\t\t\t\t\t\t<\/div>\n\t\t\t\t\t\t<\/div>\n\t\t\t\t\t<\/div>\n\t\t","protected":false},"excerpt":{"rendered":"<p>COMODIDADE Pavimento T\u00e9cnico A solu\u00e7\u00e3o IDEAL e DURADOURA para espa\u00e7os de trabalho din\u00e2micos com benef\u00edcios ao n\u00edvel da passagem de cabos e conforto. Cat\u00e1logo O conforto come\u00e7a na base. LINHAS Solum CeramicSolum SP<\/p>\n","protected":false},"author":3,"featured_media":0,"parent":0,"menu_order":0,"comment_status":"closed","ping_status":"closed","template":"elementor_header_footer","meta":[],"yoast_head":"<!-- This site is optimized with the Yoast SEO plugin v17.3 - https:\/\/yoast.com\/wordpress\/plugins\/seo\/ -->\n<title>Floora - Castelhano e Ferreira<\/title>\n<meta name=\"robots\" content=\"index, follow, max-snippet:-1, max-image-preview:large, max-video-preview:-1\" \/>\n<link rel=\"canonical\" href=\"https:\/\/castelhano-ferreira.pt\/index.php\/pavimentos-tecnicos\/\" \/>\n<meta property=\"og:locale\" content=\"en_US\" \/>\n<meta property=\"og:type\" content=\"article\" \/>\n<meta property=\"og:title\" content=\"Floora - Castelhano e Ferreira\" \/>\n<meta property=\"og:description\" content=\"COMODIDADE Pavimento T\u00e9cnico A solu\u00e7\u00e3o IDEAL e DURADOURA para espa\u00e7os de trabalho din\u00e2micos com benef\u00edcios ao n\u00edvel da passagem de cabos e conforto. Cat\u00e1logo O conforto come\u00e7a na base. LINHAS Solum CeramicSolum SP\" \/>\n<meta property=\"og:url\" content=\"https:\/\/castelhano-ferreira.pt\/index.php\/pavimentos-tecnicos\/\" \/>\n<meta property=\"og:site_name\" content=\"Castelhano e Ferreira\" \/>\n<meta property=\"article:modified_time\" content=\"2021-10-11T13:51:42+00:00\" \/>\n<meta property=\"og:image\" content=\"https:\/\/www.castelhano-ferreira.pt\/wp-content\/uploads\/2021\/09\/LOGOS-WEBSITE-01-1024x491.png\" \/>\n<meta name=\"twitter:card\" content=\"summary_large_image\" \/>\n<script type=\"application\/ld+json\" class=\"yoast-schema-graph\">{\"@context\":\"https:\/\/schema.org\",\"@graph\":[{\"@type\":\"WebSite\",\"@id\":\"https:\/\/castelhano-ferreira.pt\/#website\",\"url\":\"https:\/\/castelhano-ferreira.pt\/\",\"name\":\"Castelhano e Ferreira\",\"description\":\"Solu\\u00e7\\u00f5es Globais para Espa\\u00e7os de Trabalho\",\"potentialAction\":[{\"@type\":\"SearchAction\",\"target\":{\"@type\":\"EntryPoint\",\"urlTemplate\":\"https:\/\/castelhano-ferreira.pt\/?s={search_term_string}\"},\"query-input\":\"required name=search_term_string\"}],\"inLanguage\":\"en-US\"},{\"@type\":\"ImageObject\",\"@id\":\"https:\/\/castelhano-ferreira.pt\/index.php\/pavimentos-tecnicos\/#primaryimage\",\"inLanguage\":\"en-US\",\"url\":\"https:\/\/www.castelhano-ferreira.pt\/wp-content\/uploads\/2021\/09\/LOGOS-WEBSITE-01-1024x491.png\",\"contentUrl\":\"https:\/\/www.castelhano-ferreira.pt\/wp-content\/uploads\/2021\/09\/LOGOS-WEBSITE-01-1024x491.png\"},{\"@type\":\"WebPage\",\"@id\":\"https:\/\/castelhano-ferreira.pt\/index.php\/pavimentos-tecnicos\/#webpage\",\"url\":\"https:\/\/castelhano-ferreira.pt\/index.php\/pavimentos-tecnicos\/\",\"name\":\"Floora - Castelhano e Ferreira\",\"isPartOf\":{\"@id\":\"https:\/\/castelhano-ferreira.pt\/#website\"},\"primaryImageOfPage\":{\"@id\":\"https:\/\/castelhano-ferreira.pt\/index.php\/pavimentos-tecnicos\/#primaryimage\"},\"datePublished\":\"2019-12-12T12:57:42+00:00\",\"dateModified\":\"2021-10-11T13:51:42+00:00\",\"breadcrumb\":{\"@id\":\"https:\/\/castelhano-ferreira.pt\/index.php\/pavimentos-tecnicos\/#breadcrumb\"},\"inLanguage\":\"en-US\",\"potentialAction\":[{\"@type\":\"ReadAction\",\"target\":[\"https:\/\/castelhano-ferreira.pt\/index.php\/pavimentos-tecnicos\/\"]}]},{\"@type\":\"BreadcrumbList\",\"@id\":\"https:\/\/castelhano-ferreira.pt\/index.php\/pavimentos-tecnicos\/#breadcrumb\",\"itemListElement\":[{\"@type\":\"ListItem\",\"position\":1,\"name\":\"Home\",\"item\":\"https:\/\/castelhano-ferreira.pt\/\"},{\"@type\":\"ListItem\",\"position\":2,\"name\":\"Floora\"}]}]}<\/script>\n<!-- \/ Yoast SEO plugin. -->","yoast_head_json":{"title":"Floora - Castelhano e Ferreira","robots":{"index":"index","follow":"follow","max-snippet":"max-snippet:-1","max-image-preview":"max-image-preview:large","max-video-preview":"max-video-preview:-1"},"canonical":"https:\/\/castelhano-ferreira.pt\/index.php\/pavimentos-tecnicos\/","og_locale":"en_US","og_type":"article","og_title":"Floora - Castelhano e Ferreira","og_description":"COMODIDADE Pavimento T\u00e9cnico A solu\u00e7\u00e3o IDEAL e DURADOURA para espa\u00e7os de trabalho din\u00e2micos com benef\u00edcios ao n\u00edvel da passagem de cabos e conforto. Cat\u00e1logo O conforto come\u00e7a na base. LINHAS Solum CeramicSolum SP","og_url":"https:\/\/castelhano-ferreira.pt\/index.php\/pavimentos-tecnicos\/","og_site_name":"Castelhano e Ferreira","article_modified_time":"2021-10-11T13:51:42+00:00","og_image":[{"url":"https:\/\/www.castelhano-ferreira.pt\/wp-content\/uploads\/2021\/09\/LOGOS-WEBSITE-01-1024x491.png"}],"twitter_card":"summary_large_image","schema":{"@context":"https:\/\/schema.org","@graph":[{"@type":"WebSite","@id":"https:\/\/castelhano-ferreira.pt\/#website","url":"https:\/\/castelhano-ferreira.pt\/","name":"Castelhano e Ferreira","description":"Solu\u00e7\u00f5es Globais para Espa\u00e7os de Trabalho","potentialAction":[{"@type":"SearchAction","target":{"@type":"EntryPoint","urlTemplate":"https:\/\/castelhano-ferreira.pt\/?s={search_term_string}"},"query-input":"required name=search_term_string"}],"inLanguage":"en-US"},{"@type":"ImageObject","@id":"https:\/\/castelhano-ferreira.pt\/index.php\/pavimentos-tecnicos\/#primaryimage","inLanguage":"en-US","url":"https:\/\/www.castelhano-ferreira.pt\/wp-content\/uploads\/2021\/09\/LOGOS-WEBSITE-01-1024x491.png","contentUrl":"https:\/\/www.castelhano-ferreira.pt\/wp-content\/uploads\/2021\/09\/LOGOS-WEBSITE-01-1024x491.png"},{"@type":"WebPage","@id":"https:\/\/castelhano-ferreira.pt\/index.php\/pavimentos-tecnicos\/#webpage","url":"https:\/\/castelhano-ferreira.pt\/index.php\/pavimentos-tecnicos\/","name":"Floora - Castelhano e Ferreira","isPartOf":{"@id":"https:\/\/castelhano-ferreira.pt\/#website"},"primaryImageOfPage":{"@id":"https:\/\/castelhano-ferreira.pt\/index.php\/pavimentos-tecnicos\/#primaryimage"},"datePublished":"2019-12-12T12:57:42+00:00","dateModified":"2021-10-11T13:51:42+00:00","breadcrumb":{"@id":"https:\/\/castelhano-ferreira.pt\/index.php\/pavimentos-tecnicos\/#breadcrumb"},"inLanguage":"en-US","potentialAction":[{"@type":"ReadAction","target":["https:\/\/castelhano-ferreira.pt\/index.php\/pavimentos-tecnicos\/"]}]},{"@type":"BreadcrumbList","@id":"https:\/\/castelhano-ferreira.pt\/index.php\/pavimentos-tecnicos\/#breadcrumb","itemListElement":[{"@type":"ListItem","position":1,"name":"Home","item":"https:\/\/castelhano-ferreira.pt\/"},{"@type":"ListItem","position":2,"name":"Floora"}]}]}},"_links":{"self":[{"href":"https:\/\/castelhano-ferreira.pt\/index.php\/wp-json\/wp\/v2\/pages\/1224"}],"collection":[{"href":"https:\/\/castelhano-ferreira.pt\/index.php\/wp-json\/wp\/v2\/pages"}],"about":[{"href":"https:\/\/castelhano-ferreira.pt\/index.php\/wp-json\/wp\/v2\/types\/page"}],"author":[{"embeddable":true,"href":"https:\/\/castelhano-ferreira.pt\/index.php\/wp-json\/wp\/v2\/users\/3"}],"replies":[{"embeddable":true,"href":"https:\/\/castelhano-ferreira.pt\/index.php\/wp-json\/wp\/v2\/comments?post=1224"}],"version-history":[{"count":208,"href":"https:\/\/castelhano-ferreira.pt\/index.php\/wp-json\/wp\/v2\/pages\/1224\/revisions"}],"predecessor-version":[{"id":9699,"href":"https:\/\/castelhano-ferreira.pt\/index.php\/wp-json\/wp\/v2\/pages\/1224\/revisions\/9699"}],"wp:attachment":[{"href":"https:\/\/castelhano-ferreira.pt\/index.php\/wp-json\/wp\/v2\/media?parent=1224"}],"curies":[{"name":"wp","href":"https:\/\/api.w.org\/{rel}","templated":true}]}}