{"id":23,"date":"2019-12-02T10:05:42","date_gmt":"2019-12-02T10:05:42","guid":{"rendered":"https:\/\/developer.blink-eye.com\/castelhano\/?page_id=23"},"modified":"2022-07-08T10:14:47","modified_gmt":"2022-07-08T10:14:47","slug":"blog","status":"publish","type":"page","link":"https:\/\/castelhano-ferreira.pt\/index.php\/blog\/","title":{"rendered":"Press"},"content":{"rendered":"\t\t<div data-elementor-type=\"wp-page\" data-elementor-id=\"23\" class=\"elementor elementor-23\" data-elementor-settings=\"[]\">\n\t\t\t\t\t\t<div class=\"elementor-inner\">\n\t\t\t\t\t\t\t<div class=\"elementor-section-wrap\">\n\t\t\t\t\t\t\t<section class=\"elementor-section elementor-top-section elementor-element elementor-element-c559918 elementor-section-height-min-height elementor-section-boxed elementor-section-height-default elementor-section-items-middle\" data-id=\"c559918\" data-element_type=\"section\">\n\t\t\t\t\t\t<div class=\"elementor-container elementor-column-gap-default\">\n\t\t\t\t\t\t\t<div class=\"elementor-row\">\n\t\t\t\t\t<div class=\"elementor-column elementor-col-100 elementor-top-column elementor-element elementor-element-3ae8ae3\" data-id=\"3ae8ae3\" data-element_type=\"column\">\n\t\t\t<div class=\"elementor-column-wrap elementor-element-populated\">\n\t\t\t\t\t\t\t<div class=\"elementor-widget-wrap\">\n\t\t\t\t\t\t<div class=\"elementor-element elementor-element-56dc80c uael-equal__height-yes elementor-widget elementor-widget-uael-posts\" data-id=\"56dc80c\" data-element_type=\"widget\" data-widget_type=\"uael-posts.classic\">\n\t\t\t\t<div class=\"elementor-widget-container\">\n\t\t\t\t\t<div class=\"uael-post__header\">\n\t\t\t\t\t<\/div>\n\t\t<div class=\"uael-post__body\">\n\t\t\t\n\t\t\n\t\t<div class=\"uael-blog-terms-position-above_content uael-post-image-top uael-post-grid uael-posts uael-post_structure-featured uael-featured_post_structure-inline\" data-query-type=\"custom\" data-structure=\"featured\" data-layout=\"\" data-page=\"23\" data-skin=\"classic\" data-filter-default=\"\" data-offset-top=\"30\" >\n\n\t\t\t\t\t\t\t<div class=\"uael-post-grid__inner uael-post__columns-3 uael-post__columns-tablet-2 uael-post__columns-mobile-1\">\n\t\t\t\n<div class=\"uael-post-wrapper  uael-post-wrapper-featured by-castelhano-e-ferreira \">\n\t<div class=\"uael-post__bg-wrap\">\n\n\t\t\t\t\n\t\t<div class=\"uael-post__inner-wrap\">\n\n\t\t\t\t<div class=\"uael-post__thumbnail\">\n\t\t\t\n\t\t\t<a href=\"https:\/\/castelhano-ferreira.pt\/index.php\/en\/2023\/10\/25\/safety-and-versatility\/\" target=\"_self\" title=\"Safety and Versatility\"><img src=\"https:\/\/castelhano-ferreira.pt\/wp-content\/uploads\/elementor\/thumbs\/23-LTproject-JTI-\u00a9Norbert-Tukaj-0133-1-qedyfelohtkbw46ak4wunroj108n8cv3dry383y1w0.jpg\" title=\"23-LTproject-JTI-\u00a9Norbert Tukaj-0133\" alt=\"safety and versatility\" \/><\/a>\n\t\t\t\t\t<\/div>\n\t\t\n\t\t\t\n\t\t\t<div class=\"uael-post__content-wrap\">\n\t\t\t\t\t\t\t<div class=\"uael-post__terms-wrap\"><span class=\"uael-post__terms\"><a href=\"https:\/\/castelhano-ferreira.pt\/index.php\/en\/category\/by-castelhano-e-ferreira\/\" class=\"uael-listing__terms-link\" id=\"uael-post-term-by castelhano e ferreira\" aria-labelledby=\"uael-post-term-by castelhano e ferreira\">by Castelhano e Ferreira<\/a><\/span><\/div>\n\t\t\t\t\t\t<h3 class=\"uael-post__title\">\n\n\t\t\n\t\t\t\t\t\t<a href=\"https:\/\/castelhano-ferreira.pt\/index.php\/en\/2023\/10\/25\/safety-and-versatility\/\" target=\"_self\">\n\t\t\t\tSafety and Versatility\t\t\t<\/a>\n\n\t\t\t\t<\/h3>\n\t\t\n\t\t<div class=\"uael-post__meta-data\">\n\n\t\t\t\t<span class=\"uael-post__date\">\n\t\t\t\t\t\t\t\t\t\t\t\t\t\t\t\t\t\t\t\t\t\t\n\t\t\tOctober 25, 2023\t\t<\/span>\n\t\t\t\t<span class=\"uael-post__comments\">\n\t\t\t\t\t\t\t\t\t\t\t\t<i aria-hidden=\"true\" class=\"fa fa-comments\"><\/i>\t\t\t\t\t\t\t\t\t\tNo Comments\t\t<\/span>\n\t\t\n\t\t<\/div>\n\n\t\t\t\t<div class=\"uael-post__excerpt\">\n\t\t\t<p>MOVABLE WALLS AND FIRE-RESISTANT PANELS Castelhano e Ferreira has been reinforcing its commitement to promoting movable walls, which allow spaces to be divided quickly and &#8230;<\/p>\n\t\t<\/div>\n\t\t\t\t\t<a class=\"uael-post__read-more elementor-button\" href=\"https:\/\/castelhano-ferreira.pt\/index.php\/en\/2023\/10\/25\/safety-and-versatility\/\" target=\"_self\" aria-labelledby=\"uael-post-11620\">\n\t\t\t\t\t<span class=\"elementor-button-content-wrapper\">\n\t\t\t\t\t\t\t\t\t\t\t\t\t\t<span class=\"elementor-button-icon elementor-align-icon-right\">\n\n\t\t\t\t\t\t\t\t\t\n\t\t\t\t\t\t\t\t<\/span>\n\t\t\t\t\t\t\t\t\t\t\t\t\t\n\t\t\t\t\t\t<span class=\"elementor-button-text\" id=uael-post-11620>Ler Mais<\/span>\n\t\t\t\t\t<\/span>\n\t\t\t\t<\/a>\n\t\t\t\t\t\t<\/div>\n\t\t\t\n\t\t<\/div>\n\t\t\n\t<\/div>\n\n<\/div>\n\n<div class=\"uael-post-wrapper   por-castelhano-e-ferreira \">\n\t<div class=\"uael-post__bg-wrap\">\n\n\t\t\t\t\n\t\t<div class=\"uael-post__inner-wrap\">\n\n\t\t\t\t<div class=\"uael-post__thumbnail\">\n\t\t\t\n\t\t\t<a href=\"https:\/\/castelhano-ferreira.pt\/index.php\/2023\/10\/25\/seguranca-e-versatilidade\/\" target=\"_self\" title=\"Seguran\u00e7a e Versatilidade\"><img src=\"https:\/\/castelhano-ferreira.pt\/wp-content\/uploads\/elementor\/thumbs\/23-LTproject-JTI-\u00a9Norbert-Tukaj-0133-qedx3klcpc312hnlvgkbru82r407iuyu50sk16vaj4.jpg\" title=\"Seguran\u00e7a e Versatilidade- Paredes M\u00f3veis\" alt=\"Seguran\u00e7a_Versatilidade\" \/><\/a>\n\t\t\t\t\t<\/div>\n\t\t\n\t\t\t\n\t\t\t<div class=\"uael-post__content-wrap\">\n\t\t\t\t\t\t\t<div class=\"uael-post__terms-wrap\"><span class=\"uael-post__terms\"><a href=\"https:\/\/castelhano-ferreira.pt\/index.php\/category\/por-castelhano-e-ferreira\/\" class=\"uael-listing__terms-link\" id=\"uael-post-term-por castelhano e ferreira\" aria-labelledby=\"uael-post-term-por castelhano e ferreira\">por Castelhano e Ferreira<\/a><\/span><\/div>\n\t\t\t\t\t\t<h3 class=\"uael-post__title\">\n\n\t\t\n\t\t\t\t\t\t<a href=\"https:\/\/castelhano-ferreira.pt\/index.php\/2023\/10\/25\/seguranca-e-versatilidade\/\" target=\"_self\">\n\t\t\t\tSeguran\u00e7a e Versatilidade\t\t\t<\/a>\n\n\t\t\t\t<\/h3>\n\t\t\t\t\t<div class=\"uael-post__meta-data\">\n\t\t\t\t\t<span class=\"uael-post__date\">\n\t\t\t\t\t\t\t\t\t\t\t\t\t\t\t\t\t\t\t\t\t\t\n\t\t\tOctober 25, 2023\t\t<\/span>\n\t\t\t\t<span class=\"uael-post__comments\">\n\t\t\t\t\t\t\t\t\t\t\t\t<i aria-hidden=\"true\" class=\"fa fa-comments\"><\/i>\t\t\t\t\t\t\t\t\t\tNo Comments\t\t<\/span>\n\t\t\t\t<\/div>\n\t\t\n\t\t<div class=\"uael-post__excerpt\">\n\t\t\t<p>PAREDES M\u00d3VEIS E PAIN\u00c9IS AC\u00daSTICOS COM RESIST\u00caNCIA AO FOGO A Castelhano e Ferreira tem vindo a refor\u00e7ar a sua aposta na divulga\u00e7\u00e3o das paredes m\u00f3veis que permitem a &#8230;<\/p>\n\t\t<\/div>\n\n\t\t\t\t\t<a class=\"uael-post__read-more elementor-button\" href=\"https:\/\/castelhano-ferreira.pt\/index.php\/2023\/10\/25\/seguranca-e-versatilidade\/\" target=\"_self\" aria-labelledby=\"uael-post-11615\">\n\t\t\t\t\t<span class=\"elementor-button-content-wrapper\">\n\t\t\t\t\t\t\t\t\t\t\t\t\t\t<span class=\"elementor-button-icon elementor-align-icon-right\">\n\n\t\t\t\t\t\t\t\t\t\n\t\t\t\t\t\t\t\t<\/span>\n\t\t\t\t\t\t\t\t\t\t\t\t\t\n\t\t\t\t\t\t<span class=\"elementor-button-text\" id=uael-post-11615>Ler Mais<\/span>\n\t\t\t\t\t<\/span>\n\t\t\t\t<\/a>\n\t\t\t\t\t\t<\/div>\n\t\t\t\n\t\t<\/div>\n\t\t\n\t<\/div>\n\n<\/div>\n\n<div class=\"uael-post-wrapper   by-castelhano-e-ferreira \">\n\t<div class=\"uael-post__bg-wrap\">\n\n\t\t\t\t\n\t\t<div class=\"uael-post__inner-wrap\">\n\n\t\t\t\t<div class=\"uael-post__thumbnail\">\n\t\t\t\n\t\t\t<a href=\"https:\/\/castelhano-ferreira.pt\/index.php\/en\/2022\/09\/19\/versaline-partition\/\" target=\"_self\" title=\"VERSALINE Partition.\"><img src=\"https:\/\/castelhano-ferreira.pt\/wp-content\/uploads\/elementor\/thumbs\/Divisoria-Versaline_Prancheta-1-1-puzyt1emac2lo5yob8t7e08bl2qck1xkjd1r2j134g.png\" title=\"Divisoria Versaline_Prancheta 1\" alt=\"Divisoria Versaline_Prancheta 1\" \/><\/a>\n\t\t\t\t\t<\/div>\n\t\t\n\t\t\t\n\t\t\t<div class=\"uael-post__content-wrap\">\n\t\t\t\t\t\t\t<div class=\"uael-post__terms-wrap\"><span class=\"uael-post__terms\"><a href=\"https:\/\/castelhano-ferreira.pt\/index.php\/en\/category\/by-castelhano-e-ferreira\/\" class=\"uael-listing__terms-link\" id=\"uael-post-term-by castelhano e ferreira\" aria-labelledby=\"uael-post-term-by castelhano e ferreira\">by Castelhano e Ferreira<\/a><\/span><\/div>\n\t\t\t\t\t\t<h3 class=\"uael-post__title\">\n\n\t\t\n\t\t\t\t\t\t<a href=\"https:\/\/castelhano-ferreira.pt\/index.php\/en\/2022\/09\/19\/versaline-partition\/\" target=\"_self\">\n\t\t\t\tVERSALINE Partition.\t\t\t<\/a>\n\n\t\t\t\t<\/h3>\n\t\t\t\t\t<div class=\"uael-post__meta-data\">\n\t\t\t\t\t<span class=\"uael-post__date\">\n\t\t\t\t\t\t\t\t\t\t\t\t\t\t\t\t\t\t\t\t\t\t\n\t\t\tSeptember 19, 2022\t\t<\/span>\n\t\t\t\t<span class=\"uael-post__comments\">\n\t\t\t\t\t\t\t\t\t\t\t\t<i aria-hidden=\"true\" class=\"fa fa-comments\"><\/i>\t\t\t\t\t\t\t\t\t\tNo Comments\t\t<\/span>\n\t\t\t\t<\/div>\n\t\t\n\t\t<div class=\"uael-post__excerpt\">\n\t\t\t<p>VERSATILITY IN YOUR OWN SPACE. Companies understood the importance of providing welcoming, flexible and versatile workspaces offering motivation and productivity to their collaborators. From the furniture with simple &#8230;<\/p>\n\t\t<\/div>\n\n\t\t\t\t\t<a class=\"uael-post__read-more elementor-button\" href=\"https:\/\/castelhano-ferreira.pt\/index.php\/en\/2022\/09\/19\/versaline-partition\/\" target=\"_self\" aria-labelledby=\"uael-post-11306\">\n\t\t\t\t\t<span class=\"elementor-button-content-wrapper\">\n\t\t\t\t\t\t\t\t\t\t\t\t\t\t<span class=\"elementor-button-icon elementor-align-icon-right\">\n\n\t\t\t\t\t\t\t\t\t\n\t\t\t\t\t\t\t\t<\/span>\n\t\t\t\t\t\t\t\t\t\t\t\t\t\n\t\t\t\t\t\t<span class=\"elementor-button-text\" id=uael-post-11306>Ler Mais<\/span>\n\t\t\t\t\t<\/span>\n\t\t\t\t<\/a>\n\t\t\t\t\t\t<\/div>\n\t\t\t\n\t\t<\/div>\n\t\t\n\t<\/div>\n\n<\/div>\n\n<div class=\"uael-post-wrapper   por-castelhano-e-ferreira \">\n\t<div class=\"uael-post__bg-wrap\">\n\n\t\t\t\t\n\t\t<div class=\"uael-post__inner-wrap\">\n\n\t\t\t\t<div class=\"uael-post__thumbnail\">\n\t\t\t\n\t\t\t<a href=\"https:\/\/castelhano-ferreira.pt\/index.php\/2022\/09\/19\/divisoria-versaline\/\" target=\"_self\" title=\"Divis\u00f3ria VERSALINE.\"><img src=\"https:\/\/castelhano-ferreira.pt\/wp-content\/uploads\/elementor\/thumbs\/Divisoria-Versaline_Prancheta-1-puzxoykcvn7gmq6hcf4vkmbrqm9xcntlcznfesgefk.png\" title=\"Divisoria Versaline_Prancheta 1\" alt=\"Divisoria Versaline_Prancheta 1\" \/><\/a>\n\t\t\t\t\t<\/div>\n\t\t\n\t\t\t\n\t\t\t<div class=\"uael-post__content-wrap\">\n\t\t\t\t\t\t\t<div class=\"uael-post__terms-wrap\"><span class=\"uael-post__terms\"><a href=\"https:\/\/castelhano-ferreira.pt\/index.php\/category\/por-castelhano-e-ferreira\/\" class=\"uael-listing__terms-link\" id=\"uael-post-term-por castelhano e ferreira\" aria-labelledby=\"uael-post-term-por castelhano e ferreira\">por Castelhano e Ferreira<\/a><\/span><\/div>\n\t\t\t\t\t\t<h3 class=\"uael-post__title\">\n\n\t\t\n\t\t\t\t\t\t<a href=\"https:\/\/castelhano-ferreira.pt\/index.php\/2022\/09\/19\/divisoria-versaline\/\" target=\"_self\">\n\t\t\t\tDivis\u00f3ria VERSALINE.\t\t\t<\/a>\n\n\t\t\t\t<\/h3>\n\t\t\t\t\t<div class=\"uael-post__meta-data\">\n\t\t\t\t\t<span class=\"uael-post__date\">\n\t\t\t\t\t\t\t\t\t\t\t\t\t\t\t\t\t\t\t\t\t\t\n\t\t\tSeptember 19, 2022\t\t<\/span>\n\t\t\t\t<span class=\"uael-post__comments\">\n\t\t\t\t\t\t\t\t\t\t\t\t<i aria-hidden=\"true\" class=\"fa fa-comments\"><\/i>\t\t\t\t\t\t\t\t\t\tNo Comments\t\t<\/span>\n\t\t\t\t<\/div>\n\t\t\n\t\t<div class=\"uael-post__excerpt\">\n\t\t\t<p>A VERSATILIDADE NUM ESPA\u00c7O SEU. As empresas perceberam a import\u00e2ncia em optar por ambientes de trabalho acolhedores, flex\u00edveis e vers\u00e1teis oferecendo motiva\u00e7\u00e3o e produtividade aos colaboradores. Do mobili\u00e1rio &#8230;<\/p>\n\t\t<\/div>\n\n\t\t\t\t\t<a class=\"uael-post__read-more elementor-button\" href=\"https:\/\/castelhano-ferreira.pt\/index.php\/2022\/09\/19\/divisoria-versaline\/\" target=\"_self\" aria-labelledby=\"uael-post-11301\">\n\t\t\t\t\t<span class=\"elementor-button-content-wrapper\">\n\t\t\t\t\t\t\t\t\t\t\t\t\t\t<span class=\"elementor-button-icon elementor-align-icon-right\">\n\n\t\t\t\t\t\t\t\t\t\n\t\t\t\t\t\t\t\t<\/span>\n\t\t\t\t\t\t\t\t\t\t\t\t\t\n\t\t\t\t\t\t<span class=\"elementor-button-text\" id=uael-post-11301>Ler Mais<\/span>\n\t\t\t\t\t<\/span>\n\t\t\t\t<\/a>\n\t\t\t\t\t\t<\/div>\n\t\t\t\n\t\t<\/div>\n\t\t\n\t<\/div>\n\n<\/div>\n\n<div class=\"uael-post-wrapper   by-castelhano-e-ferreira \">\n\t<div class=\"uael-post__bg-wrap\">\n\n\t\t\t\t\n\t\t<div class=\"uael-post__inner-wrap\">\n\n\t\t\t\t<div class=\"uael-post__thumbnail\">\n\t\t\t\n\t\t\t<a href=\"https:\/\/castelhano-ferreira.pt\/index.php\/en\/2022\/06\/01\/what-is-cf-solid-wood\/\" target=\"_self\" title=\"What is CF SOLID WOOD?\"><img src=\"https:\/\/castelhano-ferreira.pt\/wp-content\/uploads\/elementor\/thumbs\/solid-wood-website-1-ppoe0088sgkvwltqio8q1vazk41zizk9ujqrplq13k.png\" title=\"solid-wood-website\" alt=\"solid-wood-website\" \/><\/a>\n\t\t\t\t\t<\/div>\n\t\t\n\t\t\t\n\t\t\t<div class=\"uael-post__content-wrap\">\n\t\t\t\t\t\t\t<div class=\"uael-post__terms-wrap\"><span class=\"uael-post__terms\"><a href=\"https:\/\/castelhano-ferreira.pt\/index.php\/en\/category\/by-castelhano-e-ferreira\/\" class=\"uael-listing__terms-link\" id=\"uael-post-term-by castelhano e ferreira\" aria-labelledby=\"uael-post-term-by castelhano e ferreira\">by Castelhano e Ferreira<\/a><\/span><\/div>\n\t\t\t\t\t\t<h3 class=\"uael-post__title\">\n\n\t\t\n\t\t\t\t\t\t<a href=\"https:\/\/castelhano-ferreira.pt\/index.php\/en\/2022\/06\/01\/what-is-cf-solid-wood\/\" target=\"_self\">\n\t\t\t\tWhat is CF SOLID WOOD?\t\t\t<\/a>\n\n\t\t\t\t<\/h3>\n\t\t\t\t\t<div class=\"uael-post__meta-data\">\n\t\t\t\t\t<span class=\"uael-post__date\">\n\t\t\t\t\t\t\t\t\t\t\t\t\t\t\t\t\t\t\t\t\t\t\n\t\t\tJune 1, 2022\t\t<\/span>\n\t\t\t\t<span class=\"uael-post__comments\">\n\t\t\t\t\t\t\t\t\t\t\t\t<i aria-hidden=\"true\" class=\"fa fa-comments\"><\/i>\t\t\t\t\t\t\t\t\t\tNo Comments\t\t<\/span>\n\t\t\t\t<\/div>\n\t\t\n\t\t<div class=\"uael-post__excerpt\">\n\t\t\t<p>Ac\u00fastica 21, CF SOLID WOOD panels not only upgrade the comfort but also the aesthetics of your workspace through the use of solid wood and application as walls &#8230;<\/p>\n\t\t<\/div>\n\n\t\t\t\t\t<a class=\"uael-post__read-more elementor-button\" href=\"https:\/\/castelhano-ferreira.pt\/index.php\/en\/2022\/06\/01\/what-is-cf-solid-wood\/\" target=\"_self\" aria-labelledby=\"uael-post-11243\">\n\t\t\t\t\t<span class=\"elementor-button-content-wrapper\">\n\t\t\t\t\t\t\t\t\t\t\t\t\t\t<span class=\"elementor-button-icon elementor-align-icon-right\">\n\n\t\t\t\t\t\t\t\t\t\n\t\t\t\t\t\t\t\t<\/span>\n\t\t\t\t\t\t\t\t\t\t\t\t\t\n\t\t\t\t\t\t<span class=\"elementor-button-text\" id=uael-post-11243>Ler Mais<\/span>\n\t\t\t\t\t<\/span>\n\t\t\t\t<\/a>\n\t\t\t\t\t\t<\/div>\n\t\t\t\n\t\t<\/div>\n\t\t\n\t<\/div>\n\n<\/div>\n\t\t\t\t<\/div>\n\t\t\t\t\t\t\n\t\t<\/div>\n\n\t\t\t\t\t\t<\/div>\n\t\t<div class=\"uael-post__footer\">\n\t\t\t\t\t\t<nav class=\"uael-grid-pagination\"  role=\"navigation\" aria-label=\"Pagination\" data-total=\"5\" data-next-page=\"2\">\n\t\t\t\t<span class=\"page-numbers current\">1<\/span>\n<a class=\"page-numbers\" href=\"https:\/\/castelhano-ferreira.pt\/index.php\/wp-json\/wp\/v2\/pages\/23\/page\/2\/\">2<\/a>\n<a class=\"page-numbers\" href=\"https:\/\/castelhano-ferreira.pt\/index.php\/wp-json\/wp\/v2\/pages\/23\/page\/3\/\">3<\/a>\n<span class=\"page-numbers dots\">&hellip;<\/span>\n<a class=\"page-numbers\" href=\"https:\/\/castelhano-ferreira.pt\/index.php\/wp-json\/wp\/v2\/pages\/23\/page\/5\/\">5<\/a>\n<a class=\"next page-numbers\" href=\"https:\/\/castelhano-ferreira.pt\/index.php\/wp-json\/wp\/v2\/pages\/23\/page\/2\/\">Next &raquo;<\/a>\t\t\t<\/nav>\n\t\t\t\t\t<\/div>\n\t\t\t\t<\/div>\n\t\t\t\t<\/div>\n\t\t\t\t\t\t<\/div>\n\t\t\t\t\t<\/div>\n\t\t<\/div>\n\t\t\t\t\t\t\t\t<\/div>\n\t\t\t\t\t<\/div>\n\t\t<\/section>\n\t\t\t\t\t\t<\/div>\n\t\t\t\t\t\t<\/div>\n\t\t\t\t\t<\/div>\n\t\t","protected":false},"excerpt":{"rendered":"<p>por Castelhano e Ferreira O que \u00e9 o CF SOLID WOOD? Junho 1, 2022 Sem coment\u00e1rios Os pain\u00e9is ac\u00fasticos CF SOLID WOOD, da Ac\u00fastica 21, n\u00e3o s\u00f3 elevam a comodidade como tamb\u00e9m a est\u00e9tica do espa\u00e7o de trabalho atrav\u00e9s da utiliza\u00e7\u00e3o &#8230; Ler Mais por Castelhano e Ferreira Cuidados a ter no Isolamento Ac\u00fastico Maio [&hellip;]<\/p>\n","protected":false},"author":3,"featured_media":0,"parent":0,"menu_order":0,"comment_status":"closed","ping_status":"closed","template":"elementor_header_footer","meta":[],"yoast_head":"<!-- This site is optimized with the Yoast SEO plugin v17.3 - https:\/\/yoast.com\/wordpress\/plugins\/seo\/ -->\n<title>Press - Castelhano e Ferreira<\/title>\n<meta name=\"robots\" content=\"index, follow, max-snippet:-1, max-image-preview:large, max-video-preview:-1\" \/>\n<link rel=\"canonical\" href=\"https:\/\/castelhano-ferreira.pt\/index.php\/blog\/\" \/>\n<meta property=\"og:locale\" content=\"en_US\" \/>\n<meta property=\"og:type\" content=\"article\" \/>\n<meta property=\"og:title\" content=\"Press - Castelhano e Ferreira\" \/>\n<meta property=\"og:description\" content=\"por Castelhano e Ferreira O que \u00e9 o CF SOLID WOOD? Junho 1, 2022 Sem coment\u00e1rios Os pain\u00e9is ac\u00fasticos CF SOLID WOOD, da Ac\u00fastica 21, n\u00e3o s\u00f3 elevam a comodidade como tamb\u00e9m a est\u00e9tica do espa\u00e7o de trabalho atrav\u00e9s da utiliza\u00e7\u00e3o &#8230; Ler Mais por Castelhano e Ferreira Cuidados a ter no Isolamento Ac\u00fastico Maio [&hellip;]\" \/>\n<meta property=\"og:url\" content=\"https:\/\/castelhano-ferreira.pt\/index.php\/blog\/\" \/>\n<meta property=\"og:site_name\" content=\"Castelhano e Ferreira\" \/>\n<meta property=\"article:modified_time\" content=\"2022-07-08T10:14:47+00:00\" \/>\n<meta property=\"og:image\" content=\"https:\/\/castelhano-ferreira.pt\/wp-content\/uploads\/elementor\/thumbs\/solid-wood-website-ppoct7mrmzzxbpzjeob7162hxkze32o7mqhy536ads.png\" \/>\n<meta name=\"twitter:card\" content=\"summary_large_image\" \/>\n<meta name=\"twitter:label1\" content=\"Est. reading time\" \/>\n\t<meta name=\"twitter:data1\" content=\"2 minutes\" \/>\n<script type=\"application\/ld+json\" class=\"yoast-schema-graph\">{\"@context\":\"https:\/\/schema.org\",\"@graph\":[{\"@type\":\"WebSite\",\"@id\":\"https:\/\/castelhano-ferreira.pt\/#website\",\"url\":\"https:\/\/castelhano-ferreira.pt\/\",\"name\":\"Castelhano e Ferreira\",\"description\":\"Solu\\u00e7\\u00f5es Globais para Espa\\u00e7os de Trabalho\",\"potentialAction\":[{\"@type\":\"SearchAction\",\"target\":{\"@type\":\"EntryPoint\",\"urlTemplate\":\"https:\/\/castelhano-ferreira.pt\/?s={search_term_string}\"},\"query-input\":\"required name=search_term_string\"}],\"inLanguage\":\"en-US\"},{\"@type\":\"ImageObject\",\"@id\":\"https:\/\/castelhano-ferreira.pt\/index.php\/blog\/#primaryimage\",\"inLanguage\":\"en-US\",\"url\":\"https:\/\/castelhano-ferreira.pt\/wp-content\/uploads\/elementor\/thumbs\/solid-wood-website-ppoct7mrmzzxbpzjeob7162hxkze32o7mqhy536ads.png\",\"contentUrl\":\"https:\/\/castelhano-ferreira.pt\/wp-content\/uploads\/elementor\/thumbs\/solid-wood-website-ppoct7mrmzzxbpzjeob7162hxkze32o7mqhy536ads.png\"},{\"@type\":\"WebPage\",\"@id\":\"https:\/\/castelhano-ferreira.pt\/index.php\/blog\/#webpage\",\"url\":\"https:\/\/castelhano-ferreira.pt\/index.php\/blog\/\",\"name\":\"Press - Castelhano e Ferreira\",\"isPartOf\":{\"@id\":\"https:\/\/castelhano-ferreira.pt\/#website\"},\"primaryImageOfPage\":{\"@id\":\"https:\/\/castelhano-ferreira.pt\/index.php\/blog\/#primaryimage\"},\"datePublished\":\"2019-12-02T10:05:42+00:00\",\"dateModified\":\"2022-07-08T10:14:47+00:00\",\"breadcrumb\":{\"@id\":\"https:\/\/castelhano-ferreira.pt\/index.php\/blog\/#breadcrumb\"},\"inLanguage\":\"en-US\",\"potentialAction\":[{\"@type\":\"ReadAction\",\"target\":[\"https:\/\/castelhano-ferreira.pt\/index.php\/blog\/\"]}]},{\"@type\":\"BreadcrumbList\",\"@id\":\"https:\/\/castelhano-ferreira.pt\/index.php\/blog\/#breadcrumb\",\"itemListElement\":[{\"@type\":\"ListItem\",\"position\":1,\"name\":\"Home\",\"item\":\"https:\/\/castelhano-ferreira.pt\/\"},{\"@type\":\"ListItem\",\"position\":2,\"name\":\"Press\"}]}]}<\/script>\n<!-- \/ Yoast SEO plugin. -->","yoast_head_json":{"title":"Press - Castelhano e Ferreira","robots":{"index":"index","follow":"follow","max-snippet":"max-snippet:-1","max-image-preview":"max-image-preview:large","max-video-preview":"max-video-preview:-1"},"canonical":"https:\/\/castelhano-ferreira.pt\/index.php\/blog\/","og_locale":"en_US","og_type":"article","og_title":"Press - Castelhano e Ferreira","og_description":"por Castelhano e Ferreira O que \u00e9 o CF SOLID WOOD? Junho 1, 2022 Sem coment\u00e1rios Os pain\u00e9is ac\u00fasticos CF SOLID WOOD, da Ac\u00fastica 21, n\u00e3o s\u00f3 elevam a comodidade como tamb\u00e9m a est\u00e9tica do espa\u00e7o de trabalho atrav\u00e9s da utiliza\u00e7\u00e3o &#8230; Ler Mais por Castelhano e Ferreira Cuidados a ter no Isolamento Ac\u00fastico Maio [&hellip;]","og_url":"https:\/\/castelhano-ferreira.pt\/index.php\/blog\/","og_site_name":"Castelhano e Ferreira","article_modified_time":"2022-07-08T10:14:47+00:00","og_image":[{"url":"https:\/\/castelhano-ferreira.pt\/wp-content\/uploads\/elementor\/thumbs\/solid-wood-website-ppoct7mrmzzxbpzjeob7162hxkze32o7mqhy536ads.png"}],"twitter_card":"summary_large_image","twitter_misc":{"Est. reading time":"2 minutes"},"schema":{"@context":"https:\/\/schema.org","@graph":[{"@type":"WebSite","@id":"https:\/\/castelhano-ferreira.pt\/#website","url":"https:\/\/castelhano-ferreira.pt\/","name":"Castelhano e Ferreira","description":"Solu\u00e7\u00f5es Globais para Espa\u00e7os de Trabalho","potentialAction":[{"@type":"SearchAction","target":{"@type":"EntryPoint","urlTemplate":"https:\/\/castelhano-ferreira.pt\/?s={search_term_string}"},"query-input":"required name=search_term_string"}],"inLanguage":"en-US"},{"@type":"ImageObject","@id":"https:\/\/castelhano-ferreira.pt\/index.php\/blog\/#primaryimage","inLanguage":"en-US","url":"https:\/\/castelhano-ferreira.pt\/wp-content\/uploads\/elementor\/thumbs\/solid-wood-website-ppoct7mrmzzxbpzjeob7162hxkze32o7mqhy536ads.png","contentUrl":"https:\/\/castelhano-ferreira.pt\/wp-content\/uploads\/elementor\/thumbs\/solid-wood-website-ppoct7mrmzzxbpzjeob7162hxkze32o7mqhy536ads.png"},{"@type":"WebPage","@id":"https:\/\/castelhano-ferreira.pt\/index.php\/blog\/#webpage","url":"https:\/\/castelhano-ferreira.pt\/index.php\/blog\/","name":"Press - Castelhano e Ferreira","isPartOf":{"@id":"https:\/\/castelhano-ferreira.pt\/#website"},"primaryImageOfPage":{"@id":"https:\/\/castelhano-ferreira.pt\/index.php\/blog\/#primaryimage"},"datePublished":"2019-12-02T10:05:42+00:00","dateModified":"2022-07-08T10:14:47+00:00","breadcrumb":{"@id":"https:\/\/castelhano-ferreira.pt\/index.php\/blog\/#breadcrumb"},"inLanguage":"en-US","potentialAction":[{"@type":"ReadAction","target":["https:\/\/castelhano-ferreira.pt\/index.php\/blog\/"]}]},{"@type":"BreadcrumbList","@id":"https:\/\/castelhano-ferreira.pt\/index.php\/blog\/#breadcrumb","itemListElement":[{"@type":"ListItem","position":1,"name":"Home","item":"https:\/\/castelhano-ferreira.pt\/"},{"@type":"ListItem","position":2,"name":"Press"}]}]}},"_links":{"self":[{"href":"https:\/\/castelhano-ferreira.pt\/index.php\/wp-json\/wp\/v2\/pages\/23"}],"collection":[{"href":"https:\/\/castelhano-ferreira.pt\/index.php\/wp-json\/wp\/v2\/pages"}],"about":[{"href":"https:\/\/castelhano-ferreira.pt\/index.php\/wp-json\/wp\/v2\/types\/page"}],"author":[{"embeddable":true,"href":"https:\/\/castelhano-ferreira.pt\/index.php\/wp-json\/wp\/v2\/users\/3"}],"replies":[{"embeddable":true,"href":"https:\/\/castelhano-ferreira.pt\/index.php\/wp-json\/wp\/v2\/comments?post=23"}],"version-history":[{"count":94,"href":"https:\/\/castelhano-ferreira.pt\/index.php\/wp-json\/wp\/v2\/pages\/23\/revisions"}],"predecessor-version":[{"id":11251,"href":"https:\/\/castelhano-ferreira.pt\/index.php\/wp-json\/wp\/v2\/pages\/23\/revisions\/11251"}],"wp:attachment":[{"href":"https:\/\/castelhano-ferreira.pt\/index.php\/wp-json\/wp\/v2\/media?parent=23"}],"curies":[{"name":"wp","href":"https:\/\/api.w.org\/{rel}","templated":true}]}}