{"id":3506,"date":"2021-06-04T15:11:14","date_gmt":"2021-06-04T15:11:14","guid":{"rendered":"https:\/\/developer.blink-eye.com\/castelhano\/?page_id=3506"},"modified":"2024-03-27T10:25:32","modified_gmt":"2024-03-27T10:25:32","slug":"marcas","status":"publish","type":"page","link":"https:\/\/castelhano-ferreira.pt\/index.php\/marcas\/","title":{"rendered":"Marcas"},"content":{"rendered":"\t\t<div data-elementor-type=\"wp-page\" data-elementor-id=\"3506\" class=\"elementor elementor-3506\" data-elementor-settings=\"[]\">\n\t\t\t\t\t\t<div class=\"elementor-inner\">\n\t\t\t\t\t\t\t<div class=\"elementor-section-wrap\">\n\t\t\t\t\t\t\t<section class=\"elementor-section elementor-top-section elementor-element elementor-element-409d6b0 elementor-section-full_width elementor-section-height-min-height elementor-section-items-stretch elementor-section-height-default\" data-id=\"409d6b0\" data-element_type=\"section\" data-settings=\"{&quot;background_background&quot;:&quot;classic&quot;}\">\n\t\t\t\t\t\t\t<div class=\"elementor-background-overlay\"><\/div>\n\t\t\t\t\t\t\t<div class=\"elementor-container elementor-column-gap-no\">\n\t\t\t\t\t\t\t<div class=\"elementor-row\">\n\t\t\t\t\t<div class=\"elementor-column elementor-col-100 elementor-top-column elementor-element elementor-element-a310725\" data-id=\"a310725\" data-element_type=\"column\">\n\t\t\t<div class=\"elementor-column-wrap elementor-element-populated\">\n\t\t\t\t\t\t\t<div class=\"elementor-widget-wrap\">\n\t\t\t\t\t\t<div class=\"elementor-element elementor-element-f6cb1d5 uael-show-cursor-yes elementor-widget elementor-widget-uael-fancy-heading\" data-id=\"f6cb1d5\" data-element_type=\"widget\" data-widget_type=\"uael-fancy-heading.default\">\n\t\t\t\t<div class=\"elementor-widget-container\">\n\t\t\t\t\t<div class=\"uael-module-content uael-fancy-text-node uael-clip-cursor-yes\" data-type-speed=\"75\" data-animation=\"type\" data-back-speed=\"60\" data-start-delay=\"0\" data-back-delay=\"1200\" data-loop=\"true\" data-show-cursor=\"true\" data-cursor-char=\"\/\" data-strings=\"[&quot;CHAVE NA M\\u00c3O&quot;,&quot;&quot;]\">\n\t\t\t \n\t\t\t\t\t\t\t\t<h3 class=\"uael-fancy-text-wrap uael-fancy-text-type\">\n\t\t\t\t\t\t\t\t\t\t\t<span class=\"uael-fancy-heading uael-fancy-text-prefix\">PROJETOS<\/span>\n\t\t\t\t\t\t\t\t\t\t\t<span class=\"uael-fancy-stack\">\n\t\t\t\t\t\t\t\t\t\t\t<span class=\"uael-fancy-heading uael-fancy-text-main uael-typed-main-wrap \"><span class=\"uael-typed-main\"><\/span><span class=\"uael-text-holder\">.<\/span><\/span>\n\t\t\t\t\t\t\t\t\t\t\t\t<\/span>\n\t\t\t\t\t\t\t\t\t<\/h3>\t\t\t\t\t<\/div>\n\t\t\t\t<\/div>\n\t\t\t\t<\/div>\n\t\t\t\t\t\t<\/div>\n\t\t\t\t\t<\/div>\n\t\t<\/div>\n\t\t\t\t\t\t\t\t<\/div>\n\t\t\t\t\t<\/div>\n\t\t<\/section>\n\t\t\t\t<section class=\"elementor-section elementor-top-section elementor-element elementor-element-22216c2 elementor-section-full_width elementor-section-height-min-height elementor-section-items-stretch elementor-section-height-default\" data-id=\"22216c2\" data-element_type=\"section\" data-settings=\"{&quot;background_background&quot;:&quot;classic&quot;}\">\n\t\t\t\t\t\t\t<div class=\"elementor-background-overlay\"><\/div>\n\t\t\t\t\t\t\t<div class=\"elementor-container elementor-column-gap-no\">\n\t\t\t\t\t\t\t<div class=\"elementor-row\">\n\t\t\t\t\t<div class=\"elementor-column elementor-col-100 elementor-top-column elementor-element elementor-element-a8c17ca\" data-id=\"a8c17ca\" data-element_type=\"column\">\n\t\t\t<div class=\"elementor-column-wrap elementor-element-populated\">\n\t\t\t\t\t\t\t<div class=\"elementor-widget-wrap\">\n\t\t\t\t\t\t<div class=\"elementor-element elementor-element-0eaa5c4 elementor-widget elementor-widget-image\" data-id=\"0eaa5c4\" data-element_type=\"widget\" data-widget_type=\"image.default\">\n\t\t\t\t<div class=\"elementor-widget-container\">\n\t\t\t\t\t\t\t\t<div class=\"elementor-image\">\n\t\t\t\t\t\t\t\t\t\t\t\t\t<a href=\"https:\/\/castelhano-ferreira.pt\/index.php\/divisorias\/\">\n\t\t\t\t\t\t\t<img width=\"580\" height=\"278\" src=\"https:\/\/castelhano-ferreira.pt\/wp-content\/uploads\/2021\/09\/LOGOS-WEBSITE-04-1024x491.png\" class=\"attachment-large size-large\" alt=\"\" loading=\"lazy\" srcset=\"https:\/\/castelhano-ferreira.pt\/wp-content\/uploads\/2021\/09\/LOGOS-WEBSITE-04-1024x491.png 1024w, https:\/\/castelhano-ferreira.pt\/wp-content\/uploads\/2021\/09\/LOGOS-WEBSITE-04-300x144.png 300w, https:\/\/castelhano-ferreira.pt\/wp-content\/uploads\/2021\/09\/LOGOS-WEBSITE-04-768x369.png 768w, https:\/\/castelhano-ferreira.pt\/wp-content\/uploads\/2021\/09\/LOGOS-WEBSITE-04-1536x737.png 1536w, https:\/\/castelhano-ferreira.pt\/wp-content\/uploads\/2021\/09\/LOGOS-WEBSITE-04-2048x983.png 2048w, https:\/\/castelhano-ferreira.pt\/wp-content\/uploads\/2021\/09\/LOGOS-WEBSITE-04-1200x576.png 1200w, https:\/\/castelhano-ferreira.pt\/wp-content\/uploads\/2021\/09\/LOGOS-WEBSITE-04-1980x950.png 1980w, https:\/\/castelhano-ferreira.pt\/wp-content\/uploads\/2021\/09\/LOGOS-WEBSITE-04-600x288.png 600w\" sizes=\"(max-width: 580px) 100vw, 580px\" \/>\t\t\t\t\t\t\t\t<\/a>\n\t\t\t\t\t\t\t\t\t\t\t\t\t\t<\/div>\n\t\t\t\t\t\t<\/div>\n\t\t\t\t<\/div>\n\t\t\t\t\t\t<\/div>\n\t\t\t\t\t<\/div>\n\t\t<\/div>\n\t\t\t\t\t\t\t\t<\/div>\n\t\t\t\t\t<\/div>\n\t\t<\/section>\n\t\t\t\t<section class=\"elementor-section elementor-top-section elementor-element elementor-element-6a204f9 elementor-section-full_width elementor-section-height-min-height elementor-section-items-stretch elementor-section-height-default\" data-id=\"6a204f9\" data-element_type=\"section\" data-settings=\"{&quot;background_background&quot;:&quot;classic&quot;}\">\n\t\t\t\t\t\t\t<div class=\"elementor-background-overlay\"><\/div>\n\t\t\t\t\t\t\t<div class=\"elementor-container elementor-column-gap-no\">\n\t\t\t\t\t\t\t<div class=\"elementor-row\">\n\t\t\t\t\t<div class=\"elementor-column elementor-col-100 elementor-top-column elementor-element elementor-element-233fc9e\" data-id=\"233fc9e\" data-element_type=\"column\">\n\t\t\t<div class=\"elementor-column-wrap elementor-element-populated\">\n\t\t\t\t\t\t\t<div class=\"elementor-widget-wrap\">\n\t\t\t\t\t\t<div class=\"elementor-element elementor-element-31dac8c elementor-widget elementor-widget-image\" data-id=\"31dac8c\" data-element_type=\"widget\" data-widget_type=\"image.default\">\n\t\t\t\t<div class=\"elementor-widget-container\">\n\t\t\t\t\t\t\t\t<div class=\"elementor-image\">\n\t\t\t\t\t\t\t\t\t\t\t\t\t<a href=\"https:\/\/castelhano-ferreira.pt\/index.php\/paineis-acusticos\/\">\n\t\t\t\t\t\t\t<img width=\"580\" height=\"278\" src=\"https:\/\/castelhano-ferreira.pt\/wp-content\/uploads\/2021\/09\/LOGOS-WEBSITE-05-1024x491.png\" class=\"attachment-large size-large\" alt=\"\" loading=\"lazy\" srcset=\"https:\/\/castelhano-ferreira.pt\/wp-content\/uploads\/2021\/09\/LOGOS-WEBSITE-05-1024x491.png 1024w, https:\/\/castelhano-ferreira.pt\/wp-content\/uploads\/2021\/09\/LOGOS-WEBSITE-05-300x144.png 300w, https:\/\/castelhano-ferreira.pt\/wp-content\/uploads\/2021\/09\/LOGOS-WEBSITE-05-768x368.png 768w, https:\/\/castelhano-ferreira.pt\/wp-content\/uploads\/2021\/09\/LOGOS-WEBSITE-05-1536x737.png 1536w, https:\/\/castelhano-ferreira.pt\/wp-content\/uploads\/2021\/09\/LOGOS-WEBSITE-05-2048x983.png 2048w, https:\/\/castelhano-ferreira.pt\/wp-content\/uploads\/2021\/09\/LOGOS-WEBSITE-05-1200x576.png 1200w, https:\/\/castelhano-ferreira.pt\/wp-content\/uploads\/2021\/09\/LOGOS-WEBSITE-05-1980x950.png 1980w, https:\/\/castelhano-ferreira.pt\/wp-content\/uploads\/2021\/09\/LOGOS-WEBSITE-05-600x288.png 600w\" sizes=\"(max-width: 580px) 100vw, 580px\" \/>\t\t\t\t\t\t\t\t<\/a>\n\t\t\t\t\t\t\t\t\t\t\t\t\t\t<\/div>\n\t\t\t\t\t\t<\/div>\n\t\t\t\t<\/div>\n\t\t\t\t\t\t<\/div>\n\t\t\t\t\t<\/div>\n\t\t<\/div>\n\t\t\t\t\t\t\t\t<\/div>\n\t\t\t\t\t<\/div>\n\t\t<\/section>\n\t\t\t\t<section class=\"elementor-section elementor-top-section elementor-element elementor-element-b9510ab elementor-section-full_width elementor-section-height-min-height elementor-section-items-stretch elementor-section-height-default\" data-id=\"b9510ab\" data-element_type=\"section\" data-settings=\"{&quot;background_background&quot;:&quot;classic&quot;}\">\n\t\t\t\t\t\t\t<div class=\"elementor-background-overlay\"><\/div>\n\t\t\t\t\t\t\t<div class=\"elementor-container elementor-column-gap-no\">\n\t\t\t\t\t\t\t<div class=\"elementor-row\">\n\t\t\t\t\t<div class=\"elementor-column elementor-col-100 elementor-top-column elementor-element elementor-element-ae7d13c\" data-id=\"ae7d13c\" data-element_type=\"column\">\n\t\t\t<div class=\"elementor-column-wrap elementor-element-populated\">\n\t\t\t\t\t\t\t<div class=\"elementor-widget-wrap\">\n\t\t\t\t\t\t<div class=\"elementor-element elementor-element-ee5f152 elementor-widget elementor-widget-image\" data-id=\"ee5f152\" data-element_type=\"widget\" data-widget_type=\"image.default\">\n\t\t\t\t<div class=\"elementor-widget-container\">\n\t\t\t\t\t\t\t\t<div class=\"elementor-image\">\n\t\t\t\t\t\t\t\t\t\t\t\t\t<a href=\"https:\/\/castelhano-ferreira.pt\/index.php\/paredes-moveis\/\">\n\t\t\t\t\t\t\t<img width=\"300\" height=\"265\" src=\"https:\/\/castelhano-ferreira.pt\/wp-content\/uploads\/2024\/03\/Mowa-16-300x265.png\" class=\"attachment-medium size-medium\" alt=\"\" loading=\"lazy\" srcset=\"https:\/\/castelhano-ferreira.pt\/wp-content\/uploads\/2024\/03\/Mowa-16-300x265.png 300w, https:\/\/castelhano-ferreira.pt\/wp-content\/uploads\/2024\/03\/Mowa-16-1024x903.png 1024w, https:\/\/castelhano-ferreira.pt\/wp-content\/uploads\/2024\/03\/Mowa-16-768x677.png 768w, https:\/\/castelhano-ferreira.pt\/wp-content\/uploads\/2024\/03\/Mowa-16-1536x1355.png 1536w, https:\/\/castelhano-ferreira.pt\/wp-content\/uploads\/2024\/03\/Mowa-16-2048x1806.png 2048w, https:\/\/castelhano-ferreira.pt\/wp-content\/uploads\/2024\/03\/Mowa-16-1200x1058.png 1200w, https:\/\/castelhano-ferreira.pt\/wp-content\/uploads\/2024\/03\/Mowa-16-1980x1746.png 1980w, https:\/\/castelhano-ferreira.pt\/wp-content\/uploads\/2024\/03\/Mowa-16-600x529.png 600w\" sizes=\"(max-width: 300px) 100vw, 300px\" \/>\t\t\t\t\t\t\t\t<\/a>\n\t\t\t\t\t\t\t\t\t\t\t\t\t\t<\/div>\n\t\t\t\t\t\t<\/div>\n\t\t\t\t<\/div>\n\t\t\t\t\t\t<\/div>\n\t\t\t\t\t<\/div>\n\t\t<\/div>\n\t\t\t\t\t\t\t\t<\/div>\n\t\t\t\t\t<\/div>\n\t\t<\/section>\n\t\t\t\t<section class=\"elementor-section elementor-top-section elementor-element elementor-element-bb81450 elementor-section-full_width elementor-section-height-min-height elementor-section-items-stretch elementor-section-height-default\" data-id=\"bb81450\" data-element_type=\"section\" data-settings=\"{&quot;background_background&quot;:&quot;classic&quot;}\">\n\t\t\t\t\t\t\t<div class=\"elementor-background-overlay\"><\/div>\n\t\t\t\t\t\t\t<div class=\"elementor-container elementor-column-gap-no\">\n\t\t\t\t\t\t\t<div class=\"elementor-row\">\n\t\t\t\t\t<div class=\"elementor-column elementor-col-100 elementor-top-column elementor-element elementor-element-afec7f3\" data-id=\"afec7f3\" data-element_type=\"column\">\n\t\t\t<div class=\"elementor-column-wrap elementor-element-populated\">\n\t\t\t\t\t\t\t<div class=\"elementor-widget-wrap\">\n\t\t\t\t\t\t<div class=\"elementor-element elementor-element-98ac81e elementor-widget elementor-widget-image\" data-id=\"98ac81e\" data-element_type=\"widget\" data-widget_type=\"image.default\">\n\t\t\t\t<div class=\"elementor-widget-container\">\n\t\t\t\t\t\t\t\t<div class=\"elementor-image\">\n\t\t\t\t\t\t\t\t\t\t\t\t\t<a href=\"https:\/\/castelhano-ferreira.pt\/index.php\/mowila\">\n\t\t\t\t\t\t\t<img width=\"580\" height=\"326\" src=\"https:\/\/castelhano-ferreira.pt\/wp-content\/uploads\/2022\/07\/MOWILA_LOGO-09-1024x576.png\" class=\"attachment-large size-large\" alt=\"\" loading=\"lazy\" srcset=\"https:\/\/castelhano-ferreira.pt\/wp-content\/uploads\/2022\/07\/MOWILA_LOGO-09-1024x576.png 1024w, https:\/\/castelhano-ferreira.pt\/wp-content\/uploads\/2022\/07\/MOWILA_LOGO-09-300x169.png 300w, https:\/\/castelhano-ferreira.pt\/wp-content\/uploads\/2022\/07\/MOWILA_LOGO-09-768x432.png 768w, https:\/\/castelhano-ferreira.pt\/wp-content\/uploads\/2022\/07\/MOWILA_LOGO-09-1536x864.png 1536w, https:\/\/castelhano-ferreira.pt\/wp-content\/uploads\/2022\/07\/MOWILA_LOGO-09-2048x1152.png 2048w, https:\/\/castelhano-ferreira.pt\/wp-content\/uploads\/2022\/07\/MOWILA_LOGO-09-1200x675.png 1200w, https:\/\/castelhano-ferreira.pt\/wp-content\/uploads\/2022\/07\/MOWILA_LOGO-09-1980x1114.png 1980w, https:\/\/castelhano-ferreira.pt\/wp-content\/uploads\/2022\/07\/MOWILA_LOGO-09-600x338.png 600w\" sizes=\"(max-width: 580px) 100vw, 580px\" \/>\t\t\t\t\t\t\t\t<\/a>\n\t\t\t\t\t\t\t\t\t\t\t\t\t\t<\/div>\n\t\t\t\t\t\t<\/div>\n\t\t\t\t<\/div>\n\t\t\t\t\t\t<\/div>\n\t\t\t\t\t<\/div>\n\t\t<\/div>\n\t\t\t\t\t\t\t\t<\/div>\n\t\t\t\t\t<\/div>\n\t\t<\/section>\n\t\t\t\t<section class=\"elementor-section elementor-top-section elementor-element elementor-element-9bc7b8a elementor-section-full_width elementor-section-height-min-height elementor-section-items-stretch elementor-section-height-default\" data-id=\"9bc7b8a\" data-element_type=\"section\" data-settings=\"{&quot;background_background&quot;:&quot;classic&quot;}\">\n\t\t\t\t\t\t\t<div class=\"elementor-background-overlay\"><\/div>\n\t\t\t\t\t\t\t<div class=\"elementor-container elementor-column-gap-no\">\n\t\t\t\t\t\t\t<div class=\"elementor-row\">\n\t\t\t\t\t<div class=\"elementor-column elementor-col-100 elementor-top-column elementor-element elementor-element-3fa148d\" data-id=\"3fa148d\" data-element_type=\"column\">\n\t\t\t<div class=\"elementor-column-wrap elementor-element-populated\">\n\t\t\t\t\t\t\t<div class=\"elementor-widget-wrap\">\n\t\t\t\t\t\t<div class=\"elementor-element elementor-element-e37f9a5 elementor-widget elementor-widget-image\" data-id=\"e37f9a5\" data-element_type=\"widget\" data-widget_type=\"image.default\">\n\t\t\t\t<div class=\"elementor-widget-container\">\n\t\t\t\t\t\t\t\t<div class=\"elementor-image\">\n\t\t\t\t\t\t\t\t\t\t\t\t\t<a href=\"https:\/\/castelhano-ferreira.pt\/index.php\/pavimentos-tecnicos\/\">\n\t\t\t\t\t\t\t<img width=\"580\" height=\"278\" src=\"https:\/\/castelhano-ferreira.pt\/wp-content\/uploads\/2021\/09\/LOGOS-WEBSITE-01-1024x491.png\" class=\"attachment-large size-large\" alt=\"\" loading=\"lazy\" srcset=\"https:\/\/castelhano-ferreira.pt\/wp-content\/uploads\/2021\/09\/LOGOS-WEBSITE-01-1024x491.png 1024w, https:\/\/castelhano-ferreira.pt\/wp-content\/uploads\/2021\/09\/LOGOS-WEBSITE-01-300x144.png 300w, https:\/\/castelhano-ferreira.pt\/wp-content\/uploads\/2021\/09\/LOGOS-WEBSITE-01-768x368.png 768w, https:\/\/castelhano-ferreira.pt\/wp-content\/uploads\/2021\/09\/LOGOS-WEBSITE-01-1536x737.png 1536w, https:\/\/castelhano-ferreira.pt\/wp-content\/uploads\/2021\/09\/LOGOS-WEBSITE-01-2048x983.png 2048w, https:\/\/castelhano-ferreira.pt\/wp-content\/uploads\/2021\/09\/LOGOS-WEBSITE-01-1200x576.png 1200w, https:\/\/castelhano-ferreira.pt\/wp-content\/uploads\/2021\/09\/LOGOS-WEBSITE-01-1980x950.png 1980w, https:\/\/castelhano-ferreira.pt\/wp-content\/uploads\/2021\/09\/LOGOS-WEBSITE-01-600x288.png 600w\" sizes=\"(max-width: 580px) 100vw, 580px\" \/>\t\t\t\t\t\t\t\t<\/a>\n\t\t\t\t\t\t\t\t\t\t\t\t\t\t<\/div>\n\t\t\t\t\t\t<\/div>\n\t\t\t\t<\/div>\n\t\t\t\t\t\t<\/div>\n\t\t\t\t\t<\/div>\n\t\t<\/div>\n\t\t\t\t\t\t\t\t<\/div>\n\t\t\t\t\t<\/div>\n\t\t<\/section>\n\t\t\t\t\t\t<\/div>\n\t\t\t\t\t\t<\/div>\n\t\t\t\t\t<\/div>\n\t\t","protected":false},"excerpt":{"rendered":"<p>PROJETOS .<\/p>\n","protected":false},"author":3,"featured_media":0,"parent":0,"menu_order":0,"comment_status":"closed","ping_status":"closed","template":"elementor_header_footer","meta":[],"yoast_head":"<!-- This site is optimized with the Yoast SEO plugin v17.3 - https:\/\/yoast.com\/wordpress\/plugins\/seo\/ -->\n<title>Marcas - Castelhano e Ferreira<\/title>\n<meta name=\"robots\" content=\"index, follow, max-snippet:-1, max-image-preview:large, max-video-preview:-1\" \/>\n<link rel=\"canonical\" href=\"https:\/\/castelhano-ferreira.pt\/index.php\/marcas\/\" \/>\n<meta property=\"og:locale\" content=\"en_US\" \/>\n<meta property=\"og:type\" content=\"article\" \/>\n<meta property=\"og:title\" content=\"Marcas - Castelhano e Ferreira\" \/>\n<meta property=\"og:description\" content=\"PROJETOS .\" \/>\n<meta property=\"og:url\" content=\"https:\/\/castelhano-ferreira.pt\/index.php\/marcas\/\" \/>\n<meta property=\"og:site_name\" content=\"Castelhano e Ferreira\" \/>\n<meta property=\"article:modified_time\" content=\"2024-03-27T10:25:32+00:00\" \/>\n<meta property=\"og:image\" content=\"https:\/\/castelhano-ferreira.pt\/wp-content\/uploads\/2021\/09\/LOGOS-WEBSITE-04-1024x491.png\" \/>\n<meta name=\"twitter:card\" content=\"summary_large_image\" \/>\n<meta name=\"twitter:label1\" content=\"Est. reading time\" \/>\n\t<meta name=\"twitter:data1\" content=\"2 minutes\" \/>\n<script type=\"application\/ld+json\" class=\"yoast-schema-graph\">{\"@context\":\"https:\/\/schema.org\",\"@graph\":[{\"@type\":\"WebSite\",\"@id\":\"https:\/\/castelhano-ferreira.pt\/#website\",\"url\":\"https:\/\/castelhano-ferreira.pt\/\",\"name\":\"Castelhano e Ferreira\",\"description\":\"Solu\\u00e7\\u00f5es Globais para Espa\\u00e7os de Trabalho\",\"potentialAction\":[{\"@type\":\"SearchAction\",\"target\":{\"@type\":\"EntryPoint\",\"urlTemplate\":\"https:\/\/castelhano-ferreira.pt\/?s={search_term_string}\"},\"query-input\":\"required name=search_term_string\"}],\"inLanguage\":\"en-US\"},{\"@type\":\"ImageObject\",\"@id\":\"https:\/\/castelhano-ferreira.pt\/index.php\/marcas\/#primaryimage\",\"inLanguage\":\"en-US\",\"url\":\"https:\/\/castelhano-ferreira.pt\/wp-content\/uploads\/2021\/09\/LOGOS-WEBSITE-04.png\",\"contentUrl\":\"https:\/\/castelhano-ferreira.pt\/wp-content\/uploads\/2021\/09\/LOGOS-WEBSITE-04.png\",\"width\":9378,\"height\":4500},{\"@type\":\"WebPage\",\"@id\":\"https:\/\/castelhano-ferreira.pt\/index.php\/marcas\/#webpage\",\"url\":\"https:\/\/castelhano-ferreira.pt\/index.php\/marcas\/\",\"name\":\"Marcas - Castelhano e Ferreira\",\"isPartOf\":{\"@id\":\"https:\/\/castelhano-ferreira.pt\/#website\"},\"primaryImageOfPage\":{\"@id\":\"https:\/\/castelhano-ferreira.pt\/index.php\/marcas\/#primaryimage\"},\"datePublished\":\"2021-06-04T15:11:14+00:00\",\"dateModified\":\"2024-03-27T10:25:32+00:00\",\"breadcrumb\":{\"@id\":\"https:\/\/castelhano-ferreira.pt\/index.php\/marcas\/#breadcrumb\"},\"inLanguage\":\"en-US\",\"potentialAction\":[{\"@type\":\"ReadAction\",\"target\":[\"https:\/\/castelhano-ferreira.pt\/index.php\/marcas\/\"]}]},{\"@type\":\"BreadcrumbList\",\"@id\":\"https:\/\/castelhano-ferreira.pt\/index.php\/marcas\/#breadcrumb\",\"itemListElement\":[{\"@type\":\"ListItem\",\"position\":1,\"name\":\"Home\",\"item\":\"https:\/\/castelhano-ferreira.pt\/\"},{\"@type\":\"ListItem\",\"position\":2,\"name\":\"Marcas\"}]}]}<\/script>\n<!-- \/ Yoast SEO plugin. -->","yoast_head_json":{"title":"Marcas - Castelhano e Ferreira","robots":{"index":"index","follow":"follow","max-snippet":"max-snippet:-1","max-image-preview":"max-image-preview:large","max-video-preview":"max-video-preview:-1"},"canonical":"https:\/\/castelhano-ferreira.pt\/index.php\/marcas\/","og_locale":"en_US","og_type":"article","og_title":"Marcas - Castelhano e Ferreira","og_description":"PROJETOS .","og_url":"https:\/\/castelhano-ferreira.pt\/index.php\/marcas\/","og_site_name":"Castelhano e Ferreira","article_modified_time":"2024-03-27T10:25:32+00:00","og_image":[{"url":"https:\/\/castelhano-ferreira.pt\/wp-content\/uploads\/2021\/09\/LOGOS-WEBSITE-04-1024x491.png"}],"twitter_card":"summary_large_image","twitter_misc":{"Est. reading time":"2 minutes"},"schema":{"@context":"https:\/\/schema.org","@graph":[{"@type":"WebSite","@id":"https:\/\/castelhano-ferreira.pt\/#website","url":"https:\/\/castelhano-ferreira.pt\/","name":"Castelhano e Ferreira","description":"Solu\u00e7\u00f5es Globais para Espa\u00e7os de Trabalho","potentialAction":[{"@type":"SearchAction","target":{"@type":"EntryPoint","urlTemplate":"https:\/\/castelhano-ferreira.pt\/?s={search_term_string}"},"query-input":"required name=search_term_string"}],"inLanguage":"en-US"},{"@type":"ImageObject","@id":"https:\/\/castelhano-ferreira.pt\/index.php\/marcas\/#primaryimage","inLanguage":"en-US","url":"https:\/\/castelhano-ferreira.pt\/wp-content\/uploads\/2021\/09\/LOGOS-WEBSITE-04.png","contentUrl":"https:\/\/castelhano-ferreira.pt\/wp-content\/uploads\/2021\/09\/LOGOS-WEBSITE-04.png","width":9378,"height":4500},{"@type":"WebPage","@id":"https:\/\/castelhano-ferreira.pt\/index.php\/marcas\/#webpage","url":"https:\/\/castelhano-ferreira.pt\/index.php\/marcas\/","name":"Marcas - Castelhano e Ferreira","isPartOf":{"@id":"https:\/\/castelhano-ferreira.pt\/#website"},"primaryImageOfPage":{"@id":"https:\/\/castelhano-ferreira.pt\/index.php\/marcas\/#primaryimage"},"datePublished":"2021-06-04T15:11:14+00:00","dateModified":"2024-03-27T10:25:32+00:00","breadcrumb":{"@id":"https:\/\/castelhano-ferreira.pt\/index.php\/marcas\/#breadcrumb"},"inLanguage":"en-US","potentialAction":[{"@type":"ReadAction","target":["https:\/\/castelhano-ferreira.pt\/index.php\/marcas\/"]}]},{"@type":"BreadcrumbList","@id":"https:\/\/castelhano-ferreira.pt\/index.php\/marcas\/#breadcrumb","itemListElement":[{"@type":"ListItem","position":1,"name":"Home","item":"https:\/\/castelhano-ferreira.pt\/"},{"@type":"ListItem","position":2,"name":"Marcas"}]}]}},"_links":{"self":[{"href":"https:\/\/castelhano-ferreira.pt\/index.php\/wp-json\/wp\/v2\/pages\/3506"}],"collection":[{"href":"https:\/\/castelhano-ferreira.pt\/index.php\/wp-json\/wp\/v2\/pages"}],"about":[{"href":"https:\/\/castelhano-ferreira.pt\/index.php\/wp-json\/wp\/v2\/types\/page"}],"author":[{"embeddable":true,"href":"https:\/\/castelhano-ferreira.pt\/index.php\/wp-json\/wp\/v2\/users\/3"}],"replies":[{"embeddable":true,"href":"https:\/\/castelhano-ferreira.pt\/index.php\/wp-json\/wp\/v2\/comments?post=3506"}],"version-history":[{"count":127,"href":"https:\/\/castelhano-ferreira.pt\/index.php\/wp-json\/wp\/v2\/pages\/3506\/revisions"}],"predecessor-version":[{"id":11687,"href":"https:\/\/castelhano-ferreira.pt\/index.php\/wp-json\/wp\/v2\/pages\/3506\/revisions\/11687"}],"wp:attachment":[{"href":"https:\/\/castelhano-ferreira.pt\/index.php\/wp-json\/wp\/v2\/media?parent=3506"}],"curies":[{"name":"wp","href":"https:\/\/api.w.org\/{rel}","templated":true}]}}