{"id":4937,"date":"2021-07-23T14:31:01","date_gmt":"2021-07-23T14:31:01","guid":{"rendered":"https:\/\/developer.blink-eye.com\/castelhano\/?page_id=4937"},"modified":"2021-12-05T19:15:00","modified_gmt":"2021-12-05T19:15:00","slug":"produtos-relacionados-01","status":"publish","type":"page","link":"https:\/\/castelhano-ferreira.pt\/index.php\/produtos-relacionados-01\/","title":{"rendered":"Produtos Relacionados 01"},"content":{"rendered":"\t\t<div data-elementor-type=\"wp-page\" data-elementor-id=\"4937\" class=\"elementor elementor-4937\" data-elementor-settings=\"[]\">\n\t\t\t\t\t\t<div class=\"elementor-inner\">\n\t\t\t\t\t\t\t<div class=\"elementor-section-wrap\">\n\t\t\t\t\t\t\t<section class=\"elementor-section elementor-top-section elementor-element elementor-element-9ec3c2c elementor-section-boxed elementor-section-height-default elementor-section-height-default\" data-id=\"9ec3c2c\" data-element_type=\"section\">\n\t\t\t\t\t\t<div class=\"elementor-container elementor-column-gap-default\">\n\t\t\t\t\t\t\t<div class=\"elementor-row\">\n\t\t\t\t\t<div class=\"elementor-column elementor-col-100 elementor-top-column elementor-element elementor-element-6dba404\" data-id=\"6dba404\" data-element_type=\"column\">\n\t\t\t<div class=\"elementor-column-wrap elementor-element-populated\">\n\t\t\t\t\t\t\t<div class=\"elementor-widget-wrap\">\n\t\t\t\t\t\t<div class=\"elementor-element elementor-element-5537234 uael-woo--align-center uael-woo-pagination-align-center elementor-widget elementor-widget-uael-woo-products\" data-id=\"5537234\" data-element_type=\"widget\" data-widget_type=\"uael-woo-products.grid-franko\">\n\t\t\t\t<div class=\"elementor-widget-container\">\n\t\t\t<div class=\"uael-woocommerce uael-woo-products-grid uael-woo-skin-grid-franko uael-woo-query-custom\" data-page=\"4937\" data-skin=\"grid_franko\"\"><div class=\" columns-3 uael-woo-products-inner uael-woo-product__column-3 uael-woo-product__column-tablet-2 uael-woo-product__column-mobile-1 uael-woo-product__hover-zoom\"><ul class=\"products columns-3\">\n\n<li class=\" post-827 product first instock shipping-taxable product-type-grouped\">\n\t<div class=\"uael-woo-product-wrapper\">\n\t\t<div class=\"uael-woo-products-thumbnail-wrap\"><a href=\"https:\/\/castelhano-ferreira.pt\/index.php\/product\/cf5-perfuracao-redonda-o-5-mm\/\" class=\"woocommerce-LoopProduct-link woocommerce-loop-product__link\"><img width=\"450\" height=\"450\" src=\"https:\/\/castelhano-ferreira.pt\/wp-content\/uploads\/2019\/12\/CF5-450x450.jpg\" class=\"attachment-woocommerce_thumbnail size-woocommerce_thumbnail\" alt=\"CF5\" loading=\"lazy\" srcset=\"https:\/\/castelhano-ferreira.pt\/wp-content\/uploads\/2019\/12\/CF5-450x450.jpg 450w, https:\/\/castelhano-ferreira.pt\/wp-content\/uploads\/2019\/12\/CF5-100x100.jpg 100w, https:\/\/castelhano-ferreira.pt\/wp-content\/uploads\/2019\/12\/CF5-600x600.jpg 600w, https:\/\/castelhano-ferreira.pt\/wp-content\/uploads\/2019\/12\/CF5-300x300.jpg 300w, https:\/\/castelhano-ferreira.pt\/wp-content\/uploads\/2019\/12\/CF5-1024x1024.jpg 1024w, https:\/\/castelhano-ferreira.pt\/wp-content\/uploads\/2019\/12\/CF5-150x150.jpg 150w, https:\/\/castelhano-ferreira.pt\/wp-content\/uploads\/2019\/12\/CF5-768x768.jpg 768w, https:\/\/castelhano-ferreira.pt\/wp-content\/uploads\/2019\/12\/CF5-1200x1200.jpg 1200w, https:\/\/castelhano-ferreira.pt\/wp-content\/uploads\/2019\/12\/CF5.jpg 1253w\" sizes=\"(max-width: 450px) 100vw, 450px\" \/><\/a><div class=\"uael-product-actions\"><\/div><\/div><div class=\"uael-woo-products-summary-wrap\"><a href=\"https:\/\/castelhano-ferreira.pt\/index.php\/product\/cf5-perfuracao-redonda-o-5-mm\/\" class=\"uael-loop-product__link\"><h2 class=\"woocommerce-loop-product__title\">CF5<\/h2><\/a><\/div>\t<\/div>\n<\/li>\n\n<li class=\" post-828 product  instock shipping-taxable product-type-grouped\">\n\t<div class=\"uael-woo-product-wrapper\">\n\t\t<div class=\"uael-woo-products-thumbnail-wrap\"><a href=\"https:\/\/castelhano-ferreira.pt\/index.php\/product\/cf6-perfuracao-redonda-o-6mm\/\" class=\"woocommerce-LoopProduct-link woocommerce-loop-product__link\"><img width=\"450\" height=\"450\" src=\"https:\/\/castelhano-ferreira.pt\/wp-content\/uploads\/2019\/12\/CF6-450x450.jpg\" class=\"attachment-woocommerce_thumbnail size-woocommerce_thumbnail\" alt=\"CF6\" loading=\"lazy\" srcset=\"https:\/\/castelhano-ferreira.pt\/wp-content\/uploads\/2019\/12\/CF6-450x450.jpg 450w, https:\/\/castelhano-ferreira.pt\/wp-content\/uploads\/2019\/12\/CF6-100x100.jpg 100w, https:\/\/castelhano-ferreira.pt\/wp-content\/uploads\/2019\/12\/CF6-600x600.jpg 600w, https:\/\/castelhano-ferreira.pt\/wp-content\/uploads\/2019\/12\/CF6-300x300.jpg 300w, https:\/\/castelhano-ferreira.pt\/wp-content\/uploads\/2019\/12\/CF6-1024x1024.jpg 1024w, https:\/\/castelhano-ferreira.pt\/wp-content\/uploads\/2019\/12\/CF6-150x150.jpg 150w, https:\/\/castelhano-ferreira.pt\/wp-content\/uploads\/2019\/12\/CF6-768x768.jpg 768w, https:\/\/castelhano-ferreira.pt\/wp-content\/uploads\/2019\/12\/CF6-1200x1200.jpg 1200w, https:\/\/castelhano-ferreira.pt\/wp-content\/uploads\/2019\/12\/CF6.jpg 1280w\" sizes=\"(max-width: 450px) 100vw, 450px\" \/><\/a><div class=\"uael-product-actions\"><\/div><\/div><div class=\"uael-woo-products-summary-wrap\"><a href=\"https:\/\/castelhano-ferreira.pt\/index.php\/product\/cf6-perfuracao-redonda-o-6mm\/\" class=\"uael-loop-product__link\"><h2 class=\"woocommerce-loop-product__title\">CF6<\/h2><\/a><\/div>\t<\/div>\n<\/li>\n\n<li class=\" post-830 product last instock shipping-taxable product-type-grouped\">\n\t<div class=\"uael-woo-product-wrapper\">\n\t\t<div class=\"uael-woo-products-thumbnail-wrap\"><a href=\"https:\/\/castelhano-ferreira.pt\/index.php\/product\/cf8-perfuracao-redonda-o-8mm\/\" class=\"woocommerce-LoopProduct-link woocommerce-loop-product__link\"><img width=\"450\" height=\"450\" src=\"https:\/\/castelhano-ferreira.pt\/wp-content\/uploads\/2019\/12\/CF8-450x450.jpg\" class=\"attachment-woocommerce_thumbnail size-woocommerce_thumbnail\" alt=\"CF8\" loading=\"lazy\" srcset=\"https:\/\/castelhano-ferreira.pt\/wp-content\/uploads\/2019\/12\/CF8-450x450.jpg 450w, https:\/\/castelhano-ferreira.pt\/wp-content\/uploads\/2019\/12\/CF8-100x100.jpg 100w, https:\/\/castelhano-ferreira.pt\/wp-content\/uploads\/2019\/12\/CF8-600x600.jpg 600w, https:\/\/castelhano-ferreira.pt\/wp-content\/uploads\/2019\/12\/CF8-300x300.jpg 300w, https:\/\/castelhano-ferreira.pt\/wp-content\/uploads\/2019\/12\/CF8-1024x1024.jpg 1024w, https:\/\/castelhano-ferreira.pt\/wp-content\/uploads\/2019\/12\/CF8-150x150.jpg 150w, https:\/\/castelhano-ferreira.pt\/wp-content\/uploads\/2019\/12\/CF8-768x768.jpg 768w, https:\/\/castelhano-ferreira.pt\/wp-content\/uploads\/2019\/12\/CF8-1200x1200.jpg 1200w, https:\/\/castelhano-ferreira.pt\/wp-content\/uploads\/2019\/12\/CF8.jpg 1280w\" sizes=\"(max-width: 450px) 100vw, 450px\" \/><\/a><div class=\"uael-product-actions\"><\/div><\/div><div class=\"uael-woo-products-summary-wrap\"><a href=\"https:\/\/castelhano-ferreira.pt\/index.php\/product\/cf8-perfuracao-redonda-o-8mm\/\" class=\"uael-loop-product__link\"><h2 class=\"woocommerce-loop-product__title\">CF8<\/h2><\/a><\/div>\t<\/div>\n<\/li>\n\n<li class=\" post-831 product first instock shipping-taxable product-type-grouped\">\n\t<div class=\"uael-woo-product-wrapper\">\n\t\t<div class=\"uael-woo-products-thumbnail-wrap\"><a href=\"https:\/\/castelhano-ferreira.pt\/index.php\/product\/cf8-16-16-perfuracao-redonda-o-8mm\/\" class=\"woocommerce-LoopProduct-link woocommerce-loop-product__link\"><img width=\"450\" height=\"450\" src=\"https:\/\/castelhano-ferreira.pt\/wp-content\/uploads\/2019\/12\/CF8-16-16-450x450.jpg\" class=\"attachment-woocommerce_thumbnail size-woocommerce_thumbnail\" alt=\"CF8 16\/16\" loading=\"lazy\" srcset=\"https:\/\/castelhano-ferreira.pt\/wp-content\/uploads\/2019\/12\/CF8-16-16-450x450.jpg 450w, https:\/\/castelhano-ferreira.pt\/wp-content\/uploads\/2019\/12\/CF8-16-16-100x100.jpg 100w, https:\/\/castelhano-ferreira.pt\/wp-content\/uploads\/2019\/12\/CF8-16-16-600x600.jpg 600w, https:\/\/castelhano-ferreira.pt\/wp-content\/uploads\/2019\/12\/CF8-16-16-300x300.jpg 300w, https:\/\/castelhano-ferreira.pt\/wp-content\/uploads\/2019\/12\/CF8-16-16-1024x1024.jpg 1024w, https:\/\/castelhano-ferreira.pt\/wp-content\/uploads\/2019\/12\/CF8-16-16-150x150.jpg 150w, https:\/\/castelhano-ferreira.pt\/wp-content\/uploads\/2019\/12\/CF8-16-16-768x768.jpg 768w, https:\/\/castelhano-ferreira.pt\/wp-content\/uploads\/2019\/12\/CF8-16-16-1536x1536.jpg 1536w, https:\/\/castelhano-ferreira.pt\/wp-content\/uploads\/2019\/12\/CF8-16-16-1200x1200.jpg 1200w, https:\/\/castelhano-ferreira.pt\/wp-content\/uploads\/2019\/12\/CF8-16-16.jpg 1907w\" sizes=\"(max-width: 450px) 100vw, 450px\" \/><\/a><div class=\"uael-product-actions\"><\/div><\/div><div class=\"uael-woo-products-summary-wrap\"><a href=\"https:\/\/castelhano-ferreira.pt\/index.php\/product\/cf8-16-16-perfuracao-redonda-o-8mm\/\" class=\"uael-loop-product__link\"><h2 class=\"woocommerce-loop-product__title\">CF8  16\/16<\/h2><\/a><\/div>\t<\/div>\n<\/li>\n\n<li class=\" post-832 product  instock shipping-taxable product-type-grouped\">\n\t<div class=\"uael-woo-product-wrapper\">\n\t\t<div class=\"uael-woo-products-thumbnail-wrap\"><a href=\"https:\/\/castelhano-ferreira.pt\/index.php\/product\/cfal-perfuracao-redonda-o-6-12-20mm\/\" class=\"woocommerce-LoopProduct-link woocommerce-loop-product__link\"><img width=\"450\" height=\"450\" src=\"https:\/\/castelhano-ferreira.pt\/wp-content\/uploads\/2019\/12\/CFAL-450x450.jpg\" class=\"attachment-woocommerce_thumbnail size-woocommerce_thumbnail\" alt=\"CFAL\" loading=\"lazy\" srcset=\"https:\/\/castelhano-ferreira.pt\/wp-content\/uploads\/2019\/12\/CFAL-450x450.jpg 450w, https:\/\/castelhano-ferreira.pt\/wp-content\/uploads\/2019\/12\/CFAL-100x100.jpg 100w, https:\/\/castelhano-ferreira.pt\/wp-content\/uploads\/2019\/12\/CFAL-600x600.jpg 600w, https:\/\/castelhano-ferreira.pt\/wp-content\/uploads\/2019\/12\/CFAL-300x300.jpg 300w, https:\/\/castelhano-ferreira.pt\/wp-content\/uploads\/2019\/12\/CFAL-1024x1024.jpg 1024w, https:\/\/castelhano-ferreira.pt\/wp-content\/uploads\/2019\/12\/CFAL-150x150.jpg 150w, https:\/\/castelhano-ferreira.pt\/wp-content\/uploads\/2019\/12\/CFAL-768x768.jpg 768w, https:\/\/castelhano-ferreira.pt\/wp-content\/uploads\/2019\/12\/CFAL-1200x1200.jpg 1200w, https:\/\/castelhano-ferreira.pt\/wp-content\/uploads\/2019\/12\/CFAL.jpg 1280w\" sizes=\"(max-width: 450px) 100vw, 450px\" \/><\/a><div class=\"uael-product-actions\"><\/div><\/div><div class=\"uael-woo-products-summary-wrap\"><a href=\"https:\/\/castelhano-ferreira.pt\/index.php\/product\/cfal-perfuracao-redonda-o-6-12-20mm\/\" class=\"uael-loop-product__link\"><h2 class=\"woocommerce-loop-product__title\">CFAL<\/h2><\/a><\/div>\t<\/div>\n<\/li>\n\n<li class=\" post-833 product last instock shipping-taxable product-type-grouped\">\n\t<div class=\"uael-woo-product-wrapper\">\n\t\t<div class=\"uael-woo-products-thumbnail-wrap\"><a href=\"https:\/\/castelhano-ferreira.pt\/index.php\/product\/cf8-perfuracao-quadrada-18x18mm\/\" class=\"woocommerce-LoopProduct-link woocommerce-loop-product__link\"><img width=\"450\" height=\"450\" src=\"https:\/\/castelhano-ferreira.pt\/wp-content\/uploads\/2019\/12\/CFQ18x18-450x450.jpg\" class=\"attachment-woocommerce_thumbnail size-woocommerce_thumbnail\" alt=\"CFQ 18x18\" loading=\"lazy\" srcset=\"https:\/\/castelhano-ferreira.pt\/wp-content\/uploads\/2019\/12\/CFQ18x18-450x450.jpg 450w, https:\/\/castelhano-ferreira.pt\/wp-content\/uploads\/2019\/12\/CFQ18x18-100x100.jpg 100w, https:\/\/castelhano-ferreira.pt\/wp-content\/uploads\/2019\/12\/CFQ18x18-600x600.jpg 600w, https:\/\/castelhano-ferreira.pt\/wp-content\/uploads\/2019\/12\/CFQ18x18-300x300.jpg 300w, https:\/\/castelhano-ferreira.pt\/wp-content\/uploads\/2019\/12\/CFQ18x18-1024x1024.jpg 1024w, https:\/\/castelhano-ferreira.pt\/wp-content\/uploads\/2019\/12\/CFQ18x18-150x150.jpg 150w, https:\/\/castelhano-ferreira.pt\/wp-content\/uploads\/2019\/12\/CFQ18x18-768x768.jpg 768w, https:\/\/castelhano-ferreira.pt\/wp-content\/uploads\/2019\/12\/CFQ18x18-1200x1200.jpg 1200w, https:\/\/castelhano-ferreira.pt\/wp-content\/uploads\/2019\/12\/CFQ18x18.jpg 1267w\" sizes=\"(max-width: 450px) 100vw, 450px\" \/><\/a><div class=\"uael-product-actions\"><\/div><\/div><div class=\"uael-woo-products-summary-wrap\"><a href=\"https:\/\/castelhano-ferreira.pt\/index.php\/product\/cf8-perfuracao-quadrada-18x18mm\/\" class=\"uael-loop-product__link\"><h2 class=\"woocommerce-loop-product__title\">CFQ 18&#215;18<\/h2><\/a><\/div>\t<\/div>\n<\/li>\n\n<li class=\" post-834 product first instock shipping-taxable product-type-grouped\">\n\t<div class=\"uael-woo-product-wrapper\">\n\t\t<div class=\"uael-woo-products-thumbnail-wrap\"><a href=\"https:\/\/castelhano-ferreira.pt\/index.php\/product\/cfq-24-24-perfuracao-quadrada-24x24mm\/\" class=\"woocommerce-LoopProduct-link woocommerce-loop-product__link\"><img width=\"450\" height=\"450\" src=\"https:\/\/castelhano-ferreira.pt\/wp-content\/uploads\/2019\/12\/CFQ24x24-450x450.jpg\" class=\"attachment-woocommerce_thumbnail size-woocommerce_thumbnail\" alt=\"CFQ 24x24\" loading=\"lazy\" srcset=\"https:\/\/castelhano-ferreira.pt\/wp-content\/uploads\/2019\/12\/CFQ24x24-450x450.jpg 450w, https:\/\/castelhano-ferreira.pt\/wp-content\/uploads\/2019\/12\/CFQ24x24-100x100.jpg 100w, https:\/\/castelhano-ferreira.pt\/wp-content\/uploads\/2019\/12\/CFQ24x24-600x600.jpg 600w, https:\/\/castelhano-ferreira.pt\/wp-content\/uploads\/2019\/12\/CFQ24x24-300x300.jpg 300w, https:\/\/castelhano-ferreira.pt\/wp-content\/uploads\/2019\/12\/CFQ24x24-1024x1024.jpg 1024w, https:\/\/castelhano-ferreira.pt\/wp-content\/uploads\/2019\/12\/CFQ24x24-150x150.jpg 150w, https:\/\/castelhano-ferreira.pt\/wp-content\/uploads\/2019\/12\/CFQ24x24-768x767.jpg 768w, https:\/\/castelhano-ferreira.pt\/wp-content\/uploads\/2019\/12\/CFQ24x24-1200x1199.jpg 1200w, https:\/\/castelhano-ferreira.pt\/wp-content\/uploads\/2019\/12\/CFQ24x24.jpg 1246w\" sizes=\"(max-width: 450px) 100vw, 450px\" \/><\/a><div class=\"uael-product-actions\"><\/div><\/div><div class=\"uael-woo-products-summary-wrap\"><a href=\"https:\/\/castelhano-ferreira.pt\/index.php\/product\/cfq-24-24-perfuracao-quadrada-24x24mm\/\" class=\"uael-loop-product__link\"><h2 class=\"woocommerce-loop-product__title\">CFQ 24&#215;24<\/h2><\/a><\/div>\t<\/div>\n<\/li>\n\n<li class=\" post-835 product  instock shipping-taxable product-type-grouped\">\n\t<div class=\"uael-woo-product-wrapper\">\n\t\t<div class=\"uael-woo-products-thumbnail-wrap\"><a href=\"https:\/\/castelhano-ferreira.pt\/index.php\/product\/cfq-31-31-perfuracao-quadrada-31x31mm\/\" class=\"woocommerce-LoopProduct-link woocommerce-loop-product__link\"><img width=\"450\" height=\"450\" src=\"https:\/\/castelhano-ferreira.pt\/wp-content\/uploads\/2019\/12\/CFQ31x31-450x450.jpg\" class=\"attachment-woocommerce_thumbnail size-woocommerce_thumbnail\" alt=\"CFQ 31x31\" loading=\"lazy\" srcset=\"https:\/\/castelhano-ferreira.pt\/wp-content\/uploads\/2019\/12\/CFQ31x31-450x450.jpg 450w, https:\/\/castelhano-ferreira.pt\/wp-content\/uploads\/2019\/12\/CFQ31x31-100x100.jpg 100w, https:\/\/castelhano-ferreira.pt\/wp-content\/uploads\/2019\/12\/CFQ31x31-600x600.jpg 600w, https:\/\/castelhano-ferreira.pt\/wp-content\/uploads\/2019\/12\/CFQ31x31-300x300.jpg 300w, https:\/\/castelhano-ferreira.pt\/wp-content\/uploads\/2019\/12\/CFQ31x31-1024x1024.jpg 1024w, https:\/\/castelhano-ferreira.pt\/wp-content\/uploads\/2019\/12\/CFQ31x31-150x150.jpg 150w, https:\/\/castelhano-ferreira.pt\/wp-content\/uploads\/2019\/12\/CFQ31x31-768x767.jpg 768w, https:\/\/castelhano-ferreira.pt\/wp-content\/uploads\/2019\/12\/CFQ31x31-1200x1199.jpg 1200w, https:\/\/castelhano-ferreira.pt\/wp-content\/uploads\/2019\/12\/CFQ31x31.jpg 1263w\" sizes=\"(max-width: 450px) 100vw, 450px\" \/><\/a><div class=\"uael-product-actions\"><\/div><\/div><div class=\"uael-woo-products-summary-wrap\"><a href=\"https:\/\/castelhano-ferreira.pt\/index.php\/product\/cfq-31-31-perfuracao-quadrada-31x31mm\/\" class=\"uael-loop-product__link\"><h2 class=\"woocommerce-loop-product__title\">CFQ 31&#215;31<\/h2><\/a><\/div>\t<\/div>\n<\/li>\n\n<li class=\" post-836 product last instock shipping-taxable product-type-grouped\">\n\t<div class=\"uael-woo-product-wrapper\">\n\t\t<div class=\"uael-woo-products-thumbnail-wrap\"><a href=\"https:\/\/castelhano-ferreira.pt\/index.php\/product\/cfr48-ranhura-100x8mm\/\" class=\"woocommerce-LoopProduct-link woocommerce-loop-product__link\"><img width=\"450\" height=\"450\" src=\"https:\/\/castelhano-ferreira.pt\/wp-content\/uploads\/2019\/12\/CFR48-450x450.jpg\" class=\"attachment-woocommerce_thumbnail size-woocommerce_thumbnail\" alt=\"CFR 48\" loading=\"lazy\" srcset=\"https:\/\/castelhano-ferreira.pt\/wp-content\/uploads\/2019\/12\/CFR48-450x450.jpg 450w, https:\/\/castelhano-ferreira.pt\/wp-content\/uploads\/2019\/12\/CFR48-100x100.jpg 100w, https:\/\/castelhano-ferreira.pt\/wp-content\/uploads\/2019\/12\/CFR48-600x600.jpg 600w, https:\/\/castelhano-ferreira.pt\/wp-content\/uploads\/2019\/12\/CFR48-300x300.jpg 300w, https:\/\/castelhano-ferreira.pt\/wp-content\/uploads\/2019\/12\/CFR48-1024x1024.jpg 1024w, https:\/\/castelhano-ferreira.pt\/wp-content\/uploads\/2019\/12\/CFR48-150x150.jpg 150w, https:\/\/castelhano-ferreira.pt\/wp-content\/uploads\/2019\/12\/CFR48-768x768.jpg 768w, https:\/\/castelhano-ferreira.pt\/wp-content\/uploads\/2019\/12\/CFR48-1200x1200.jpg 1200w, https:\/\/castelhano-ferreira.pt\/wp-content\/uploads\/2019\/12\/CFR48.jpg 1248w\" sizes=\"(max-width: 450px) 100vw, 450px\" \/><\/a><div class=\"uael-product-actions\"><\/div><\/div><div class=\"uael-woo-products-summary-wrap\"><a href=\"https:\/\/castelhano-ferreira.pt\/index.php\/product\/cfr48-ranhura-100x8mm\/\" class=\"uael-loop-product__link\"><h2 class=\"woocommerce-loop-product__title\">CFR48<\/h2><\/a><\/div>\t<\/div>\n<\/li>\n<\/ul>\n<nav class=\"uael-woocommerce-pagination\">\n\t<ul class='page-numbers'>\n\t<li><span class=\"page-numbers current\">1<\/span><\/li>\n\t<li><a class=\"page-numbers\" href=\"https:\/\/castelhano-ferreira.pt\/index.php\/wp-json\/wp\/v2\/pages\/4937\/page\/2\/\">2<\/a><\/li>\n\t<li><a class=\"next page-numbers\" href=\"https:\/\/castelhano-ferreira.pt\/index.php\/wp-json\/wp\/v2\/pages\/4937\/page\/2\/\">\u2192<\/a><\/li>\n<\/ul>\n<\/nav>\n<\/div><\/div>\t\t<\/div>\n\t\t\t\t<\/div>\n\t\t\t\t\t\t<\/div>\n\t\t\t\t\t<\/div>\n\t\t<\/div>\n\t\t\t\t\t\t\t\t<\/div>\n\t\t\t\t\t<\/div>\n\t\t<\/section>\n\t\t\t\t\t\t<\/div>\n\t\t\t\t\t\t<\/div>\n\t\t\t\t\t<\/div>\n\t\t","protected":false},"excerpt":{"rendered":"<p>CF5 CF6 CF8 CF8 16\/16 CFAL CFQ 18\u00d718 CFQ 24\u00d724 CFQ 31\u00d731 CFR48 1 2 \u2192<\/p>\n","protected":false},"author":3,"featured_media":0,"parent":0,"menu_order":0,"comment_status":"closed","ping_status":"closed","template":"elementor_header_footer","meta":[],"yoast_head":"<!-- This site is optimized with the Yoast SEO plugin v17.3 - https:\/\/yoast.com\/wordpress\/plugins\/seo\/ -->\n<title>Produtos Relacionados 01 - Castelhano e Ferreira<\/title>\n<meta name=\"robots\" content=\"index, follow, max-snippet:-1, max-image-preview:large, max-video-preview:-1\" \/>\n<link rel=\"canonical\" href=\"https:\/\/castelhano-ferreira.pt\/index.php\/produtos-relacionados-01\/\" \/>\n<meta property=\"og:locale\" content=\"en_US\" \/>\n<meta property=\"og:type\" content=\"article\" \/>\n<meta property=\"og:title\" content=\"Produtos Relacionados 01 - Castelhano e Ferreira\" \/>\n<meta property=\"og:description\" content=\"CF5 CF6 CF8 CF8 16\/16 CFAL CFQ 18\u00d718 CFQ 24\u00d724 CFQ 31\u00d731 CFR48 1 2 \u2192\" \/>\n<meta property=\"og:url\" content=\"https:\/\/castelhano-ferreira.pt\/index.php\/produtos-relacionados-01\/\" \/>\n<meta property=\"og:site_name\" content=\"Castelhano e Ferreira\" \/>\n<meta property=\"article:modified_time\" content=\"2021-12-05T19:15:00+00:00\" \/>\n<meta property=\"og:image\" content=\"https:\/\/www.castelhano-ferreira.pt\/wp-content\/uploads\/2019\/12\/CF5-450x450.jpg\" \/>\n<meta name=\"twitter:card\" content=\"summary_large_image\" \/>\n<meta name=\"twitter:label1\" content=\"Est. reading time\" \/>\n\t<meta name=\"twitter:data1\" content=\"2 minutes\" \/>\n<script type=\"application\/ld+json\" class=\"yoast-schema-graph\">{\"@context\":\"https:\/\/schema.org\",\"@graph\":[{\"@type\":\"WebSite\",\"@id\":\"https:\/\/castelhano-ferreira.pt\/#website\",\"url\":\"https:\/\/castelhano-ferreira.pt\/\",\"name\":\"Castelhano e Ferreira\",\"description\":\"Solu\\u00e7\\u00f5es Globais para Espa\\u00e7os de Trabalho\",\"potentialAction\":[{\"@type\":\"SearchAction\",\"target\":{\"@type\":\"EntryPoint\",\"urlTemplate\":\"https:\/\/castelhano-ferreira.pt\/?s={search_term_string}\"},\"query-input\":\"required name=search_term_string\"}],\"inLanguage\":\"en-US\"},{\"@type\":\"ImageObject\",\"@id\":\"https:\/\/castelhano-ferreira.pt\/index.php\/produtos-relacionados-01\/#primaryimage\",\"inLanguage\":\"en-US\",\"url\":\"https:\/\/www.castelhano-ferreira.pt\/wp-content\/uploads\/2019\/12\/CF5-450x450.jpg\",\"contentUrl\":\"https:\/\/www.castelhano-ferreira.pt\/wp-content\/uploads\/2019\/12\/CF5-450x450.jpg\"},{\"@type\":\"WebPage\",\"@id\":\"https:\/\/castelhano-ferreira.pt\/index.php\/produtos-relacionados-01\/#webpage\",\"url\":\"https:\/\/castelhano-ferreira.pt\/index.php\/produtos-relacionados-01\/\",\"name\":\"Produtos Relacionados 01 - Castelhano e Ferreira\",\"isPartOf\":{\"@id\":\"https:\/\/castelhano-ferreira.pt\/#website\"},\"primaryImageOfPage\":{\"@id\":\"https:\/\/castelhano-ferreira.pt\/index.php\/produtos-relacionados-01\/#primaryimage\"},\"datePublished\":\"2021-07-23T14:31:01+00:00\",\"dateModified\":\"2021-12-05T19:15:00+00:00\",\"breadcrumb\":{\"@id\":\"https:\/\/castelhano-ferreira.pt\/index.php\/produtos-relacionados-01\/#breadcrumb\"},\"inLanguage\":\"en-US\",\"potentialAction\":[{\"@type\":\"ReadAction\",\"target\":[\"https:\/\/castelhano-ferreira.pt\/index.php\/produtos-relacionados-01\/\"]}]},{\"@type\":\"BreadcrumbList\",\"@id\":\"https:\/\/castelhano-ferreira.pt\/index.php\/produtos-relacionados-01\/#breadcrumb\",\"itemListElement\":[{\"@type\":\"ListItem\",\"position\":1,\"name\":\"Home\",\"item\":\"https:\/\/castelhano-ferreira.pt\/\"},{\"@type\":\"ListItem\",\"position\":2,\"name\":\"Produtos Relacionados 01\"}]}]}<\/script>\n<!-- \/ Yoast SEO plugin. -->","yoast_head_json":{"title":"Produtos Relacionados 01 - Castelhano e Ferreira","robots":{"index":"index","follow":"follow","max-snippet":"max-snippet:-1","max-image-preview":"max-image-preview:large","max-video-preview":"max-video-preview:-1"},"canonical":"https:\/\/castelhano-ferreira.pt\/index.php\/produtos-relacionados-01\/","og_locale":"en_US","og_type":"article","og_title":"Produtos Relacionados 01 - Castelhano e Ferreira","og_description":"CF5 CF6 CF8 CF8 16\/16 CFAL CFQ 18\u00d718 CFQ 24\u00d724 CFQ 31\u00d731 CFR48 1 2 \u2192","og_url":"https:\/\/castelhano-ferreira.pt\/index.php\/produtos-relacionados-01\/","og_site_name":"Castelhano e Ferreira","article_modified_time":"2021-12-05T19:15:00+00:00","og_image":[{"url":"https:\/\/www.castelhano-ferreira.pt\/wp-content\/uploads\/2019\/12\/CF5-450x450.jpg"}],"twitter_card":"summary_large_image","twitter_misc":{"Est. reading time":"2 minutes"},"schema":{"@context":"https:\/\/schema.org","@graph":[{"@type":"WebSite","@id":"https:\/\/castelhano-ferreira.pt\/#website","url":"https:\/\/castelhano-ferreira.pt\/","name":"Castelhano e Ferreira","description":"Solu\u00e7\u00f5es Globais para Espa\u00e7os de Trabalho","potentialAction":[{"@type":"SearchAction","target":{"@type":"EntryPoint","urlTemplate":"https:\/\/castelhano-ferreira.pt\/?s={search_term_string}"},"query-input":"required name=search_term_string"}],"inLanguage":"en-US"},{"@type":"ImageObject","@id":"https:\/\/castelhano-ferreira.pt\/index.php\/produtos-relacionados-01\/#primaryimage","inLanguage":"en-US","url":"https:\/\/www.castelhano-ferreira.pt\/wp-content\/uploads\/2019\/12\/CF5-450x450.jpg","contentUrl":"https:\/\/www.castelhano-ferreira.pt\/wp-content\/uploads\/2019\/12\/CF5-450x450.jpg"},{"@type":"WebPage","@id":"https:\/\/castelhano-ferreira.pt\/index.php\/produtos-relacionados-01\/#webpage","url":"https:\/\/castelhano-ferreira.pt\/index.php\/produtos-relacionados-01\/","name":"Produtos Relacionados 01 - Castelhano e Ferreira","isPartOf":{"@id":"https:\/\/castelhano-ferreira.pt\/#website"},"primaryImageOfPage":{"@id":"https:\/\/castelhano-ferreira.pt\/index.php\/produtos-relacionados-01\/#primaryimage"},"datePublished":"2021-07-23T14:31:01+00:00","dateModified":"2021-12-05T19:15:00+00:00","breadcrumb":{"@id":"https:\/\/castelhano-ferreira.pt\/index.php\/produtos-relacionados-01\/#breadcrumb"},"inLanguage":"en-US","potentialAction":[{"@type":"ReadAction","target":["https:\/\/castelhano-ferreira.pt\/index.php\/produtos-relacionados-01\/"]}]},{"@type":"BreadcrumbList","@id":"https:\/\/castelhano-ferreira.pt\/index.php\/produtos-relacionados-01\/#breadcrumb","itemListElement":[{"@type":"ListItem","position":1,"name":"Home","item":"https:\/\/castelhano-ferreira.pt\/"},{"@type":"ListItem","position":2,"name":"Produtos Relacionados 01"}]}]}},"_links":{"self":[{"href":"https:\/\/castelhano-ferreira.pt\/index.php\/wp-json\/wp\/v2\/pages\/4937"}],"collection":[{"href":"https:\/\/castelhano-ferreira.pt\/index.php\/wp-json\/wp\/v2\/pages"}],"about":[{"href":"https:\/\/castelhano-ferreira.pt\/index.php\/wp-json\/wp\/v2\/types\/page"}],"author":[{"embeddable":true,"href":"https:\/\/castelhano-ferreira.pt\/index.php\/wp-json\/wp\/v2\/users\/3"}],"replies":[{"embeddable":true,"href":"https:\/\/castelhano-ferreira.pt\/index.php\/wp-json\/wp\/v2\/comments?post=4937"}],"version-history":[{"count":100,"href":"https:\/\/castelhano-ferreira.pt\/index.php\/wp-json\/wp\/v2\/pages\/4937\/revisions"}],"predecessor-version":[{"id":10353,"href":"https:\/\/castelhano-ferreira.pt\/index.php\/wp-json\/wp\/v2\/pages\/4937\/revisions\/10353"}],"wp:attachment":[{"href":"https:\/\/castelhano-ferreira.pt\/index.php\/wp-json\/wp\/v2\/media?parent=4937"}],"curies":[{"name":"wp","href":"https:\/\/api.w.org\/{rel}","templated":true}]}}