{"id":7271,"date":"2021-09-21T15:21:13","date_gmt":"2021-09-21T15:21:13","guid":{"rendered":"https:\/\/developer.blink-eye.com\/castelhano\/?page_id=7271"},"modified":"2021-10-11T11:06:40","modified_gmt":"2021-10-11T11:06:40","slug":"produtos-relacionados-15","status":"publish","type":"page","link":"https:\/\/castelhano-ferreira.pt\/index.php\/produtos-relacionados-15\/","title":{"rendered":"Produtos Relacionados 15"},"content":{"rendered":"\t\t<div data-elementor-type=\"wp-page\" data-elementor-id=\"7271\" class=\"elementor elementor-7271\" data-elementor-settings=\"[]\">\n\t\t\t\t\t\t<div class=\"elementor-inner\">\n\t\t\t\t\t\t\t<div class=\"elementor-section-wrap\">\n\t\t\t\t\t\t\t<section class=\"elementor-section elementor-top-section elementor-element elementor-element-9ec3c2c elementor-section-boxed elementor-section-height-default elementor-section-height-default\" data-id=\"9ec3c2c\" data-element_type=\"section\">\n\t\t\t\t\t\t<div class=\"elementor-container elementor-column-gap-default\">\n\t\t\t\t\t\t\t<div class=\"elementor-row\">\n\t\t\t\t\t<div class=\"elementor-column elementor-col-100 elementor-top-column elementor-element elementor-element-6dba404\" data-id=\"6dba404\" data-element_type=\"column\">\n\t\t\t<div class=\"elementor-column-wrap elementor-element-populated\">\n\t\t\t\t\t\t\t<div class=\"elementor-widget-wrap\">\n\t\t\t\t\t\t<div class=\"elementor-element elementor-element-5537234 uael-woo--align-center uael-woo-pagination-align-center elementor-widget elementor-widget-uael-woo-products\" data-id=\"5537234\" data-element_type=\"widget\" data-widget_type=\"uael-woo-products.grid-franko\">\n\t\t\t\t<div class=\"elementor-widget-container\">\n\t\t\t<div class=\"uael-woocommerce uael-woo-products-grid uael-woo-skin-grid-franko uael-woo-query-custom\" data-page=\"7271\" data-skin=\"grid_franko\"\"><div class=\" columns-3 uael-woo-products-inner uael-woo-product__column-3 uael-woo-product__column-tablet-2 uael-woo-product__column-mobile-1 uael-woo-product__hover-zoom\"><ul class=\"products columns-3\">\n\n<li class=\" post-5515 product first instock shipping-taxable product-type-grouped\">\n\t<div class=\"uael-woo-product-wrapper\">\n\t\t<div class=\"uael-woo-products-thumbnail-wrap\"><a href=\"https:\/\/castelhano-ferreira.pt\/index.php\/product\/cfrf-a\/\" class=\"woocommerce-LoopProduct-link woocommerce-loop-product__link\"><img width=\"450\" height=\"450\" src=\"https:\/\/castelhano-ferreira.pt\/wp-content\/uploads\/2021\/07\/CFRF-A-3-450x450.jpg\" class=\"attachment-woocommerce_thumbnail size-woocommerce_thumbnail\" alt=\"\" loading=\"lazy\" srcset=\"https:\/\/castelhano-ferreira.pt\/wp-content\/uploads\/2021\/07\/CFRF-A-3-450x450.jpg 450w, https:\/\/castelhano-ferreira.pt\/wp-content\/uploads\/2021\/07\/CFRF-A-3-150x150.jpg 150w, https:\/\/castelhano-ferreira.pt\/wp-content\/uploads\/2021\/07\/CFRF-A-3-100x100.jpg 100w\" sizes=\"(max-width: 450px) 100vw, 450px\" \/><\/a><div class=\"uael-product-actions\"><\/div><\/div><div class=\"uael-woo-products-summary-wrap\"><a href=\"https:\/\/castelhano-ferreira.pt\/index.php\/product\/cfrf-a\/\" class=\"uael-loop-product__link\"><h2 class=\"woocommerce-loop-product__title\">CFRF A<\/h2><\/a><\/div>\t<\/div>\n<\/li>\n<\/ul>\n<\/div><\/div>\t\t<\/div>\n\t\t\t\t<\/div>\n\t\t\t\t\t\t<\/div>\n\t\t\t\t\t<\/div>\n\t\t<\/div>\n\t\t\t\t\t\t\t\t<\/div>\n\t\t\t\t\t<\/div>\n\t\t<\/section>\n\t\t\t\t\t\t<\/div>\n\t\t\t\t\t\t<\/div>\n\t\t\t\t\t<\/div>\n\t\t","protected":false},"excerpt":{"rendered":"<p>CFRF A<\/p>\n","protected":false},"author":3,"featured_media":0,"parent":0,"menu_order":0,"comment_status":"closed","ping_status":"closed","template":"elementor_header_footer","meta":[],"yoast_head":"<!-- This site is optimized with the Yoast SEO plugin v17.3 - https:\/\/yoast.com\/wordpress\/plugins\/seo\/ -->\n<title>Produtos Relacionados 15 - Castelhano e Ferreira<\/title>\n<meta name=\"robots\" content=\"index, follow, max-snippet:-1, max-image-preview:large, max-video-preview:-1\" \/>\n<link rel=\"canonical\" href=\"https:\/\/castelhano-ferreira.pt\/index.php\/produtos-relacionados-15\/\" \/>\n<meta property=\"og:locale\" content=\"en_US\" \/>\n<meta property=\"og:type\" content=\"article\" \/>\n<meta property=\"og:title\" content=\"Produtos Relacionados 15 - Castelhano e Ferreira\" \/>\n<meta property=\"og:description\" content=\"CFRF A\" \/>\n<meta property=\"og:url\" content=\"https:\/\/castelhano-ferreira.pt\/index.php\/produtos-relacionados-15\/\" \/>\n<meta property=\"og:site_name\" content=\"Castelhano e Ferreira\" \/>\n<meta property=\"article:modified_time\" content=\"2021-10-11T11:06:40+00:00\" \/>\n<meta property=\"og:image\" content=\"https:\/\/www.castelhano-ferreira.pt\/wp-content\/uploads\/2021\/07\/CFRF-A-3-450x450.jpg\" \/>\n<meta name=\"twitter:card\" content=\"summary_large_image\" \/>\n<script type=\"application\/ld+json\" class=\"yoast-schema-graph\">{\"@context\":\"https:\/\/schema.org\",\"@graph\":[{\"@type\":\"WebSite\",\"@id\":\"https:\/\/castelhano-ferreira.pt\/#website\",\"url\":\"https:\/\/castelhano-ferreira.pt\/\",\"name\":\"Castelhano e Ferreira\",\"description\":\"Solu\\u00e7\\u00f5es Globais para Espa\\u00e7os de Trabalho\",\"potentialAction\":[{\"@type\":\"SearchAction\",\"target\":{\"@type\":\"EntryPoint\",\"urlTemplate\":\"https:\/\/castelhano-ferreira.pt\/?s={search_term_string}\"},\"query-input\":\"required name=search_term_string\"}],\"inLanguage\":\"en-US\"},{\"@type\":\"ImageObject\",\"@id\":\"https:\/\/castelhano-ferreira.pt\/index.php\/produtos-relacionados-15\/#primaryimage\",\"inLanguage\":\"en-US\",\"url\":\"https:\/\/www.castelhano-ferreira.pt\/wp-content\/uploads\/2021\/07\/CFRF-A-3-450x450.jpg\",\"contentUrl\":\"https:\/\/www.castelhano-ferreira.pt\/wp-content\/uploads\/2021\/07\/CFRF-A-3-450x450.jpg\"},{\"@type\":\"WebPage\",\"@id\":\"https:\/\/castelhano-ferreira.pt\/index.php\/produtos-relacionados-15\/#webpage\",\"url\":\"https:\/\/castelhano-ferreira.pt\/index.php\/produtos-relacionados-15\/\",\"name\":\"Produtos Relacionados 15 - Castelhano e Ferreira\",\"isPartOf\":{\"@id\":\"https:\/\/castelhano-ferreira.pt\/#website\"},\"primaryImageOfPage\":{\"@id\":\"https:\/\/castelhano-ferreira.pt\/index.php\/produtos-relacionados-15\/#primaryimage\"},\"datePublished\":\"2021-09-21T15:21:13+00:00\",\"dateModified\":\"2021-10-11T11:06:40+00:00\",\"breadcrumb\":{\"@id\":\"https:\/\/castelhano-ferreira.pt\/index.php\/produtos-relacionados-15\/#breadcrumb\"},\"inLanguage\":\"en-US\",\"potentialAction\":[{\"@type\":\"ReadAction\",\"target\":[\"https:\/\/castelhano-ferreira.pt\/index.php\/produtos-relacionados-15\/\"]}]},{\"@type\":\"BreadcrumbList\",\"@id\":\"https:\/\/castelhano-ferreira.pt\/index.php\/produtos-relacionados-15\/#breadcrumb\",\"itemListElement\":[{\"@type\":\"ListItem\",\"position\":1,\"name\":\"Home\",\"item\":\"https:\/\/castelhano-ferreira.pt\/\"},{\"@type\":\"ListItem\",\"position\":2,\"name\":\"Produtos Relacionados 15\"}]}]}<\/script>\n<!-- \/ Yoast SEO plugin. -->","yoast_head_json":{"title":"Produtos Relacionados 15 - Castelhano e Ferreira","robots":{"index":"index","follow":"follow","max-snippet":"max-snippet:-1","max-image-preview":"max-image-preview:large","max-video-preview":"max-video-preview:-1"},"canonical":"https:\/\/castelhano-ferreira.pt\/index.php\/produtos-relacionados-15\/","og_locale":"en_US","og_type":"article","og_title":"Produtos Relacionados 15 - Castelhano e Ferreira","og_description":"CFRF A","og_url":"https:\/\/castelhano-ferreira.pt\/index.php\/produtos-relacionados-15\/","og_site_name":"Castelhano e Ferreira","article_modified_time":"2021-10-11T11:06:40+00:00","og_image":[{"url":"https:\/\/www.castelhano-ferreira.pt\/wp-content\/uploads\/2021\/07\/CFRF-A-3-450x450.jpg"}],"twitter_card":"summary_large_image","schema":{"@context":"https:\/\/schema.org","@graph":[{"@type":"WebSite","@id":"https:\/\/castelhano-ferreira.pt\/#website","url":"https:\/\/castelhano-ferreira.pt\/","name":"Castelhano e Ferreira","description":"Solu\u00e7\u00f5es Globais para Espa\u00e7os de Trabalho","potentialAction":[{"@type":"SearchAction","target":{"@type":"EntryPoint","urlTemplate":"https:\/\/castelhano-ferreira.pt\/?s={search_term_string}"},"query-input":"required name=search_term_string"}],"inLanguage":"en-US"},{"@type":"ImageObject","@id":"https:\/\/castelhano-ferreira.pt\/index.php\/produtos-relacionados-15\/#primaryimage","inLanguage":"en-US","url":"https:\/\/www.castelhano-ferreira.pt\/wp-content\/uploads\/2021\/07\/CFRF-A-3-450x450.jpg","contentUrl":"https:\/\/www.castelhano-ferreira.pt\/wp-content\/uploads\/2021\/07\/CFRF-A-3-450x450.jpg"},{"@type":"WebPage","@id":"https:\/\/castelhano-ferreira.pt\/index.php\/produtos-relacionados-15\/#webpage","url":"https:\/\/castelhano-ferreira.pt\/index.php\/produtos-relacionados-15\/","name":"Produtos Relacionados 15 - Castelhano e Ferreira","isPartOf":{"@id":"https:\/\/castelhano-ferreira.pt\/#website"},"primaryImageOfPage":{"@id":"https:\/\/castelhano-ferreira.pt\/index.php\/produtos-relacionados-15\/#primaryimage"},"datePublished":"2021-09-21T15:21:13+00:00","dateModified":"2021-10-11T11:06:40+00:00","breadcrumb":{"@id":"https:\/\/castelhano-ferreira.pt\/index.php\/produtos-relacionados-15\/#breadcrumb"},"inLanguage":"en-US","potentialAction":[{"@type":"ReadAction","target":["https:\/\/castelhano-ferreira.pt\/index.php\/produtos-relacionados-15\/"]}]},{"@type":"BreadcrumbList","@id":"https:\/\/castelhano-ferreira.pt\/index.php\/produtos-relacionados-15\/#breadcrumb","itemListElement":[{"@type":"ListItem","position":1,"name":"Home","item":"https:\/\/castelhano-ferreira.pt\/"},{"@type":"ListItem","position":2,"name":"Produtos Relacionados 15"}]}]}},"_links":{"self":[{"href":"https:\/\/castelhano-ferreira.pt\/index.php\/wp-json\/wp\/v2\/pages\/7271"}],"collection":[{"href":"https:\/\/castelhano-ferreira.pt\/index.php\/wp-json\/wp\/v2\/pages"}],"about":[{"href":"https:\/\/castelhano-ferreira.pt\/index.php\/wp-json\/wp\/v2\/types\/page"}],"author":[{"embeddable":true,"href":"https:\/\/castelhano-ferreira.pt\/index.php\/wp-json\/wp\/v2\/users\/3"}],"replies":[{"embeddable":true,"href":"https:\/\/castelhano-ferreira.pt\/index.php\/wp-json\/wp\/v2\/comments?post=7271"}],"version-history":[{"count":10,"href":"https:\/\/castelhano-ferreira.pt\/index.php\/wp-json\/wp\/v2\/pages\/7271\/revisions"}],"predecessor-version":[{"id":9374,"href":"https:\/\/castelhano-ferreira.pt\/index.php\/wp-json\/wp\/v2\/pages\/7271\/revisions\/9374"}],"wp:attachment":[{"href":"https:\/\/castelhano-ferreira.pt\/index.php\/wp-json\/wp\/v2\/media?parent=7271"}],"curies":[{"name":"wp","href":"https:\/\/api.w.org\/{rel}","templated":true}]}}