{"id":7413,"date":"2021-09-22T10:46:39","date_gmt":"2021-09-22T10:46:39","guid":{"rendered":"https:\/\/developer.blink-eye.com\/castelhano\/?page_id=7413"},"modified":"2021-12-10T10:52:34","modified_gmt":"2021-12-10T10:52:34","slug":"mdf-colorido","status":"publish","type":"page","link":"https:\/\/castelhano-ferreira.pt\/index.php\/mdf-colorido\/","title":{"rendered":"MDF Colorido"},"content":{"rendered":"\t\t<div data-elementor-type=\"wp-page\" data-elementor-id=\"7413\" class=\"elementor elementor-7413\" data-elementor-settings=\"[]\">\n\t\t\t\t\t\t<div class=\"elementor-inner\">\n\t\t\t\t\t\t\t<div class=\"elementor-section-wrap\">\n\t\t\t\t\t\t\t<section class=\"elementor-section elementor-top-section elementor-element elementor-element-488c810e elementor-section-height-min-height elementor-section-boxed elementor-section-height-default elementor-section-items-middle\" data-id=\"488c810e\" data-element_type=\"section\" data-settings=\"{&quot;background_background&quot;:&quot;classic&quot;}\">\n\t\t\t\t\t\t<div class=\"elementor-container elementor-column-gap-default\">\n\t\t\t\t\t\t\t<div class=\"elementor-row\">\n\t\t\t\t\t<div class=\"elementor-column elementor-col-100 elementor-top-column elementor-element elementor-element-536db9b\" data-id=\"536db9b\" data-element_type=\"column\">\n\t\t\t<div class=\"elementor-column-wrap elementor-element-populated\">\n\t\t\t\t\t\t\t<div class=\"elementor-widget-wrap\">\n\t\t\t\t\t\t<div class=\"elementor-element elementor-element-a0a3fa6 elementor-widget elementor-widget-heading\" data-id=\"a0a3fa6\" data-element_type=\"widget\" data-widget_type=\"heading.default\">\n\t\t\t\t<div class=\"elementor-widget-container\">\n\t\t\t<h2 class=\"elementor-heading-title elementor-size-default\">Acabamentos<\/h2>\t\t<\/div>\n\t\t\t\t<\/div>\n\t\t\t\t<div class=\"elementor-element elementor-element-4b4d444 elementor-widget-divider--view-line elementor-widget elementor-widget-divider\" data-id=\"4b4d444\" data-element_type=\"widget\" data-widget_type=\"divider.default\">\n\t\t\t\t<div class=\"elementor-widget-container\">\n\t\t\t\t\t<div class=\"elementor-divider\">\n\t\t\t<span class=\"elementor-divider-separator\">\n\t\t\t\t\t\t<\/span>\n\t\t<\/div>\n\t\t\t\t<\/div>\n\t\t\t\t<\/div>\n\t\t\t\t<div class=\"elementor-element elementor-element-d752e6e elementor-widget elementor-widget-heading\" data-id=\"d752e6e\" data-element_type=\"widget\" data-widget_type=\"heading.default\">\n\t\t\t\t<div class=\"elementor-widget-container\">\n\t\t\t<h2 class=\"elementor-heading-title elementor-size-default\">MDF Colorido<\/h2>\t\t<\/div>\n\t\t\t\t<\/div>\n\t\t\t\t<div class=\"elementor-element elementor-element-236fd2b gallery-spacing-custom elementor-widget elementor-widget-image-gallery\" data-id=\"236fd2b\" data-element_type=\"widget\" data-widget_type=\"image-gallery.default\">\n\t\t\t\t<div class=\"elementor-widget-container\">\n\t\t\t\t\t<div class=\"elementor-image-gallery\">\n\t\t\t<div id='gallery-1' class='gallery galleryid-7413 gallery-columns-6 gallery-size-thumbnail'><figure class='gallery-item'>\n\t\t\t<div class='gallery-icon portrait'>\n\t\t\t\t<img width=\"150\" height=\"150\" src=\"https:\/\/castelhano-ferreira.pt\/wp-content\/uploads\/2021\/12\/MDF-COLORIDO-11-1-150x150.jpg\" class=\"attachment-thumbnail size-thumbnail\" alt=\"\" loading=\"lazy\" aria-describedby=\"gallery-1-10919\" srcset=\"https:\/\/castelhano-ferreira.pt\/wp-content\/uploads\/2021\/12\/MDF-COLORIDO-11-1-150x150.jpg 150w, https:\/\/castelhano-ferreira.pt\/wp-content\/uploads\/2021\/12\/MDF-COLORIDO-11-1-300x300.jpg 300w, https:\/\/castelhano-ferreira.pt\/wp-content\/uploads\/2021\/12\/MDF-COLORIDO-11-1-450x450.jpg 450w, https:\/\/castelhano-ferreira.pt\/wp-content\/uploads\/2021\/12\/MDF-COLORIDO-11-1-600x601.jpg 600w, https:\/\/castelhano-ferreira.pt\/wp-content\/uploads\/2021\/12\/MDF-COLORIDO-11-1-100x100.jpg 100w, https:\/\/castelhano-ferreira.pt\/wp-content\/uploads\/2021\/12\/MDF-COLORIDO-11-1.jpg 734w\" sizes=\"(max-width: 150px) 100vw, 150px\" \/>\n\t\t\t<\/div>\n\t\t\t\t<figcaption class='wp-caption-text gallery-caption' id='gallery-1-10919'>\n\t\t\t\tWhite Grey WG\n\t\t\t\t<\/figcaption><\/figure><figure class='gallery-item'>\n\t\t\t<div class='gallery-icon portrait'>\n\t\t\t\t<img width=\"150\" height=\"150\" src=\"https:\/\/castelhano-ferreira.pt\/wp-content\/uploads\/2021\/09\/MDF-COLORIDO-01-150x150.jpg\" class=\"attachment-thumbnail size-thumbnail\" alt=\"\" loading=\"lazy\" aria-describedby=\"gallery-1-7400\" srcset=\"https:\/\/castelhano-ferreira.pt\/wp-content\/uploads\/2021\/09\/MDF-COLORIDO-01-150x150.jpg 150w, https:\/\/castelhano-ferreira.pt\/wp-content\/uploads\/2021\/09\/MDF-COLORIDO-01-300x300.jpg 300w, https:\/\/castelhano-ferreira.pt\/wp-content\/uploads\/2021\/09\/MDF-COLORIDO-01-450x450.jpg 450w, https:\/\/castelhano-ferreira.pt\/wp-content\/uploads\/2021\/09\/MDF-COLORIDO-01-600x601.jpg 600w, https:\/\/castelhano-ferreira.pt\/wp-content\/uploads\/2021\/09\/MDF-COLORIDO-01-100x100.jpg 100w, https:\/\/castelhano-ferreira.pt\/wp-content\/uploads\/2021\/09\/MDF-COLORIDO-01.jpg 734w\" sizes=\"(max-width: 150px) 100vw, 150px\" \/>\n\t\t\t<\/div>\n\t\t\t\t<figcaption class='wp-caption-text gallery-caption' id='gallery-1-7400'>\n\t\t\t\tCinza Claro LG\n\t\t\t\t<\/figcaption><\/figure><figure class='gallery-item'>\n\t\t\t<div class='gallery-icon portrait'>\n\t\t\t\t<img width=\"150\" height=\"150\" src=\"https:\/\/castelhano-ferreira.pt\/wp-content\/uploads\/2021\/09\/MDF-COLORIDO-02-150x150.jpg\" class=\"attachment-thumbnail size-thumbnail\" alt=\"\" loading=\"lazy\" aria-describedby=\"gallery-1-7401\" srcset=\"https:\/\/castelhano-ferreira.pt\/wp-content\/uploads\/2021\/09\/MDF-COLORIDO-02-150x150.jpg 150w, https:\/\/castelhano-ferreira.pt\/wp-content\/uploads\/2021\/09\/MDF-COLORIDO-02-300x300.jpg 300w, https:\/\/castelhano-ferreira.pt\/wp-content\/uploads\/2021\/09\/MDF-COLORIDO-02-450x450.jpg 450w, https:\/\/castelhano-ferreira.pt\/wp-content\/uploads\/2021\/09\/MDF-COLORIDO-02-600x601.jpg 600w, https:\/\/castelhano-ferreira.pt\/wp-content\/uploads\/2021\/09\/MDF-COLORIDO-02-100x100.jpg 100w, https:\/\/castelhano-ferreira.pt\/wp-content\/uploads\/2021\/09\/MDF-COLORIDO-02.jpg 734w\" sizes=\"(max-width: 150px) 100vw, 150px\" \/>\n\t\t\t<\/div>\n\t\t\t\t<figcaption class='wp-caption-text gallery-caption' id='gallery-1-7401'>\n\t\t\t\tCinza CZ\n\t\t\t\t<\/figcaption><\/figure><figure class='gallery-item'>\n\t\t\t<div class='gallery-icon portrait'>\n\t\t\t\t<img width=\"150\" height=\"150\" src=\"https:\/\/castelhano-ferreira.pt\/wp-content\/uploads\/2021\/09\/MDF-COLORIDO-03-150x150.jpg\" class=\"attachment-thumbnail size-thumbnail\" alt=\"\" loading=\"lazy\" aria-describedby=\"gallery-1-7402\" srcset=\"https:\/\/castelhano-ferreira.pt\/wp-content\/uploads\/2021\/09\/MDF-COLORIDO-03-150x150.jpg 150w, https:\/\/castelhano-ferreira.pt\/wp-content\/uploads\/2021\/09\/MDF-COLORIDO-03-300x300.jpg 300w, https:\/\/castelhano-ferreira.pt\/wp-content\/uploads\/2021\/09\/MDF-COLORIDO-03-450x450.jpg 450w, https:\/\/castelhano-ferreira.pt\/wp-content\/uploads\/2021\/09\/MDF-COLORIDO-03-600x601.jpg 600w, https:\/\/castelhano-ferreira.pt\/wp-content\/uploads\/2021\/09\/MDF-COLORIDO-03-100x100.jpg 100w, https:\/\/castelhano-ferreira.pt\/wp-content\/uploads\/2021\/09\/MDF-COLORIDO-03.jpg 734w\" sizes=\"(max-width: 150px) 100vw, 150px\" \/>\n\t\t\t<\/div>\n\t\t\t\t<figcaption class='wp-caption-text gallery-caption' id='gallery-1-7402'>\n\t\t\t\tPreto BL\n\t\t\t\t<\/figcaption><\/figure><figure class='gallery-item'>\n\t\t\t<div class='gallery-icon portrait'>\n\t\t\t\t<img width=\"150\" height=\"150\" src=\"https:\/\/castelhano-ferreira.pt\/wp-content\/uploads\/2021\/09\/MDF-COLORIDO-04-150x150.jpg\" class=\"attachment-thumbnail size-thumbnail\" alt=\"\" loading=\"lazy\" aria-describedby=\"gallery-1-7403\" srcset=\"https:\/\/castelhano-ferreira.pt\/wp-content\/uploads\/2021\/09\/MDF-COLORIDO-04-150x150.jpg 150w, https:\/\/castelhano-ferreira.pt\/wp-content\/uploads\/2021\/09\/MDF-COLORIDO-04-300x300.jpg 300w, https:\/\/castelhano-ferreira.pt\/wp-content\/uploads\/2021\/09\/MDF-COLORIDO-04-450x450.jpg 450w, https:\/\/castelhano-ferreira.pt\/wp-content\/uploads\/2021\/09\/MDF-COLORIDO-04-600x601.jpg 600w, https:\/\/castelhano-ferreira.pt\/wp-content\/uploads\/2021\/09\/MDF-COLORIDO-04-100x100.jpg 100w, https:\/\/castelhano-ferreira.pt\/wp-content\/uploads\/2021\/09\/MDF-COLORIDO-04.jpg 734w\" sizes=\"(max-width: 150px) 100vw, 150px\" \/>\n\t\t\t<\/div>\n\t\t\t\t<figcaption class='wp-caption-text gallery-caption' id='gallery-1-7403'>\n\t\t\t\tChocolate CB\n\t\t\t\t<\/figcaption><\/figure><figure class='gallery-item'>\n\t\t\t<div class='gallery-icon portrait'>\n\t\t\t\t<img width=\"150\" height=\"150\" src=\"https:\/\/castelhano-ferreira.pt\/wp-content\/uploads\/2021\/09\/MDF-COLORIDO-05-150x150.jpg\" class=\"attachment-thumbnail size-thumbnail\" alt=\"\" loading=\"lazy\" aria-describedby=\"gallery-1-7404\" srcset=\"https:\/\/castelhano-ferreira.pt\/wp-content\/uploads\/2021\/09\/MDF-COLORIDO-05-150x150.jpg 150w, https:\/\/castelhano-ferreira.pt\/wp-content\/uploads\/2021\/09\/MDF-COLORIDO-05-300x300.jpg 300w, https:\/\/castelhano-ferreira.pt\/wp-content\/uploads\/2021\/09\/MDF-COLORIDO-05-450x450.jpg 450w, https:\/\/castelhano-ferreira.pt\/wp-content\/uploads\/2021\/09\/MDF-COLORIDO-05-600x601.jpg 600w, https:\/\/castelhano-ferreira.pt\/wp-content\/uploads\/2021\/09\/MDF-COLORIDO-05-100x100.jpg 100w, https:\/\/castelhano-ferreira.pt\/wp-content\/uploads\/2021\/09\/MDF-COLORIDO-05.jpg 734w\" sizes=\"(max-width: 150px) 100vw, 150px\" \/>\n\t\t\t<\/div>\n\t\t\t\t<figcaption class='wp-caption-text gallery-caption' id='gallery-1-7404'>\n\t\t\t\tVermelho SC\n\t\t\t\t<\/figcaption><\/figure><figure class='gallery-item'>\n\t\t\t<div class='gallery-icon portrait'>\n\t\t\t\t<img width=\"150\" height=\"150\" src=\"https:\/\/castelhano-ferreira.pt\/wp-content\/uploads\/2021\/09\/MDF-COLORIDO-06-150x150.jpg\" class=\"attachment-thumbnail size-thumbnail\" alt=\"\" loading=\"lazy\" aria-describedby=\"gallery-1-7405\" srcset=\"https:\/\/castelhano-ferreira.pt\/wp-content\/uploads\/2021\/09\/MDF-COLORIDO-06-150x150.jpg 150w, https:\/\/castelhano-ferreira.pt\/wp-content\/uploads\/2021\/09\/MDF-COLORIDO-06-300x300.jpg 300w, https:\/\/castelhano-ferreira.pt\/wp-content\/uploads\/2021\/09\/MDF-COLORIDO-06-450x450.jpg 450w, https:\/\/castelhano-ferreira.pt\/wp-content\/uploads\/2021\/09\/MDF-COLORIDO-06-600x601.jpg 600w, https:\/\/castelhano-ferreira.pt\/wp-content\/uploads\/2021\/09\/MDF-COLORIDO-06-100x100.jpg 100w, https:\/\/castelhano-ferreira.pt\/wp-content\/uploads\/2021\/09\/MDF-COLORIDO-06.jpg 734w\" sizes=\"(max-width: 150px) 100vw, 150px\" \/>\n\t\t\t<\/div>\n\t\t\t\t<figcaption class='wp-caption-text gallery-caption' id='gallery-1-7405'>\n\t\t\t\tAmarelo YW\n\t\t\t\t<\/figcaption><\/figure><figure class='gallery-item'>\n\t\t\t<div class='gallery-icon portrait'>\n\t\t\t\t<img width=\"150\" height=\"150\" src=\"https:\/\/castelhano-ferreira.pt\/wp-content\/uploads\/2021\/09\/MDF-COLORIDO-07-150x150.jpg\" class=\"attachment-thumbnail size-thumbnail\" alt=\"\" loading=\"lazy\" aria-describedby=\"gallery-1-7406\" srcset=\"https:\/\/castelhano-ferreira.pt\/wp-content\/uploads\/2021\/09\/MDF-COLORIDO-07-150x150.jpg 150w, https:\/\/castelhano-ferreira.pt\/wp-content\/uploads\/2021\/09\/MDF-COLORIDO-07-300x300.jpg 300w, https:\/\/castelhano-ferreira.pt\/wp-content\/uploads\/2021\/09\/MDF-COLORIDO-07-450x450.jpg 450w, https:\/\/castelhano-ferreira.pt\/wp-content\/uploads\/2021\/09\/MDF-COLORIDO-07-600x601.jpg 600w, https:\/\/castelhano-ferreira.pt\/wp-content\/uploads\/2021\/09\/MDF-COLORIDO-07-100x100.jpg 100w, https:\/\/castelhano-ferreira.pt\/wp-content\/uploads\/2021\/09\/MDF-COLORIDO-07.jpg 734w\" sizes=\"(max-width: 150px) 100vw, 150px\" \/>\n\t\t\t<\/div>\n\t\t\t\t<figcaption class='wp-caption-text gallery-caption' id='gallery-1-7406'>\n\t\t\t\tLaranja QR\n\t\t\t\t<\/figcaption><\/figure><figure class='gallery-item'>\n\t\t\t<div class='gallery-icon portrait'>\n\t\t\t\t<img width=\"150\" height=\"150\" src=\"https:\/\/castelhano-ferreira.pt\/wp-content\/uploads\/2021\/09\/MDF-COLORIDO-08-150x150.jpg\" class=\"attachment-thumbnail size-thumbnail\" alt=\"\" loading=\"lazy\" aria-describedby=\"gallery-1-7407\" srcset=\"https:\/\/castelhano-ferreira.pt\/wp-content\/uploads\/2021\/09\/MDF-COLORIDO-08-150x150.jpg 150w, https:\/\/castelhano-ferreira.pt\/wp-content\/uploads\/2021\/09\/MDF-COLORIDO-08-300x300.jpg 300w, https:\/\/castelhano-ferreira.pt\/wp-content\/uploads\/2021\/09\/MDF-COLORIDO-08-450x450.jpg 450w, https:\/\/castelhano-ferreira.pt\/wp-content\/uploads\/2021\/09\/MDF-COLORIDO-08-600x601.jpg 600w, https:\/\/castelhano-ferreira.pt\/wp-content\/uploads\/2021\/09\/MDF-COLORIDO-08-100x100.jpg 100w, https:\/\/castelhano-ferreira.pt\/wp-content\/uploads\/2021\/09\/MDF-COLORIDO-08.jpg 734w\" sizes=\"(max-width: 150px) 100vw, 150px\" \/>\n\t\t\t<\/div>\n\t\t\t\t<figcaption class='wp-caption-text gallery-caption' id='gallery-1-7407'>\n\t\t\t\tAzul RB\n\t\t\t\t<\/figcaption><\/figure><figure class='gallery-item'>\n\t\t\t<div class='gallery-icon portrait'>\n\t\t\t\t<img width=\"150\" height=\"150\" src=\"https:\/\/castelhano-ferreira.pt\/wp-content\/uploads\/2021\/09\/MDF-COLORIDO-09-150x150.jpg\" class=\"attachment-thumbnail size-thumbnail\" alt=\"\" loading=\"lazy\" aria-describedby=\"gallery-1-7408\" srcset=\"https:\/\/castelhano-ferreira.pt\/wp-content\/uploads\/2021\/09\/MDF-COLORIDO-09-150x150.jpg 150w, https:\/\/castelhano-ferreira.pt\/wp-content\/uploads\/2021\/09\/MDF-COLORIDO-09-300x300.jpg 300w, https:\/\/castelhano-ferreira.pt\/wp-content\/uploads\/2021\/09\/MDF-COLORIDO-09-450x450.jpg 450w, https:\/\/castelhano-ferreira.pt\/wp-content\/uploads\/2021\/09\/MDF-COLORIDO-09-600x601.jpg 600w, https:\/\/castelhano-ferreira.pt\/wp-content\/uploads\/2021\/09\/MDF-COLORIDO-09-100x100.jpg 100w, https:\/\/castelhano-ferreira.pt\/wp-content\/uploads\/2021\/09\/MDF-COLORIDO-09.jpg 734w\" sizes=\"(max-width: 150px) 100vw, 150px\" \/>\n\t\t\t<\/div>\n\t\t\t\t<figcaption class='wp-caption-text gallery-caption' id='gallery-1-7408'>\n\t\t\t\tVerde Menta GM \n\t\t\t\t<\/figcaption><\/figure><figure class='gallery-item'>\n\t\t\t<div class='gallery-icon portrait'>\n\t\t\t\t<img width=\"150\" height=\"150\" src=\"https:\/\/castelhano-ferreira.pt\/wp-content\/uploads\/2021\/09\/MDF-COLORIDO-10-150x150.jpg\" class=\"attachment-thumbnail size-thumbnail\" alt=\"\" loading=\"lazy\" aria-describedby=\"gallery-1-7409\" srcset=\"https:\/\/castelhano-ferreira.pt\/wp-content\/uploads\/2021\/09\/MDF-COLORIDO-10-150x150.jpg 150w, https:\/\/castelhano-ferreira.pt\/wp-content\/uploads\/2021\/09\/MDF-COLORIDO-10-300x300.jpg 300w, https:\/\/castelhano-ferreira.pt\/wp-content\/uploads\/2021\/09\/MDF-COLORIDO-10-450x450.jpg 450w, https:\/\/castelhano-ferreira.pt\/wp-content\/uploads\/2021\/09\/MDF-COLORIDO-10-600x601.jpg 600w, https:\/\/castelhano-ferreira.pt\/wp-content\/uploads\/2021\/09\/MDF-COLORIDO-10-100x100.jpg 100w, https:\/\/castelhano-ferreira.pt\/wp-content\/uploads\/2021\/09\/MDF-COLORIDO-10.jpg 734w\" sizes=\"(max-width: 150px) 100vw, 150px\" \/>\n\t\t\t<\/div>\n\t\t\t\t<figcaption class='wp-caption-text gallery-caption' id='gallery-1-7409'>\n\t\t\t\tCaqui CQ\n\t\t\t\t<\/figcaption><\/figure>\n\t\t<\/div>\n\t\t<\/div>\n\t\t\t\t<\/div>\n\t\t\t\t<\/div>\n\t\t\t\t\t\t<\/div>\n\t\t\t\t\t<\/div>\n\t\t<\/div>\n\t\t\t\t\t\t\t\t<\/div>\n\t\t\t\t\t<\/div>\n\t\t<\/section>\n\t\t\t\t\t\t<\/div>\n\t\t\t\t\t\t<\/div>\n\t\t\t\t\t<\/div>\n\t\t","protected":false},"excerpt":{"rendered":"<p>Acabamentos MDF Colorido White Grey WG Cinza Claro LG Cinza CZ Preto BL Chocolate CB Vermelho SC Amarelo YW Laranja QR Azul RB Verde Menta GM Caqui CQ<\/p>\n","protected":false},"author":3,"featured_media":0,"parent":0,"menu_order":0,"comment_status":"closed","ping_status":"closed","template":"elementor_header_footer","meta":[],"yoast_head":"<!-- This site is optimized with the Yoast SEO plugin v17.3 - https:\/\/yoast.com\/wordpress\/plugins\/seo\/ -->\n<title>MDF Colorido - Castelhano e Ferreira<\/title>\n<meta name=\"robots\" content=\"index, follow, max-snippet:-1, max-image-preview:large, max-video-preview:-1\" \/>\n<link rel=\"canonical\" href=\"https:\/\/castelhano-ferreira.pt\/index.php\/mdf-colorido\/\" \/>\n<meta property=\"og:locale\" content=\"en_US\" \/>\n<meta property=\"og:type\" content=\"article\" \/>\n<meta property=\"og:title\" content=\"MDF Colorido - Castelhano e Ferreira\" \/>\n<meta property=\"og:description\" content=\"Acabamentos MDF Colorido White Grey WG Cinza Claro LG Cinza CZ Preto BL Chocolate CB Vermelho SC Amarelo YW Laranja QR Azul RB Verde Menta GM Caqui CQ\" \/>\n<meta property=\"og:url\" content=\"https:\/\/castelhano-ferreira.pt\/index.php\/mdf-colorido\/\" \/>\n<meta property=\"og:site_name\" content=\"Castelhano e Ferreira\" \/>\n<meta property=\"article:modified_time\" content=\"2021-12-10T10:52:34+00:00\" \/>\n<meta property=\"og:image\" content=\"https:\/\/castelhano-ferreira.pt\/wp-content\/uploads\/2021\/12\/MDF-COLORIDO-11-1-150x150.jpg\" \/>\n<meta name=\"twitter:card\" content=\"summary_large_image\" \/>\n<meta name=\"twitter:label1\" content=\"Est. reading time\" \/>\n\t<meta name=\"twitter:data1\" content=\"3 minutes\" \/>\n<script type=\"application\/ld+json\" class=\"yoast-schema-graph\">{\"@context\":\"https:\/\/schema.org\",\"@graph\":[{\"@type\":\"WebSite\",\"@id\":\"https:\/\/castelhano-ferreira.pt\/#website\",\"url\":\"https:\/\/castelhano-ferreira.pt\/\",\"name\":\"Castelhano e Ferreira\",\"description\":\"Solu\\u00e7\\u00f5es Globais para Espa\\u00e7os de Trabalho\",\"potentialAction\":[{\"@type\":\"SearchAction\",\"target\":{\"@type\":\"EntryPoint\",\"urlTemplate\":\"https:\/\/castelhano-ferreira.pt\/?s={search_term_string}\"},\"query-input\":\"required name=search_term_string\"}],\"inLanguage\":\"en-US\"},{\"@type\":\"ImageObject\",\"@id\":\"https:\/\/castelhano-ferreira.pt\/index.php\/mdf-colorido\/#primaryimage\",\"inLanguage\":\"en-US\",\"url\":\"https:\/\/castelhano-ferreira.pt\/wp-content\/uploads\/2021\/12\/MDF-COLORIDO-11-1.jpg\",\"contentUrl\":\"https:\/\/castelhano-ferreira.pt\/wp-content\/uploads\/2021\/12\/MDF-COLORIDO-11-1.jpg\",\"width\":734,\"height\":735,\"caption\":\"White Grey WG\"},{\"@type\":\"WebPage\",\"@id\":\"https:\/\/castelhano-ferreira.pt\/index.php\/mdf-colorido\/#webpage\",\"url\":\"https:\/\/castelhano-ferreira.pt\/index.php\/mdf-colorido\/\",\"name\":\"MDF Colorido - Castelhano e Ferreira\",\"isPartOf\":{\"@id\":\"https:\/\/castelhano-ferreira.pt\/#website\"},\"primaryImageOfPage\":{\"@id\":\"https:\/\/castelhano-ferreira.pt\/index.php\/mdf-colorido\/#primaryimage\"},\"datePublished\":\"2021-09-22T10:46:39+00:00\",\"dateModified\":\"2021-12-10T10:52:34+00:00\",\"breadcrumb\":{\"@id\":\"https:\/\/castelhano-ferreira.pt\/index.php\/mdf-colorido\/#breadcrumb\"},\"inLanguage\":\"en-US\",\"potentialAction\":[{\"@type\":\"ReadAction\",\"target\":[\"https:\/\/castelhano-ferreira.pt\/index.php\/mdf-colorido\/\"]}]},{\"@type\":\"BreadcrumbList\",\"@id\":\"https:\/\/castelhano-ferreira.pt\/index.php\/mdf-colorido\/#breadcrumb\",\"itemListElement\":[{\"@type\":\"ListItem\",\"position\":1,\"name\":\"Home\",\"item\":\"https:\/\/castelhano-ferreira.pt\/\"},{\"@type\":\"ListItem\",\"position\":2,\"name\":\"MDF Colorido\"}]}]}<\/script>\n<!-- \/ Yoast SEO plugin. -->","yoast_head_json":{"title":"MDF Colorido - Castelhano e Ferreira","robots":{"index":"index","follow":"follow","max-snippet":"max-snippet:-1","max-image-preview":"max-image-preview:large","max-video-preview":"max-video-preview:-1"},"canonical":"https:\/\/castelhano-ferreira.pt\/index.php\/mdf-colorido\/","og_locale":"en_US","og_type":"article","og_title":"MDF Colorido - Castelhano e Ferreira","og_description":"Acabamentos MDF Colorido White Grey WG Cinza Claro LG Cinza CZ Preto BL Chocolate CB Vermelho SC Amarelo YW Laranja QR Azul RB Verde Menta GM Caqui CQ","og_url":"https:\/\/castelhano-ferreira.pt\/index.php\/mdf-colorido\/","og_site_name":"Castelhano e Ferreira","article_modified_time":"2021-12-10T10:52:34+00:00","og_image":[{"url":"https:\/\/castelhano-ferreira.pt\/wp-content\/uploads\/2021\/12\/MDF-COLORIDO-11-1-150x150.jpg"}],"twitter_card":"summary_large_image","twitter_misc":{"Est. reading time":"3 minutes"},"schema":{"@context":"https:\/\/schema.org","@graph":[{"@type":"WebSite","@id":"https:\/\/castelhano-ferreira.pt\/#website","url":"https:\/\/castelhano-ferreira.pt\/","name":"Castelhano e Ferreira","description":"Solu\u00e7\u00f5es Globais para Espa\u00e7os de Trabalho","potentialAction":[{"@type":"SearchAction","target":{"@type":"EntryPoint","urlTemplate":"https:\/\/castelhano-ferreira.pt\/?s={search_term_string}"},"query-input":"required name=search_term_string"}],"inLanguage":"en-US"},{"@type":"ImageObject","@id":"https:\/\/castelhano-ferreira.pt\/index.php\/mdf-colorido\/#primaryimage","inLanguage":"en-US","url":"https:\/\/castelhano-ferreira.pt\/wp-content\/uploads\/2021\/12\/MDF-COLORIDO-11-1.jpg","contentUrl":"https:\/\/castelhano-ferreira.pt\/wp-content\/uploads\/2021\/12\/MDF-COLORIDO-11-1.jpg","width":734,"height":735,"caption":"White Grey WG"},{"@type":"WebPage","@id":"https:\/\/castelhano-ferreira.pt\/index.php\/mdf-colorido\/#webpage","url":"https:\/\/castelhano-ferreira.pt\/index.php\/mdf-colorido\/","name":"MDF Colorido - Castelhano e Ferreira","isPartOf":{"@id":"https:\/\/castelhano-ferreira.pt\/#website"},"primaryImageOfPage":{"@id":"https:\/\/castelhano-ferreira.pt\/index.php\/mdf-colorido\/#primaryimage"},"datePublished":"2021-09-22T10:46:39+00:00","dateModified":"2021-12-10T10:52:34+00:00","breadcrumb":{"@id":"https:\/\/castelhano-ferreira.pt\/index.php\/mdf-colorido\/#breadcrumb"},"inLanguage":"en-US","potentialAction":[{"@type":"ReadAction","target":["https:\/\/castelhano-ferreira.pt\/index.php\/mdf-colorido\/"]}]},{"@type":"BreadcrumbList","@id":"https:\/\/castelhano-ferreira.pt\/index.php\/mdf-colorido\/#breadcrumb","itemListElement":[{"@type":"ListItem","position":1,"name":"Home","item":"https:\/\/castelhano-ferreira.pt\/"},{"@type":"ListItem","position":2,"name":"MDF Colorido"}]}]}},"_links":{"self":[{"href":"https:\/\/castelhano-ferreira.pt\/index.php\/wp-json\/wp\/v2\/pages\/7413"}],"collection":[{"href":"https:\/\/castelhano-ferreira.pt\/index.php\/wp-json\/wp\/v2\/pages"}],"about":[{"href":"https:\/\/castelhano-ferreira.pt\/index.php\/wp-json\/wp\/v2\/types\/page"}],"author":[{"embeddable":true,"href":"https:\/\/castelhano-ferreira.pt\/index.php\/wp-json\/wp\/v2\/users\/3"}],"replies":[{"embeddable":true,"href":"https:\/\/castelhano-ferreira.pt\/index.php\/wp-json\/wp\/v2\/comments?post=7413"}],"version-history":[{"count":64,"href":"https:\/\/castelhano-ferreira.pt\/index.php\/wp-json\/wp\/v2\/pages\/7413\/revisions"}],"predecessor-version":[{"id":10922,"href":"https:\/\/castelhano-ferreira.pt\/index.php\/wp-json\/wp\/v2\/pages\/7413\/revisions\/10922"}],"wp:attachment":[{"href":"https:\/\/castelhano-ferreira.pt\/index.php\/wp-json\/wp\/v2\/media?parent=7413"}],"curies":[{"name":"wp","href":"https:\/\/api.w.org\/{rel}","templated":true}]}}