{"id":10097,"date":"2021-11-26T14:49:37","date_gmt":"2021-11-26T14:49:37","guid":{"rendered":"https:\/\/castelhano-ferreira.pt\/?post_type=product&#038;p=10097"},"modified":"2021-12-10T12:15:40","modified_gmt":"2021-12-10T12:15:40","slug":"cfq-18x18","status":"publish","type":"product","link":"https:\/\/castelhano-ferreira.pt\/index.php\/en\/product\/cfq-18x18\/","title":{"rendered":"CFQ 18&#215;18"},"content":{"rendered":"<p><strong>Substract |\u00a0<\/strong><span lang=\"EN-GB\">Standard or fire resistant MDF<\/span><\/p>\n<p><strong>Square (mm) <\/strong><strong>|<\/strong>\u00a018mm<\/p>\n<p><strong>Perforation (%) |<\/strong>\u00a027,91<\/p>\n<p><strong>Finishings |\u00a0<\/strong><span lang=\"EN-GB\">Melamine, natural wood veneer, lacquer or HPL<\/span><\/p>\n","protected":false},"excerpt":{"rendered":"<p><strong>Substract |\u00a0<\/strong><span lang=\"EN-GB\">Standard or fire resistant MDF<\/span><\/p>\n<p><strong>Square (mm) <\/strong><strong>|<\/strong>\u00a018mm<\/p>\n<p><strong>Perforation (%) |<\/strong>\u00a027,91<\/p>\n<p><strong>Finishings |\u00a0<\/strong><span lang=\"EN-GB\">Melamine, natural wood veneer, lacquer or HPL<\/span><\/p>\n<p><span style=\"color: #000000;\"><strong><span lang=\"EN-GB\">Explore the possible combinations of this product<\/span><\/strong><\/span><\/p>\n<p><a href=\"https:\/\/castelhano-ferreira.pt\/index.php\/en\/product\/cf0\/\"><img loading=\"lazy\" class=\"alignnone wp-image-6810\" src=\"https:\/\/www.castelhano-ferreira.pt\/wp-content\/uploads\/2019\/12\/CASTELHANO_PRETO-plus-1.svg\" alt=\"\" width=\"130\" height=\"117\" \/><\/a><\/p>\n","protected":false},"featured_media":813,"comment_status":"open","ping_status":"closed","template":"","meta":[],"yoast_head":"<!-- This site is optimized with the Yoast SEO plugin v17.3 - https:\/\/yoast.com\/wordpress\/plugins\/seo\/ -->\n<title>CFQ 18x18 - Castelhano e Ferreira<\/title>\n<meta name=\"robots\" content=\"index, follow, max-snippet:-1, max-image-preview:large, max-video-preview:-1\" \/>\n<link rel=\"canonical\" href=\"https:\/\/castelhano-ferreira.pt\/index.php\/en\/product\/cfq-18x18\/\" \/>\n<meta property=\"og:locale\" content=\"en_US\" \/>\n<meta property=\"og:type\" content=\"article\" \/>\n<meta property=\"og:title\" content=\"CFQ 18x18 - Castelhano e Ferreira\" \/>\n<meta property=\"og:description\" content=\"Substract |\u00a0Standard or fire resistant MDF  Square (mm) |\u00a018mm  Perforation (%) |\u00a027,91  Finishings |\u00a0Melamine, natural wood veneer, lacquer or HPL  Explore the possible combinations of this product\" \/>\n<meta property=\"og:url\" content=\"https:\/\/castelhano-ferreira.pt\/index.php\/en\/product\/cfq-18x18\/\" \/>\n<meta property=\"og:site_name\" content=\"Castelhano e Ferreira\" \/>\n<meta property=\"article:modified_time\" content=\"2021-12-10T12:15:40+00:00\" \/>\n<meta property=\"og:image\" content=\"https:\/\/castelhano-ferreira.pt\/wp-content\/uploads\/2019\/12\/CFQ18x18.jpg\" \/>\n\t<meta property=\"og:image:width\" content=\"1267\" \/>\n\t<meta property=\"og:image:height\" content=\"1267\" \/>\n<meta name=\"twitter:card\" content=\"summary_large_image\" \/>\n<meta name=\"twitter:label1\" content=\"Est. reading time\" \/>\n\t<meta name=\"twitter:data1\" content=\"1 minute\" \/>\n<script type=\"application\/ld+json\" class=\"yoast-schema-graph\">{\"@context\":\"https:\/\/schema.org\",\"@graph\":[{\"@type\":\"WebSite\",\"@id\":\"https:\/\/castelhano-ferreira.pt\/#website\",\"url\":\"https:\/\/castelhano-ferreira.pt\/\",\"name\":\"Castelhano e Ferreira\",\"description\":\"Solu\\u00e7\\u00f5es Globais para Espa\\u00e7os de Trabalho\",\"potentialAction\":[{\"@type\":\"SearchAction\",\"target\":{\"@type\":\"EntryPoint\",\"urlTemplate\":\"https:\/\/castelhano-ferreira.pt\/?s={search_term_string}\"},\"query-input\":\"required name=search_term_string\"}],\"inLanguage\":\"en-US\"},{\"@type\":\"ImageObject\",\"@id\":\"https:\/\/castelhano-ferreira.pt\/index.php\/en\/product\/cfq-18x18\/#primaryimage\",\"inLanguage\":\"en-US\",\"url\":\"https:\/\/castelhano-ferreira.pt\/wp-content\/uploads\/2019\/12\/CFQ18x18.jpg\",\"contentUrl\":\"https:\/\/castelhano-ferreira.pt\/wp-content\/uploads\/2019\/12\/CFQ18x18.jpg\",\"width\":1267,\"height\":1267,\"caption\":\"CFQ 18x18\"},{\"@type\":\"WebPage\",\"@id\":\"https:\/\/castelhano-ferreira.pt\/index.php\/en\/product\/cfq-18x18\/#webpage\",\"url\":\"https:\/\/castelhano-ferreira.pt\/index.php\/en\/product\/cfq-18x18\/\",\"name\":\"CFQ 18x18 - Castelhano e Ferreira\",\"isPartOf\":{\"@id\":\"https:\/\/castelhano-ferreira.pt\/#website\"},\"primaryImageOfPage\":{\"@id\":\"https:\/\/castelhano-ferreira.pt\/index.php\/en\/product\/cfq-18x18\/#primaryimage\"},\"datePublished\":\"2021-11-26T14:49:37+00:00\",\"dateModified\":\"2021-12-10T12:15:40+00:00\",\"breadcrumb\":{\"@id\":\"https:\/\/castelhano-ferreira.pt\/index.php\/en\/product\/cfq-18x18\/#breadcrumb\"},\"inLanguage\":\"en-US\",\"potentialAction\":[{\"@type\":\"ReadAction\",\"target\":[\"https:\/\/castelhano-ferreira.pt\/index.php\/en\/product\/cfq-18x18\/\"]}]},{\"@type\":\"BreadcrumbList\",\"@id\":\"https:\/\/castelhano-ferreira.pt\/index.php\/en\/product\/cfq-18x18\/#breadcrumb\",\"itemListElement\":[{\"@type\":\"ListItem\",\"position\":1,\"name\":\"Home\",\"item\":\"https:\/\/castelhano-ferreira.pt\/\"},{\"@type\":\"ListItem\",\"position\":2,\"name\":\"Loja\",\"item\":\"https:\/\/castelhano-ferreira.pt\/index.php\/loja\/\"},{\"@type\":\"ListItem\",\"position\":3,\"name\":\"CFQ 18&#215;18\"}]}]}<\/script>\n<!-- \/ Yoast SEO plugin. -->","yoast_head_json":{"title":"CFQ 18x18 - Castelhano e Ferreira","robots":{"index":"index","follow":"follow","max-snippet":"max-snippet:-1","max-image-preview":"max-image-preview:large","max-video-preview":"max-video-preview:-1"},"canonical":"https:\/\/castelhano-ferreira.pt\/index.php\/en\/product\/cfq-18x18\/","og_locale":"en_US","og_type":"article","og_title":"CFQ 18x18 - Castelhano e Ferreira","og_description":"Substract |\u00a0Standard or fire resistant MDF  Square (mm) |\u00a018mm  Perforation (%) |\u00a027,91  Finishings |\u00a0Melamine, natural wood veneer, lacquer or HPL  Explore the possible combinations of this product","og_url":"https:\/\/castelhano-ferreira.pt\/index.php\/en\/product\/cfq-18x18\/","og_site_name":"Castelhano e Ferreira","article_modified_time":"2021-12-10T12:15:40+00:00","og_image":[{"width":1267,"height":1267,"url":"https:\/\/castelhano-ferreira.pt\/wp-content\/uploads\/2019\/12\/CFQ18x18.jpg","type":"image\/jpeg"}],"twitter_card":"summary_large_image","twitter_misc":{"Est. reading time":"1 minute"},"schema":{"@context":"https:\/\/schema.org","@graph":[{"@type":"WebSite","@id":"https:\/\/castelhano-ferreira.pt\/#website","url":"https:\/\/castelhano-ferreira.pt\/","name":"Castelhano e Ferreira","description":"Solu\u00e7\u00f5es Globais para Espa\u00e7os de Trabalho","potentialAction":[{"@type":"SearchAction","target":{"@type":"EntryPoint","urlTemplate":"https:\/\/castelhano-ferreira.pt\/?s={search_term_string}"},"query-input":"required name=search_term_string"}],"inLanguage":"en-US"},{"@type":"ImageObject","@id":"https:\/\/castelhano-ferreira.pt\/index.php\/en\/product\/cfq-18x18\/#primaryimage","inLanguage":"en-US","url":"https:\/\/castelhano-ferreira.pt\/wp-content\/uploads\/2019\/12\/CFQ18x18.jpg","contentUrl":"https:\/\/castelhano-ferreira.pt\/wp-content\/uploads\/2019\/12\/CFQ18x18.jpg","width":1267,"height":1267,"caption":"CFQ 18x18"},{"@type":"WebPage","@id":"https:\/\/castelhano-ferreira.pt\/index.php\/en\/product\/cfq-18x18\/#webpage","url":"https:\/\/castelhano-ferreira.pt\/index.php\/en\/product\/cfq-18x18\/","name":"CFQ 18x18 - Castelhano e Ferreira","isPartOf":{"@id":"https:\/\/castelhano-ferreira.pt\/#website"},"primaryImageOfPage":{"@id":"https:\/\/castelhano-ferreira.pt\/index.php\/en\/product\/cfq-18x18\/#primaryimage"},"datePublished":"2021-11-26T14:49:37+00:00","dateModified":"2021-12-10T12:15:40+00:00","breadcrumb":{"@id":"https:\/\/castelhano-ferreira.pt\/index.php\/en\/product\/cfq-18x18\/#breadcrumb"},"inLanguage":"en-US","potentialAction":[{"@type":"ReadAction","target":["https:\/\/castelhano-ferreira.pt\/index.php\/en\/product\/cfq-18x18\/"]}]},{"@type":"BreadcrumbList","@id":"https:\/\/castelhano-ferreira.pt\/index.php\/en\/product\/cfq-18x18\/#breadcrumb","itemListElement":[{"@type":"ListItem","position":1,"name":"Home","item":"https:\/\/castelhano-ferreira.pt\/"},{"@type":"ListItem","position":2,"name":"Loja","item":"https:\/\/castelhano-ferreira.pt\/index.php\/loja\/"},{"@type":"ListItem","position":3,"name":"CFQ 18&#215;18"}]}]}},"_links":{"self":[{"href":"https:\/\/castelhano-ferreira.pt\/index.php\/wp-json\/wp\/v2\/product\/10097"}],"collection":[{"href":"https:\/\/castelhano-ferreira.pt\/index.php\/wp-json\/wp\/v2\/product"}],"about":[{"href":"https:\/\/castelhano-ferreira.pt\/index.php\/wp-json\/wp\/v2\/types\/product"}],"replies":[{"embeddable":true,"href":"https:\/\/castelhano-ferreira.pt\/index.php\/wp-json\/wp\/v2\/comments?post=10097"}],"wp:featuredmedia":[{"embeddable":true,"href":"https:\/\/castelhano-ferreira.pt\/index.php\/wp-json\/wp\/v2\/media\/813"}],"wp:attachment":[{"href":"https:\/\/castelhano-ferreira.pt\/index.php\/wp-json\/wp\/v2\/media?parent=10097"}],"curies":[{"name":"wp","href":"https:\/\/api.w.org\/{rel}","templated":true}]}}