{"id":10125,"date":"2021-11-26T15:46:20","date_gmt":"2021-11-26T15:46:20","guid":{"rendered":"https:\/\/castelhano-ferreira.pt\/?post_type=product&#038;p=10125"},"modified":"2021-11-26T15:46:20","modified_gmt":"2021-11-26T15:46:20","slug":"vime-ac-3","status":"publish","type":"product","link":"https:\/\/castelhano-ferreira.pt\/index.php\/en\/product\/vime-ac-3\/","title":{"rendered":"Vime AC"},"content":{"rendered":"<p><strong>Substrato |<\/strong> <span lang=\"EN-GB\">Standard or fire resistant Valchromat<\/span><\/p>\n<p><strong>Front Slot (mm) |<\/strong>\u00a03<\/p>\n<p><strong>Back Hole (\u00f8 mm) |<\/strong>\u00a040&#215;8<\/p>\n<p><strong><b>Perforation (%)<\/b> |<\/strong>\u00a04.4<\/p>\n<p><strong>Finishings |\u00a0<\/strong><span lang=\"PT\">Lacquered<\/span>, v<span lang=\"PT\">arnished<\/span><\/p>\n","protected":false},"excerpt":{"rendered":"<p><strong>Substrato |<\/strong> <span lang=\"EN-GB\">Standard or fire resistant Valchromat<\/span><\/p>\n<p><strong>Front Slot (mm) |<\/strong>\u00a03<\/p>\n<p><strong>Back Hole (\u00f8 mm) |<\/strong>\u00a040&#215;8<\/p>\n<p><strong><b>Perforation (%)<\/b> |<\/strong>\u00a04.4<\/p>\n<p><strong>Finishings |\u00a0<\/strong><span lang=\"PT\">Lacquered<\/span>, v<span lang=\"PT\">arnished<\/span><\/p>\n","protected":false},"featured_media":794,"comment_status":"open","ping_status":"closed","template":"","meta":[],"yoast_head":"<!-- This site is optimized with the Yoast SEO plugin v17.3 - https:\/\/yoast.com\/wordpress\/plugins\/seo\/ -->\n<title>Vime AC - Castelhano e Ferreira<\/title>\n<meta name=\"robots\" content=\"index, follow, max-snippet:-1, max-image-preview:large, max-video-preview:-1\" \/>\n<link rel=\"canonical\" href=\"https:\/\/castelhano-ferreira.pt\/index.php\/en\/product\/vime-ac-3\/\" \/>\n<meta property=\"og:locale\" content=\"en_US\" \/>\n<meta property=\"og:type\" content=\"article\" \/>\n<meta property=\"og:title\" content=\"Vime AC - Castelhano e Ferreira\" \/>\n<meta property=\"og:description\" content=\"Substrato | Standard or fire resistant Valchromat  Front Slot (mm) |\u00a03  Back Hole (\u00f8 mm) |\u00a040x8  Perforation (%) |\u00a04.4  Finishings |\u00a0Lacquered, varnished\" \/>\n<meta property=\"og:url\" content=\"https:\/\/castelhano-ferreira.pt\/index.php\/en\/product\/vime-ac-3\/\" \/>\n<meta property=\"og:site_name\" content=\"Castelhano e Ferreira\" \/>\n<meta property=\"og:image\" content=\"https:\/\/castelhano-ferreira.pt\/wp-content\/uploads\/2019\/12\/MG_3926.jpg\" \/>\n\t<meta property=\"og:image:width\" content=\"2489\" \/>\n\t<meta property=\"og:image:height\" content=\"2489\" \/>\n<meta name=\"twitter:card\" content=\"summary_large_image\" \/>\n<meta name=\"twitter:label1\" content=\"Est. reading time\" \/>\n\t<meta name=\"twitter:data1\" content=\"1 minute\" \/>\n<script type=\"application\/ld+json\" class=\"yoast-schema-graph\">{\"@context\":\"https:\/\/schema.org\",\"@graph\":[{\"@type\":\"WebSite\",\"@id\":\"https:\/\/castelhano-ferreira.pt\/#website\",\"url\":\"https:\/\/castelhano-ferreira.pt\/\",\"name\":\"Castelhano e Ferreira\",\"description\":\"Solu\\u00e7\\u00f5es Globais para Espa\\u00e7os de Trabalho\",\"potentialAction\":[{\"@type\":\"SearchAction\",\"target\":{\"@type\":\"EntryPoint\",\"urlTemplate\":\"https:\/\/castelhano-ferreira.pt\/?s={search_term_string}\"},\"query-input\":\"required name=search_term_string\"}],\"inLanguage\":\"en-US\"},{\"@type\":\"ImageObject\",\"@id\":\"https:\/\/castelhano-ferreira.pt\/index.php\/en\/product\/vime-ac-3\/#primaryimage\",\"inLanguage\":\"en-US\",\"url\":\"https:\/\/castelhano-ferreira.pt\/wp-content\/uploads\/2019\/12\/MG_3926.jpg\",\"contentUrl\":\"https:\/\/castelhano-ferreira.pt\/wp-content\/uploads\/2019\/12\/MG_3926.jpg\",\"width\":2489,\"height\":2489,\"caption\":\"Vime AC\"},{\"@type\":\"WebPage\",\"@id\":\"https:\/\/castelhano-ferreira.pt\/index.php\/en\/product\/vime-ac-3\/#webpage\",\"url\":\"https:\/\/castelhano-ferreira.pt\/index.php\/en\/product\/vime-ac-3\/\",\"name\":\"Vime AC - Castelhano e Ferreira\",\"isPartOf\":{\"@id\":\"https:\/\/castelhano-ferreira.pt\/#website\"},\"primaryImageOfPage\":{\"@id\":\"https:\/\/castelhano-ferreira.pt\/index.php\/en\/product\/vime-ac-3\/#primaryimage\"},\"datePublished\":\"2021-11-26T15:46:20+00:00\",\"dateModified\":\"2021-11-26T15:46:20+00:00\",\"breadcrumb\":{\"@id\":\"https:\/\/castelhano-ferreira.pt\/index.php\/en\/product\/vime-ac-3\/#breadcrumb\"},\"inLanguage\":\"en-US\",\"potentialAction\":[{\"@type\":\"ReadAction\",\"target\":[\"https:\/\/castelhano-ferreira.pt\/index.php\/en\/product\/vime-ac-3\/\"]}]},{\"@type\":\"BreadcrumbList\",\"@id\":\"https:\/\/castelhano-ferreira.pt\/index.php\/en\/product\/vime-ac-3\/#breadcrumb\",\"itemListElement\":[{\"@type\":\"ListItem\",\"position\":1,\"name\":\"Home\",\"item\":\"https:\/\/castelhano-ferreira.pt\/\"},{\"@type\":\"ListItem\",\"position\":2,\"name\":\"Loja\",\"item\":\"https:\/\/castelhano-ferreira.pt\/index.php\/loja\/\"},{\"@type\":\"ListItem\",\"position\":3,\"name\":\"Vime AC\"}]}]}<\/script>\n<!-- \/ Yoast SEO plugin. -->","yoast_head_json":{"title":"Vime AC - Castelhano e Ferreira","robots":{"index":"index","follow":"follow","max-snippet":"max-snippet:-1","max-image-preview":"max-image-preview:large","max-video-preview":"max-video-preview:-1"},"canonical":"https:\/\/castelhano-ferreira.pt\/index.php\/en\/product\/vime-ac-3\/","og_locale":"en_US","og_type":"article","og_title":"Vime AC - Castelhano e Ferreira","og_description":"Substrato | Standard or fire resistant Valchromat  Front Slot (mm) |\u00a03  Back Hole (\u00f8 mm) |\u00a040x8  Perforation (%) |\u00a04.4  Finishings |\u00a0Lacquered, varnished","og_url":"https:\/\/castelhano-ferreira.pt\/index.php\/en\/product\/vime-ac-3\/","og_site_name":"Castelhano e Ferreira","og_image":[{"width":2489,"height":2489,"url":"https:\/\/castelhano-ferreira.pt\/wp-content\/uploads\/2019\/12\/MG_3926.jpg","type":"image\/jpeg"}],"twitter_card":"summary_large_image","twitter_misc":{"Est. reading time":"1 minute"},"schema":{"@context":"https:\/\/schema.org","@graph":[{"@type":"WebSite","@id":"https:\/\/castelhano-ferreira.pt\/#website","url":"https:\/\/castelhano-ferreira.pt\/","name":"Castelhano e Ferreira","description":"Solu\u00e7\u00f5es Globais para Espa\u00e7os de Trabalho","potentialAction":[{"@type":"SearchAction","target":{"@type":"EntryPoint","urlTemplate":"https:\/\/castelhano-ferreira.pt\/?s={search_term_string}"},"query-input":"required name=search_term_string"}],"inLanguage":"en-US"},{"@type":"ImageObject","@id":"https:\/\/castelhano-ferreira.pt\/index.php\/en\/product\/vime-ac-3\/#primaryimage","inLanguage":"en-US","url":"https:\/\/castelhano-ferreira.pt\/wp-content\/uploads\/2019\/12\/MG_3926.jpg","contentUrl":"https:\/\/castelhano-ferreira.pt\/wp-content\/uploads\/2019\/12\/MG_3926.jpg","width":2489,"height":2489,"caption":"Vime AC"},{"@type":"WebPage","@id":"https:\/\/castelhano-ferreira.pt\/index.php\/en\/product\/vime-ac-3\/#webpage","url":"https:\/\/castelhano-ferreira.pt\/index.php\/en\/product\/vime-ac-3\/","name":"Vime AC - Castelhano e Ferreira","isPartOf":{"@id":"https:\/\/castelhano-ferreira.pt\/#website"},"primaryImageOfPage":{"@id":"https:\/\/castelhano-ferreira.pt\/index.php\/en\/product\/vime-ac-3\/#primaryimage"},"datePublished":"2021-11-26T15:46:20+00:00","dateModified":"2021-11-26T15:46:20+00:00","breadcrumb":{"@id":"https:\/\/castelhano-ferreira.pt\/index.php\/en\/product\/vime-ac-3\/#breadcrumb"},"inLanguage":"en-US","potentialAction":[{"@type":"ReadAction","target":["https:\/\/castelhano-ferreira.pt\/index.php\/en\/product\/vime-ac-3\/"]}]},{"@type":"BreadcrumbList","@id":"https:\/\/castelhano-ferreira.pt\/index.php\/en\/product\/vime-ac-3\/#breadcrumb","itemListElement":[{"@type":"ListItem","position":1,"name":"Home","item":"https:\/\/castelhano-ferreira.pt\/"},{"@type":"ListItem","position":2,"name":"Loja","item":"https:\/\/castelhano-ferreira.pt\/index.php\/loja\/"},{"@type":"ListItem","position":3,"name":"Vime AC"}]}]}},"_links":{"self":[{"href":"https:\/\/castelhano-ferreira.pt\/index.php\/wp-json\/wp\/v2\/product\/10125"}],"collection":[{"href":"https:\/\/castelhano-ferreira.pt\/index.php\/wp-json\/wp\/v2\/product"}],"about":[{"href":"https:\/\/castelhano-ferreira.pt\/index.php\/wp-json\/wp\/v2\/types\/product"}],"replies":[{"embeddable":true,"href":"https:\/\/castelhano-ferreira.pt\/index.php\/wp-json\/wp\/v2\/comments?post=10125"}],"wp:featuredmedia":[{"embeddable":true,"href":"https:\/\/castelhano-ferreira.pt\/index.php\/wp-json\/wp\/v2\/media\/794"}],"wp:attachment":[{"href":"https:\/\/castelhano-ferreira.pt\/index.php\/wp-json\/wp\/v2\/media?parent=10125"}],"curies":[{"name":"wp","href":"https:\/\/api.w.org\/{rel}","templated":true}]}}