{"id":1270,"date":"2019-12-12T17:05:00","date_gmt":"2019-12-12T17:05:00","guid":{"rendered":"https:\/\/developer.blink-eye.com\/castelhano\/?post_type=product&#038;p=1270"},"modified":"2019-12-12T17:09:25","modified_gmt":"2019-12-12T17:09:25","slug":"clipwork-partitions","status":"publish","type":"product","link":"https:\/\/castelhano-ferreira.pt\/index.php\/product\/clipwork-partitions\/","title":{"rendered":"Clipwork  &#8211; Partitions"},"content":{"rendered":"<p><strong>Coverings <\/strong>| Glass, Agglomerate<\/p>\n<p><strong>Finishing of opaque models<\/strong>| Melamine, Natural wood sheet (varnished), lacquered, textiles,\u00a0Acoustic Panels XXI or CF Texture<\/p>\n<p><b>Partitions Thickness<\/b>|\u00a0102mm<\/p>\n<p><strong>Doors |<\/strong>Swing or Sliding doors<\/p>\n<p><strong>Description |\u00a0<\/strong><\/p>\n<p>Clipwork \u2013 a versatile system that can be quickly installed on site, with acoustic insulation of up to 52dB.<\/p>\n","protected":false},"excerpt":{"rendered":"<p>Coverings | Glass, Agglomerate Finishing of opaque models| Melamine, Natural wood sheet (varnished), lacquered, textiles,\u00a0Acoustic Panels XXI or CF Texture Partitions Thickness|\u00a0102mm Doors |Swing or Sliding doors Description |\u00a0 Clipwork \u2013 a versatile system that can be quickly installed on site, with acoustic insulation of up to 52dB.<\/p>\n","protected":false},"featured_media":1102,"comment_status":"open","ping_status":"closed","template":"","meta":[],"yoast_head":"<!-- This site is optimized with the Yoast SEO plugin v17.3 - https:\/\/yoast.com\/wordpress\/plugins\/seo\/ -->\n<title>Clipwork - Partitions - Castelhano e Ferreira<\/title>\n<meta name=\"robots\" content=\"index, follow, max-snippet:-1, max-image-preview:large, max-video-preview:-1\" \/>\n<link rel=\"canonical\" href=\"https:\/\/castelhano-ferreira.pt\/index.php\/product\/clipwork-partitions\/\" \/>\n<meta property=\"og:locale\" content=\"en_US\" \/>\n<meta property=\"og:type\" content=\"article\" \/>\n<meta property=\"og:title\" content=\"Clipwork - Partitions - Castelhano e Ferreira\" \/>\n<meta property=\"og:description\" content=\"Coverings | Glass, Agglomerate Finishing of opaque models| Melamine, Natural wood sheet (varnished), lacquered, textiles,\u00a0Acoustic Panels XXI or CF Texture Partitions Thickness|\u00a0102mm Doors |Swing or Sliding doors Description |\u00a0 Clipwork \u2013 a versatile system that can be quickly installed on site, with acoustic insulation of up to 52dB.\" \/>\n<meta property=\"og:url\" content=\"https:\/\/castelhano-ferreira.pt\/index.php\/product\/clipwork-partitions\/\" \/>\n<meta property=\"og:site_name\" content=\"Castelhano e Ferreira\" \/>\n<meta property=\"article:modified_time\" content=\"2019-12-12T17:09:25+00:00\" \/>\n<meta property=\"og:image\" content=\"https:\/\/castelhano-ferreira.pt\/wp-content\/uploads\/2019\/12\/ClipWork-cam04_-copy-scaled.jpg\" \/>\n\t<meta property=\"og:image:width\" content=\"2560\" \/>\n\t<meta property=\"og:image:height\" content=\"1670\" \/>\n<meta name=\"twitter:card\" content=\"summary_large_image\" \/>\n<script type=\"application\/ld+json\" class=\"yoast-schema-graph\">{\"@context\":\"https:\/\/schema.org\",\"@graph\":[{\"@type\":\"WebSite\",\"@id\":\"https:\/\/castelhano-ferreira.pt\/#website\",\"url\":\"https:\/\/castelhano-ferreira.pt\/\",\"name\":\"Castelhano e Ferreira\",\"description\":\"Solu\\u00e7\\u00f5es Globais para Espa\\u00e7os de Trabalho\",\"potentialAction\":[{\"@type\":\"SearchAction\",\"target\":{\"@type\":\"EntryPoint\",\"urlTemplate\":\"https:\/\/castelhano-ferreira.pt\/?s={search_term_string}\"},\"query-input\":\"required name=search_term_string\"}],\"inLanguage\":\"en-US\"},{\"@type\":\"ImageObject\",\"@id\":\"https:\/\/castelhano-ferreira.pt\/index.php\/product\/clipwork-partitions\/#primaryimage\",\"inLanguage\":\"en-US\",\"url\":\"https:\/\/castelhano-ferreira.pt\/wp-content\/uploads\/2019\/12\/ClipWork-cam04_-copy-scaled.jpg\",\"contentUrl\":\"https:\/\/castelhano-ferreira.pt\/wp-content\/uploads\/2019\/12\/ClipWork-cam04_-copy-scaled.jpg\",\"width\":2560,\"height\":1670},{\"@type\":\"WebPage\",\"@id\":\"https:\/\/castelhano-ferreira.pt\/index.php\/product\/clipwork-partitions\/#webpage\",\"url\":\"https:\/\/castelhano-ferreira.pt\/index.php\/product\/clipwork-partitions\/\",\"name\":\"Clipwork - Partitions - Castelhano e Ferreira\",\"isPartOf\":{\"@id\":\"https:\/\/castelhano-ferreira.pt\/#website\"},\"primaryImageOfPage\":{\"@id\":\"https:\/\/castelhano-ferreira.pt\/index.php\/product\/clipwork-partitions\/#primaryimage\"},\"datePublished\":\"2019-12-12T17:05:00+00:00\",\"dateModified\":\"2019-12-12T17:09:25+00:00\",\"breadcrumb\":{\"@id\":\"https:\/\/castelhano-ferreira.pt\/index.php\/product\/clipwork-partitions\/#breadcrumb\"},\"inLanguage\":\"en-US\",\"potentialAction\":[{\"@type\":\"ReadAction\",\"target\":[\"https:\/\/castelhano-ferreira.pt\/index.php\/product\/clipwork-partitions\/\"]}]},{\"@type\":\"BreadcrumbList\",\"@id\":\"https:\/\/castelhano-ferreira.pt\/index.php\/product\/clipwork-partitions\/#breadcrumb\",\"itemListElement\":[{\"@type\":\"ListItem\",\"position\":1,\"name\":\"Home\",\"item\":\"https:\/\/castelhano-ferreira.pt\/\"},{\"@type\":\"ListItem\",\"position\":2,\"name\":\"Loja\",\"item\":\"https:\/\/castelhano-ferreira.pt\/index.php\/loja\/\"},{\"@type\":\"ListItem\",\"position\":3,\"name\":\"Clipwork &#8211; Partitions\"}]}]}<\/script>\n<!-- \/ Yoast SEO plugin. -->","yoast_head_json":{"title":"Clipwork - Partitions - Castelhano e Ferreira","robots":{"index":"index","follow":"follow","max-snippet":"max-snippet:-1","max-image-preview":"max-image-preview:large","max-video-preview":"max-video-preview:-1"},"canonical":"https:\/\/castelhano-ferreira.pt\/index.php\/product\/clipwork-partitions\/","og_locale":"en_US","og_type":"article","og_title":"Clipwork - Partitions - Castelhano e Ferreira","og_description":"Coverings | Glass, Agglomerate Finishing of opaque models| Melamine, Natural wood sheet (varnished), lacquered, textiles,\u00a0Acoustic Panels XXI or CF Texture Partitions Thickness|\u00a0102mm Doors |Swing or Sliding doors Description |\u00a0 Clipwork \u2013 a versatile system that can be quickly installed on site, with acoustic insulation of up to 52dB.","og_url":"https:\/\/castelhano-ferreira.pt\/index.php\/product\/clipwork-partitions\/","og_site_name":"Castelhano e Ferreira","article_modified_time":"2019-12-12T17:09:25+00:00","og_image":[{"width":2560,"height":1670,"url":"https:\/\/castelhano-ferreira.pt\/wp-content\/uploads\/2019\/12\/ClipWork-cam04_-copy-scaled.jpg","type":"image\/jpeg"}],"twitter_card":"summary_large_image","schema":{"@context":"https:\/\/schema.org","@graph":[{"@type":"WebSite","@id":"https:\/\/castelhano-ferreira.pt\/#website","url":"https:\/\/castelhano-ferreira.pt\/","name":"Castelhano e Ferreira","description":"Solu\u00e7\u00f5es Globais para Espa\u00e7os de Trabalho","potentialAction":[{"@type":"SearchAction","target":{"@type":"EntryPoint","urlTemplate":"https:\/\/castelhano-ferreira.pt\/?s={search_term_string}"},"query-input":"required name=search_term_string"}],"inLanguage":"en-US"},{"@type":"ImageObject","@id":"https:\/\/castelhano-ferreira.pt\/index.php\/product\/clipwork-partitions\/#primaryimage","inLanguage":"en-US","url":"https:\/\/castelhano-ferreira.pt\/wp-content\/uploads\/2019\/12\/ClipWork-cam04_-copy-scaled.jpg","contentUrl":"https:\/\/castelhano-ferreira.pt\/wp-content\/uploads\/2019\/12\/ClipWork-cam04_-copy-scaled.jpg","width":2560,"height":1670},{"@type":"WebPage","@id":"https:\/\/castelhano-ferreira.pt\/index.php\/product\/clipwork-partitions\/#webpage","url":"https:\/\/castelhano-ferreira.pt\/index.php\/product\/clipwork-partitions\/","name":"Clipwork - Partitions - Castelhano e Ferreira","isPartOf":{"@id":"https:\/\/castelhano-ferreira.pt\/#website"},"primaryImageOfPage":{"@id":"https:\/\/castelhano-ferreira.pt\/index.php\/product\/clipwork-partitions\/#primaryimage"},"datePublished":"2019-12-12T17:05:00+00:00","dateModified":"2019-12-12T17:09:25+00:00","breadcrumb":{"@id":"https:\/\/castelhano-ferreira.pt\/index.php\/product\/clipwork-partitions\/#breadcrumb"},"inLanguage":"en-US","potentialAction":[{"@type":"ReadAction","target":["https:\/\/castelhano-ferreira.pt\/index.php\/product\/clipwork-partitions\/"]}]},{"@type":"BreadcrumbList","@id":"https:\/\/castelhano-ferreira.pt\/index.php\/product\/clipwork-partitions\/#breadcrumb","itemListElement":[{"@type":"ListItem","position":1,"name":"Home","item":"https:\/\/castelhano-ferreira.pt\/"},{"@type":"ListItem","position":2,"name":"Loja","item":"https:\/\/castelhano-ferreira.pt\/index.php\/loja\/"},{"@type":"ListItem","position":3,"name":"Clipwork &#8211; Partitions"}]}]}},"_links":{"self":[{"href":"https:\/\/castelhano-ferreira.pt\/index.php\/wp-json\/wp\/v2\/product\/1270"}],"collection":[{"href":"https:\/\/castelhano-ferreira.pt\/index.php\/wp-json\/wp\/v2\/product"}],"about":[{"href":"https:\/\/castelhano-ferreira.pt\/index.php\/wp-json\/wp\/v2\/types\/product"}],"replies":[{"embeddable":true,"href":"https:\/\/castelhano-ferreira.pt\/index.php\/wp-json\/wp\/v2\/comments?post=1270"}],"wp:featuredmedia":[{"embeddable":true,"href":"https:\/\/castelhano-ferreira.pt\/index.php\/wp-json\/wp\/v2\/media\/1102"}],"wp:attachment":[{"href":"https:\/\/castelhano-ferreira.pt\/index.php\/wp-json\/wp\/v2\/media?parent=1270"}],"curies":[{"name":"wp","href":"https:\/\/api.w.org\/{rel}","templated":true}]}}