{"id":2019,"date":"2020-02-13T16:54:27","date_gmt":"2020-02-13T16:54:27","guid":{"rendered":"https:\/\/developer.blink-eye.com\/castelhano\/?post_type=product&#038;p=2019"},"modified":"2021-09-22T17:27:13","modified_gmt":"2021-09-22T17:27:13","slug":"cf-mls-a","status":"publish","type":"product","link":"https:\/\/castelhano-ferreira.pt\/index.php\/product\/cf-mls-a\/","title":{"rendered":"CF MLS-A"},"content":{"rendered":"<p><strong>Descri\u00e7\u00e3o |<\/strong> Placa de espuma aplicada em MDF com 3mm de espessura ranhurado<\/p>\n<p><strong>Dimens\u00f5es (mm) |<\/strong> 600x600x53mm<\/p>\n","protected":false},"excerpt":{"rendered":"<p><strong>Descri\u00e7\u00e3o |<\/strong> Placa de espuma aplicada em MDF com 3mm de espessura ranhurado<\/p>\n<p><strong>Dimens\u00f5es (mm) |<\/strong> 600x600x53mm<\/p>\n<p><strong>Veja as combina\u00e7\u00f5es poss\u00edveis para este produto<\/strong><\/p>\n<p><a href=\"https:\/\/www.castelhano-ferreira.pt\/index.php\/produtos-relacionados-20\/\"><img loading=\"lazy\" class=\"alignnone wp-image-6810\" src=\"https:\/\/www.castelhano-ferreira.pt\/wp-content\/uploads\/2019\/12\/CASTELHANO_PRETO-plus-1.svg\" alt=\"\" width=\"130\" height=\"117\" \/><\/a><\/p>\n","protected":false},"featured_media":2020,"comment_status":"open","ping_status":"closed","template":"","meta":[],"yoast_head":"<!-- This site is optimized with the Yoast SEO plugin v17.3 - https:\/\/yoast.com\/wordpress\/plugins\/seo\/ -->\n<title>CF MLS-A - Castelhano e Ferreira<\/title>\n<meta name=\"robots\" content=\"index, follow, max-snippet:-1, max-image-preview:large, max-video-preview:-1\" \/>\n<link rel=\"canonical\" href=\"https:\/\/castelhano-ferreira.pt\/index.php\/product\/cf-mls-a\/\" \/>\n<meta property=\"og:locale\" content=\"en_US\" \/>\n<meta property=\"og:type\" content=\"article\" \/>\n<meta property=\"og:title\" content=\"CF MLS-A - Castelhano e Ferreira\" \/>\n<meta property=\"og:description\" content=\"Descri\u00e7\u00e3o | Placa de espuma aplicada em MDF com 3mm de espessura ranhurado  Dimens\u00f5es (mm) | 600x600x53mm  Veja as combina\u00e7\u00f5es poss\u00edveis para este produto\" \/>\n<meta property=\"og:url\" content=\"https:\/\/castelhano-ferreira.pt\/index.php\/product\/cf-mls-a\/\" \/>\n<meta property=\"og:site_name\" content=\"Castelhano e Ferreira\" \/>\n<meta property=\"article:modified_time\" content=\"2021-09-22T17:27:13+00:00\" \/>\n<meta property=\"og:image\" content=\"https:\/\/castelhano-ferreira.pt\/wp-content\/uploads\/2020\/02\/CASTELHANO-E-FERREIRA_0196-scaled.jpg\" \/>\n\t<meta property=\"og:image:width\" content=\"2560\" \/>\n\t<meta property=\"og:image:height\" content=\"2560\" \/>\n<meta name=\"twitter:card\" content=\"summary_large_image\" \/>\n<script type=\"application\/ld+json\" class=\"yoast-schema-graph\">{\"@context\":\"https:\/\/schema.org\",\"@graph\":[{\"@type\":\"WebSite\",\"@id\":\"https:\/\/castelhano-ferreira.pt\/#website\",\"url\":\"https:\/\/castelhano-ferreira.pt\/\",\"name\":\"Castelhano e Ferreira\",\"description\":\"Solu\\u00e7\\u00f5es Globais para Espa\\u00e7os de Trabalho\",\"potentialAction\":[{\"@type\":\"SearchAction\",\"target\":{\"@type\":\"EntryPoint\",\"urlTemplate\":\"https:\/\/castelhano-ferreira.pt\/?s={search_term_string}\"},\"query-input\":\"required name=search_term_string\"}],\"inLanguage\":\"en-US\"},{\"@type\":\"ImageObject\",\"@id\":\"https:\/\/castelhano-ferreira.pt\/index.php\/product\/cf-mls-a\/#primaryimage\",\"inLanguage\":\"en-US\",\"url\":\"https:\/\/castelhano-ferreira.pt\/wp-content\/uploads\/2020\/02\/CASTELHANO-E-FERREIRA_0196-scaled.jpg\",\"contentUrl\":\"https:\/\/castelhano-ferreira.pt\/wp-content\/uploads\/2020\/02\/CASTELHANO-E-FERREIRA_0196-scaled.jpg\",\"width\":2560,\"height\":2560},{\"@type\":\"WebPage\",\"@id\":\"https:\/\/castelhano-ferreira.pt\/index.php\/product\/cf-mls-a\/#webpage\",\"url\":\"https:\/\/castelhano-ferreira.pt\/index.php\/product\/cf-mls-a\/\",\"name\":\"CF MLS-A - Castelhano e Ferreira\",\"isPartOf\":{\"@id\":\"https:\/\/castelhano-ferreira.pt\/#website\"},\"primaryImageOfPage\":{\"@id\":\"https:\/\/castelhano-ferreira.pt\/index.php\/product\/cf-mls-a\/#primaryimage\"},\"datePublished\":\"2020-02-13T16:54:27+00:00\",\"dateModified\":\"2021-09-22T17:27:13+00:00\",\"breadcrumb\":{\"@id\":\"https:\/\/castelhano-ferreira.pt\/index.php\/product\/cf-mls-a\/#breadcrumb\"},\"inLanguage\":\"en-US\",\"potentialAction\":[{\"@type\":\"ReadAction\",\"target\":[\"https:\/\/castelhano-ferreira.pt\/index.php\/product\/cf-mls-a\/\"]}]},{\"@type\":\"BreadcrumbList\",\"@id\":\"https:\/\/castelhano-ferreira.pt\/index.php\/product\/cf-mls-a\/#breadcrumb\",\"itemListElement\":[{\"@type\":\"ListItem\",\"position\":1,\"name\":\"Home\",\"item\":\"https:\/\/castelhano-ferreira.pt\/\"},{\"@type\":\"ListItem\",\"position\":2,\"name\":\"Loja\",\"item\":\"https:\/\/castelhano-ferreira.pt\/index.php\/loja\/\"},{\"@type\":\"ListItem\",\"position\":3,\"name\":\"CF MLS-A\"}]}]}<\/script>\n<!-- \/ Yoast SEO plugin. -->","yoast_head_json":{"title":"CF MLS-A - Castelhano e Ferreira","robots":{"index":"index","follow":"follow","max-snippet":"max-snippet:-1","max-image-preview":"max-image-preview:large","max-video-preview":"max-video-preview:-1"},"canonical":"https:\/\/castelhano-ferreira.pt\/index.php\/product\/cf-mls-a\/","og_locale":"en_US","og_type":"article","og_title":"CF MLS-A - Castelhano e Ferreira","og_description":"Descri\u00e7\u00e3o | Placa de espuma aplicada em MDF com 3mm de espessura ranhurado  Dimens\u00f5es (mm) | 600x600x53mm  Veja as combina\u00e7\u00f5es poss\u00edveis para este produto","og_url":"https:\/\/castelhano-ferreira.pt\/index.php\/product\/cf-mls-a\/","og_site_name":"Castelhano e Ferreira","article_modified_time":"2021-09-22T17:27:13+00:00","og_image":[{"width":2560,"height":2560,"url":"https:\/\/castelhano-ferreira.pt\/wp-content\/uploads\/2020\/02\/CASTELHANO-E-FERREIRA_0196-scaled.jpg","type":"image\/jpeg"}],"twitter_card":"summary_large_image","schema":{"@context":"https:\/\/schema.org","@graph":[{"@type":"WebSite","@id":"https:\/\/castelhano-ferreira.pt\/#website","url":"https:\/\/castelhano-ferreira.pt\/","name":"Castelhano e Ferreira","description":"Solu\u00e7\u00f5es Globais para Espa\u00e7os de Trabalho","potentialAction":[{"@type":"SearchAction","target":{"@type":"EntryPoint","urlTemplate":"https:\/\/castelhano-ferreira.pt\/?s={search_term_string}"},"query-input":"required name=search_term_string"}],"inLanguage":"en-US"},{"@type":"ImageObject","@id":"https:\/\/castelhano-ferreira.pt\/index.php\/product\/cf-mls-a\/#primaryimage","inLanguage":"en-US","url":"https:\/\/castelhano-ferreira.pt\/wp-content\/uploads\/2020\/02\/CASTELHANO-E-FERREIRA_0196-scaled.jpg","contentUrl":"https:\/\/castelhano-ferreira.pt\/wp-content\/uploads\/2020\/02\/CASTELHANO-E-FERREIRA_0196-scaled.jpg","width":2560,"height":2560},{"@type":"WebPage","@id":"https:\/\/castelhano-ferreira.pt\/index.php\/product\/cf-mls-a\/#webpage","url":"https:\/\/castelhano-ferreira.pt\/index.php\/product\/cf-mls-a\/","name":"CF MLS-A - Castelhano e Ferreira","isPartOf":{"@id":"https:\/\/castelhano-ferreira.pt\/#website"},"primaryImageOfPage":{"@id":"https:\/\/castelhano-ferreira.pt\/index.php\/product\/cf-mls-a\/#primaryimage"},"datePublished":"2020-02-13T16:54:27+00:00","dateModified":"2021-09-22T17:27:13+00:00","breadcrumb":{"@id":"https:\/\/castelhano-ferreira.pt\/index.php\/product\/cf-mls-a\/#breadcrumb"},"inLanguage":"en-US","potentialAction":[{"@type":"ReadAction","target":["https:\/\/castelhano-ferreira.pt\/index.php\/product\/cf-mls-a\/"]}]},{"@type":"BreadcrumbList","@id":"https:\/\/castelhano-ferreira.pt\/index.php\/product\/cf-mls-a\/#breadcrumb","itemListElement":[{"@type":"ListItem","position":1,"name":"Home","item":"https:\/\/castelhano-ferreira.pt\/"},{"@type":"ListItem","position":2,"name":"Loja","item":"https:\/\/castelhano-ferreira.pt\/index.php\/loja\/"},{"@type":"ListItem","position":3,"name":"CF MLS-A"}]}]}},"_links":{"self":[{"href":"https:\/\/castelhano-ferreira.pt\/index.php\/wp-json\/wp\/v2\/product\/2019"}],"collection":[{"href":"https:\/\/castelhano-ferreira.pt\/index.php\/wp-json\/wp\/v2\/product"}],"about":[{"href":"https:\/\/castelhano-ferreira.pt\/index.php\/wp-json\/wp\/v2\/types\/product"}],"replies":[{"embeddable":true,"href":"https:\/\/castelhano-ferreira.pt\/index.php\/wp-json\/wp\/v2\/comments?post=2019"}],"wp:featuredmedia":[{"embeddable":true,"href":"https:\/\/castelhano-ferreira.pt\/index.php\/wp-json\/wp\/v2\/media\/2020"}],"wp:attachment":[{"href":"https:\/\/castelhano-ferreira.pt\/index.php\/wp-json\/wp\/v2\/media?parent=2019"}],"curies":[{"name":"wp","href":"https:\/\/api.w.org\/{rel}","templated":true}]}}